{"id":1000,"date":"2016-08-31T12:15:39","date_gmt":"2016-08-31T11:15:39","guid":{"rendered":"http:\/\/pressetaux.fr\/bethune\/?page_id=1000"},"modified":"2018-04-27T13:42:51","modified_gmt":"2018-04-27T12:42:51","slug":"candidature-pressetaux","status":"publish","type":"page","link":"https:\/\/pressetaux.fr\/bethune\/candidature-pressetaux\/","title":{"rendered":"Candidature PresseTaux"},"content":{"rendered":"<p>[vc_row][vc_column offset=\u00a0\u00bbvc_hidden-sm vc_hidden-xs\u00a0\u00bb][vc_single_image image=\u00a0\u00bb1193&Prime; img_size=\u00a0\u00bbfull\u00a0\u00bb alignment=\u00a0\u00bbcenter\u00a0\u00bb][\/vc_column][\/vc_row][vc_row][vc_column offset=\u00a0\u00bbvc_hidden-lg vc_hidden-md\u00a0\u00bb][vc_column_text]Le Groupe <strong>PresseTaux<\/strong> recherche r\u00e9guli\u00e8rement de nouveaux collaborateurs pour ces agences.<br \/>\nPour nous <strong>contacter<\/strong>, il suffit de compl\u00e9ter ce formulaire et de joindre un CV et une lettre de motivation.[\/vc_column_text][\/vc_column][\/vc_row][vc_row][vc_column width=\u00a0\u00bb1\/2&Prime;][vc_column_text]Le r\u00e9seau <strong>PresseTaux<\/strong> compte en 2017 plus de 40 collaborateurs, notre r\u00e9seau s\u2019\u00e9toffe chaque ann\u00e9e et est principalement constitu\u00e9 de franchis\u00e9s qui se d\u00e9veloppent sur leur secteur respectif. R\u00e9guli\u00e8rement et en fonction de leur volont\u00e9, certains de nos franchis\u00e9s sont amen\u00e9s \u00e0 rechercher des collaborateurs salari\u00e9s ou mandataires.<br \/>\nMerci de v\u00e9rifier que le r\u00e9seau PresseTaux est pr\u00e9sent sur votre d\u00e9partement avant tout envoi de candidature, vous pouvez v\u00e9rifier ici (<a href=\"https:\/\/pressetaux.fr\/les-courtiers-pressetaux\/\">Retrouvez-ici toutes nos agences locales.<\/a>), la pr\u00e9sence d\u2019une agence sur votre zone.[\/vc_column_text][\/vc_column][vc_column width=\u00a0\u00bb1\/2&Prime;][vc_column_text]PresseTaux canalise et traite l\u2019int\u00e9gralit\u00e9 des demandes, nous les transmettons \u00e0 nos franchis\u00e9s en r\u00e9gion, pour qu\u2019ils puissent rencontrer directement les candidats qui portent un int\u00e9r\u00eat \u00e0 l\u2019enseigne.<br \/>\nMerci de compl\u00e9ter ce formulaire dans son int\u00e9gralit\u00e9 et d\u2019y joindre les documents qui nous permettront de nous assurer de la qualit\u00e9 de votre candidature.<br \/>\nToutes les demandes seront trait\u00e9es avec l\u2019\u00e9gard et la discr\u00e9tion qu\u2019il convient, sachez qu\u2019une r\u00e9ponse sera faite \u00e0 chaque dossier de candidature qui nous sera transmis.[\/vc_column_text][\/vc_column][\/vc_row][vc_row][vc_column][vc_column_text]<\/p>\n<p style=\"text-align: center;\"><strong>A tr\u00e8s bient\u00f4t dans notre r\u00e9seau.<\/strong><br \/>\n<strong> L\u2019\u00e9quipe PresseTaux<\/strong><\/p>\n<p>[\/vc_column_text][\/vc_column][\/vc_row][vc_row][vc_column][vc_column_text]<em>Les donn\u00e9es collect\u00e9es par ce formulaire sont n\u00e9cessaires \u00e0 l&rsquo;orientation et au bon traitement de votre demande par les dirigeants de PresseTaux.<\/em><br \/>\n<em>Conform\u00e9ment \u00e0 la loi \u00ab informatique et libert\u00e9s \u00bb du 6 janvier 1978 vous b\u00e9n\u00e9ficiez d&rsquo;un droit d&rsquo;acc\u00e8s et de rectification aux informations qui vous concernent.<\/em>[\/vc_column_text][\/vc_column][\/vc_row][vc_row][vc_column]\n                <div class='gf_browser_gecko gform_wrapper two-column_wrapper' id='gform_wrapper_12' ><form method='post' enctype='multipart\/form-data'  id='gform_12' class='two-column' action='\/bethune\/wp-json\/wp\/v2\/pages\/1000'>\n                        <div class='gform_body'><ul id='gform_fields_12' class='gform_fields top_label form_sublabel_below description_below'><li id='field_12_13' class='gfield note gfield_html gfield_html_formatted gfield_no_follows_desc field_sublabel_below field_description_below gfield_visibility_visible' >* Tous les champs suivis d'un ast\u00e9risque doivent \u00eatre renseign\u00e9s.<\/li><li id='field_12_15' class='gfield gsection gform_column one-half first hideonmobile field_sublabel_below field_description_below gfield_visibility_visible' ><\/li><\/ul><ul class=\"gform_fields top_label description_below gform_column one-half first hideonmobile\"><li class=\"gfield gsection empty\"><\/li><li id='field_12_1' class='gfield gfield_contains_required field_sublabel_below field_description_below gfield_visibility_visible' ><label class='gfield_label' for='input_12_1' >Civilit\u00e9<span class='gfield_required'>*<\/span><\/label><div class='ginput_container ginput_container_select'><select name='input_1' id='input_12_1'  class='medium gfield_select' tabindex='1'  aria-required=\"true\" aria-invalid=\"false\"><option value='' ><\/option><option value='Monsieur' >Monsieur<\/option><option value='Madame' >Madame<\/option><option value='Mademoiselle' >Mademoiselle<\/option><\/select><\/div><\/li><li id='field_12_2' class='gfield gfield_contains_required field_sublabel_below field_description_below gfield_visibility_visible' ><label class='gfield_label' for='input_12_2' >Nom<span class='gfield_required'>*<\/span><\/label><div class='ginput_container ginput_container_text'><input name='input_2' id='input_12_2' type='text' value='' class='large'  tabindex='2'   aria-required=\"true\" aria-invalid=\"false\" \/><\/div><\/li><li id='field_12_3' class='gfield gfield_contains_required field_sublabel_below field_description_below gfield_visibility_visible' ><label class='gfield_label' for='input_12_3' >Pr\u00e9nom<span class='gfield_required'>*<\/span><\/label><div class='ginput_container ginput_container_text'><input name='input_3' id='input_12_3' type='text' value='' class='large'  tabindex='3'   aria-required=\"true\" aria-invalid=\"false\" \/><\/div><\/li><li id='field_12_4' class='gfield gfield_contains_required field_sublabel_below field_description_below gfield_visibility_visible' ><label class='gfield_label' for='input_12_4' >E-mail<span class='gfield_required'>*<\/span><\/label><div class='ginput_container ginput_container_email'>\n                            <input name='input_4' id='input_12_4' type='text' value='' class='large' tabindex='4'   \/>\n                        <\/div><\/li><li id='field_12_6' class='gfield gfield_contains_required field_sublabel_below field_description_above hidden_label gfield_visibility_visible' ><label class='gfield_label' for='input_12_6' ><span class='gfield_required'>*<\/span><\/label><div class='gfield_description'>CV<\/div><div class='ginput_container ginput_container_fileupload'><input type='hidden' name='MAX_FILE_SIZE' value='33554432' \/><input name='input_6' id='input_12_6' type='file' class='medium' aria-describedby='extensions_message' onchange='javascript:gformValidateFileSize( this, 33554432 );' tabindex='5' \/><span id='extensions_message' class='screen-reader-text'>Types de fichiers accept\u00e9s : pdf, jpg, png.<\/span><div class='validation_message'><\/div><\/div><\/li><li id='field_12_16' class='gfield gsection gform_column one-half hideonmobile field_sublabel_below field_description_below gfield_visibility_visible' ><\/li><\/ul><ul class=\"gform_fields top_label description_below gform_column one-half hideonmobile\"><li class=\"gfield gsection empty\"><\/li><li id='field_12_8' class='gfield gfield_contains_required field_sublabel_below field_description_below gfield_visibility_visible' ><label class='gfield_label' for='input_12_8' >Type de contrat<span class='gfield_required'>*<\/span><\/label><div class='ginput_container ginput_container_select'><select name='input_8' id='input_12_8'  class='large gfield_select' tabindex='6'  aria-required=\"true\" aria-invalid=\"false\"><option value='' ><\/option><option value='CDD' >CDD<\/option><option value='CDI' >CDI<\/option><option value='Contrat d&#039;apprentissage' >Contrat d&#039;apprentissage<\/option><option value='Autre' >Autre<\/option><\/select><\/div><\/li><li id='field_12_10' class='gfield gfield_contains_required field_sublabel_below field_description_below gfield_visibility_visible' ><label class='gfield_label' for='input_12_10' >Dans quel d\u00e9partement souhaitez vous postuler ?<span class='gfield_required'>*<\/span><\/label><div class='ginput_container ginput_container_text'><input name='input_10' id='input_12_10' type='text' value='' class='large'  tabindex='7'   aria-required=\"true\" aria-invalid=\"false\" \/><\/div><\/li><li id='field_12_9' class='gfield gfield_contains_required field_sublabel_below field_description_below gfield_visibility_visible' ><label class='gfield_label' for='input_12_9' >Niveau d&#039;\u00e9tudes<span class='gfield_required'>*<\/span><\/label><div class='ginput_container ginput_container_select'><select name='input_9' id='input_12_9'  class='large gfield_select' tabindex='8'  aria-required=\"true\" aria-invalid=\"false\"><option value='' ><\/option><option value='CAP\/BEP' >CAP\/BEP<\/option><option value='BAC' >BAC<\/option><option value='BTS\/DUT\/BAC +2' >BTS\/DUT\/BAC +2<\/option><option value='Licence\/BAC +3' >Licence\/BAC +3<\/option><option value='Master 2\/BAC + 5' >Master 2\/BAC + 5<\/option><option value='Doctorat' >Doctorat<\/option><\/select><\/div><\/li><li id='field_12_18' class='gfield gfield_contains_required field_sublabel_below field_description_below gfield_visibility_visible' ><label class='gfield_label' for='input_12_18' >T\u00e9l\u00e9phone<span class='gfield_required'>*<\/span><\/label><div class='ginput_container ginput_container_phone'><input name='input_18' id='input_12_18' type='text' value='' class='large' tabindex='9'   aria-required=\"true\" aria-invalid=\"false\" \/><\/div><\/li><li id='field_12_7' class='gfield gfield_contains_required field_sublabel_below field_description_above hidden_label gfield_visibility_visible' ><label class='gfield_label' for='input_12_7' ><span class='gfield_required'>*<\/span><\/label><div class='gfield_description'>Lettre de motivation<\/div><div class='ginput_container ginput_container_fileupload'><input type='hidden' name='MAX_FILE_SIZE' value='33554432' \/><input name='input_7' id='input_12_7' type='file' class='medium' aria-describedby='extensions_message' onchange='javascript:gformValidateFileSize( this, 33554432 );' tabindex='10' \/><span id='extensions_message' class='screen-reader-text'>Types de fichiers accept\u00e9s : pdf, jpg, png.<\/span><div class='validation_message'><\/div><\/div><\/li><li id='field_12_17' class='gfield gsection gform_column field_sublabel_below field_description_below gfield_visibility_visible' ><\/li><\/ul><ul class=\"gform_fields top_label description_below gform_column\"><li class=\"gfield gsection empty\"><\/li><li id='field_12_11' class='gfield field_sublabel_below field_description_above hidden_label gfield_visibility_visible' ><label class='gfield_label' for='input_12_11' ><\/label><div class='gfield_description'>Cryptogramme Anti-spam<\/div><div class='gfield_captcha_container'><img class='gfield_captcha' src='https:\/\/pressetaux.fr\/bethune\/wp-content\/uploads\/sites\/4\/gravity_forms\/0-60d762a3e00d6bee00eef10ce7701d88\/671548474.png' alt='' width='23' height='28' \/><img class='gfield_captcha' src='https:\/\/pressetaux.fr\/bethune\/wp-content\/uploads\/sites\/4\/gravity_forms\/0-60d762a3e00d6bee00eef10ce7701d88\/1003477040.png' alt='' width='23' height='28' \/><img class='gfield_captcha' src='https:\/\/pressetaux.fr\/bethune\/wp-content\/uploads\/sites\/4\/gravity_forms\/0-60d762a3e00d6bee00eef10ce7701d88\/1235680864.png' alt='' width='23' height='28' \/><div class='gfield_captcha_input_container math_small'><input type='text' name='input_11' id='input_12_11' tabindex='11'\/><input type='hidden' name='input_captcha_prefix_11' value='671548474,1003477040,1235680864' \/><\/div><\/div><\/li><li id='field_12_14' class='gfield note gfield_html gfield_html_formatted field_sublabel_below field_description_below gfield_visibility_visible' >Merci de faire le calcul avant de valider.<\/li>\n                            <\/ul><\/div>\n        <div class='gform_footer top_label'> <input type='image' src='https:\/\/pressetaux.fr\/wp-content\/themes\/pressetaux\/images\/envoyer.png' id='gform_submit_button_12' class='gform_button gform_image_button' alt='Envoyer' tabindex='12' onclick='if(window[\"gf_submitting_12\"]){return false;}  window[\"gf_submitting_12\"]=true;  ' onkeypress='if( event.keyCode == 13 ){ if(window[\"gf_submitting_12\"]){return false;} window[\"gf_submitting_12\"]=true;  jQuery(\"#gform_12\").trigger(\"submit\",[true]); }' \/> \n            <input type='hidden' class='gform_hidden' name='is_submit_12' value='1' \/>\n            <input type='hidden' class='gform_hidden' name='gform_submit' value='12' \/>\n            \n            <input type='hidden' class='gform_hidden' name='gform_unique_id' value='' \/>\n            <input type='hidden' class='gform_hidden' name='state_12' value='WyJbXSIsImVmNTFkODU0NGU0ZmRhYmRmOTM0ZWQ1MGU2ODk2NjQ3Il0=' \/>\n            <input type='hidden' class='gform_hidden' name='gform_target_page_number_12' id='gform_target_page_number_12' value='0' \/>\n            <input type='hidden' class='gform_hidden' name='gform_source_page_number_12' id='gform_source_page_number_12' value='1' \/>\n            <input type='hidden' name='gform_field_values' value='' \/>\n            \n        <\/div>\n                        <p style=\"display: none !important;\"><label>&#916;<textarea name=\"ak_hp_textarea\" cols=\"45\" rows=\"8\" maxlength=\"100\"><\/textarea><\/label><input type=\"hidden\" id=\"ak_js\" name=\"ak_js\" value=\"204\"\/><script>document.getElementById( \"ak_js\" ).setAttribute( \"value\", ( new Date() ).getTime() );<\/script><\/p><\/form>\n                        <\/div><script type='text\/javascript'> if(typeof gf_global == 'undefined') var gf_global = {\"gf_currency_config\":{\"name\":\"Euro\",\"symbol_left\":\"\",\"symbol_right\":\"\\u20ac\",\"symbol_padding\":\" \",\"thousand_separator\":\" \",\"decimal_separator\":\",\",\"decimals\":0},\"base_url\":\"https:\\\/\\\/pressetaux.fr\\\/bethune\\\/wp-content\\\/plugins\\\/gravityforms\",\"number_formats\":[],\"spinnerUrl\":\"https:\\\/\\\/pressetaux.fr\\\/bethune\\\/wp-content\\\/plugins\\\/gravityforms\\\/images\\\/spinner.gif\"};jQuery(document).bind('gform_post_render', function(event, formId, currentPage){if(formId == 12) {jQuery( document ).on( 'submit.gravityforms', '.gform_wrapper form', function( event ) {\n\tjQuery( '<input>' ).attr( 'type', 'hidden' )\n\t\t.attr( 'name', 'gf_zero_spam_key' )\n\t\t.attr( 'value', '#A(HRWyVUH3fd9r#EKH4pftdJYoaCtcHe5lR2j%aPjK$reGU)gpRYywI!vWDShAY' )\n\t\t.appendTo( jQuery( this ) );\n} );} } );jQuery(document).bind('gform_post_conditional_logic', function(event, formId, fields, isInit){} );<\/script><script type='text\/javascript'> jQuery(document).ready(function(){jQuery(document).trigger('gform_post_render', [12, 1]) } ); <\/script>[\/vc_column][\/vc_row]<\/p>\n","protected":false},"excerpt":{"rendered":"<p>[vc_row][vc_column offset=\u00a0\u00bbvc_hidden-sm vc_hidden-xs\u00a0\u00bb][vc_single_image image=\u00a0\u00bb1193&Prime; img_size=\u00a0\u00bbfull\u00a0\u00bb alignment=\u00a0\u00bbcenter\u00a0\u00bb][\/vc_column][\/vc_row][vc_row][vc_column offset=\u00a0\u00bbvc_hidden-lg vc_hidden-md\u00a0\u00bb][vc_column_text]Le Groupe PresseTaux recherche r\u00e9guli\u00e8rement de nouveaux collaborateurs pour ces agences. Pour nous contacter, il suffit de compl\u00e9ter ce formulaire et de joindre un CV et une lettre de motivation.[\/vc_column_text][\/vc_column][\/vc_row][vc_row][vc_column width=\u00a0\u00bb1\/2&Prime;][vc_column_text]Le r\u00e9seau PresseTaux compte en 2017 plus de 40 collaborateurs, notre r\u00e9seau s\u2019\u00e9toffe chaque ann\u00e9e et est principalement constitu\u00e9 de franchis\u00e9s qui se d\u00e9veloppent sur leur secteur respectif. R\u00e9guli\u00e8rement et en fonction de leur volont\u00e9, certains de nos franchis\u00e9s sont amen\u00e9s \u00e0 rechercher des collaborateurs salari\u00e9s ou mandataires. Merci de v\u00e9rifier que le r\u00e9seau PresseTaux est pr\u00e9sent sur votre d\u00e9partement avant tout envoi de candidature, vous pouvez v\u00e9rifier ici (Retrouvez-ici toutes nos agences locales.), la pr\u00e9sence d\u2019une agence sur votre zone.[\/vc_column_text][\/vc_column][vc_column width=\u00a0\u00bb1\/2&Prime;][vc_column_text]PresseTaux canalise et traite l\u2019int\u00e9gralit\u00e9 des demandes, nous les transmettons \u00e0 nos franchis\u00e9s en r\u00e9gion, pour qu\u2019ils puissent rencontrer directement les candidats qui portent un int\u00e9r\u00eat \u00e0 l\u2019enseigne. Merci de compl\u00e9ter ce formulaire dans son int\u00e9gralit\u00e9 et d\u2019y joindre les documents qui nous permettront de nous assurer de la qualit\u00e9 de votre candidature. Toutes les demandes seront trait\u00e9es avec l\u2019\u00e9gard et la discr\u00e9tion qu\u2019il convient, sachez qu\u2019une r\u00e9ponse sera faite \u00e0 chaque dossier de candidature qui nous sera transmis.[\/vc_column_text][\/vc_column][\/vc_row][vc_row][vc_column][vc_column_text] A tr\u00e8s bient\u00f4t dans notre r\u00e9seau. L\u2019\u00e9quipe PresseTaux [\/vc_column_text][\/vc_column][\/vc_row][vc_row][vc_column][vc_column_text]Les donn\u00e9es collect\u00e9es par ce formulaire sont n\u00e9cessaires \u00e0 l&rsquo;orientation et au bon traitement de votre demande par les dirigeants de PresseTaux. Conform\u00e9ment \u00e0 la loi \u00ab informatique et libert\u00e9s \u00bb du 6 janvier 1978 vous b\u00e9n\u00e9ficiez d&rsquo;un droit d&rsquo;acc\u00e8s et de rectification aux informations qui vous concernent.[\/vc_column_text][\/vc_column][\/vc_row][vc_row][vc_column][\/vc_column][\/vc_row]<\/p>\n","protected":false},"author":8,"featured_media":0,"parent":0,"menu_order":0,"comment_status":"closed","ping_status":"closed","template":"","meta":{"_genesis_hide_title":false,"_genesis_hide_breadcrumbs":false,"_genesis_hide_singular_image":false,"_genesis_hide_footer_widgets":false,"_genesis_custom_body_class":"","_genesis_custom_post_class":"","_genesis_layout":""},"yoast_head":"<!-- This site is optimized with the Yoast SEO plugin v17.8 - https:\/\/yoast.com\/wordpress\/plugins\/seo\/ -->\n<title>Posez votre Candidature pour une emploi chez PresseTaux<\/title>\n<meta name=\"description\" content=\"Vous souhaitez pos\u00e9 votre Candidature au sein de notre soci\u00e9t\u00e9, remplissez notre formulaire sur notre site PresseTaux ou contactez nous au 06 40 41 49 23.\" \/>\n<meta name=\"robots\" content=\"index, follow, max-snippet:-1, max-image-preview:large, max-video-preview:-1\" \/>\n<link rel=\"canonical\" href=\"https:\/\/pressetaux.fr\/bethune\/candidature-pressetaux\/\" \/>\n<meta name=\"twitter:label1\" content=\"Dur\u00e9e de lecture estim\u00e9e\" \/>\n\t<meta name=\"twitter:data1\" content=\"2 minutes\" \/>\n<script type=\"application\/ld+json\" class=\"yoast-schema-graph\">{\"@context\":\"https:\/\/schema.org\",\"@graph\":[{\"@type\":\"Organization\",\"@id\":\"https:\/\/pressetaux.fr\/bethune\/#organization\",\"name\":\"PresseTaux B\\u00e9thune - Lens\",\"url\":\"https:\/\/pressetaux.fr\/bethune\/\",\"sameAs\":[\"https:\/\/www.facebook.com\/presse.tauxbethune?locale=fr_FR\"],\"logo\":{\"@type\":\"ImageObject\",\"@id\":\"https:\/\/pressetaux.fr\/bethune\/#logo\",\"inLanguage\":\"fr-FR\",\"url\":\"https:\/\/pressetaux.fr\/bethune\/wp-content\/uploads\/sites\/4\/2022\/03\/LogoPressetaux.jpg\",\"contentUrl\":\"https:\/\/pressetaux.fr\/bethune\/wp-content\/uploads\/sites\/4\/2022\/03\/LogoPressetaux.jpg\",\"width\":1776,\"height\":997,\"caption\":\"PresseTaux B\\u00e9thune - Lens\"},\"image\":{\"@id\":\"https:\/\/pressetaux.fr\/bethune\/#logo\"}},{\"@type\":\"WebSite\",\"@id\":\"https:\/\/pressetaux.fr\/bethune\/#website\",\"url\":\"https:\/\/pressetaux.fr\/bethune\/\",\"name\":\"PresseTaux B\\u00e9thune\",\"description\":\"COURTIER EN CREDIT\",\"publisher\":{\"@id\":\"https:\/\/pressetaux.fr\/bethune\/#organization\"},\"potentialAction\":[{\"@type\":\"SearchAction\",\"target\":{\"@type\":\"EntryPoint\",\"urlTemplate\":\"https:\/\/pressetaux.fr\/bethune\/?s={search_term_string}\"},\"query-input\":\"required name=search_term_string\"}],\"inLanguage\":\"fr-FR\"},{\"@type\":\"WebPage\",\"@id\":\"https:\/\/pressetaux.fr\/bethune\/candidature-pressetaux\/#webpage\",\"url\":\"https:\/\/pressetaux.fr\/bethune\/candidature-pressetaux\/\",\"name\":\"Posez votre Candidature pour une emploi chez PresseTaux\",\"isPartOf\":{\"@id\":\"https:\/\/pressetaux.fr\/bethune\/#website\"},\"datePublished\":\"2016-08-31T11:15:39+00:00\",\"dateModified\":\"2018-04-27T12:42:51+00:00\",\"description\":\"Vous souhaitez pos\\u00e9 votre Candidature au sein de notre soci\\u00e9t\\u00e9, remplissez notre formulaire sur notre site PresseTaux ou contactez nous au 06 40 41 49 23.\",\"breadcrumb\":{\"@id\":\"https:\/\/pressetaux.fr\/bethune\/candidature-pressetaux\/#breadcrumb\"},\"inLanguage\":\"fr-FR\",\"potentialAction\":[{\"@type\":\"ReadAction\",\"target\":[\"https:\/\/pressetaux.fr\/bethune\/candidature-pressetaux\/\"]}]},{\"@type\":\"BreadcrumbList\",\"@id\":\"https:\/\/pressetaux.fr\/bethune\/candidature-pressetaux\/#breadcrumb\",\"itemListElement\":[{\"@type\":\"ListItem\",\"position\":1,\"name\":\"Candidature PresseTaux\"}]}]}<\/script>\n<!-- \/ Yoast SEO plugin. -->","yoast_head_json":{"title":"Posez votre Candidature pour une emploi chez PresseTaux","description":"Vous souhaitez pos\u00e9 votre Candidature au sein de notre soci\u00e9t\u00e9, remplissez notre formulaire sur notre site PresseTaux ou contactez nous au 06 40 41 49 23.","robots":{"index":"index","follow":"follow","max-snippet":"max-snippet:-1","max-image-preview":"max-image-preview:large","max-video-preview":"max-video-preview:-1"},"canonical":"https:\/\/pressetaux.fr\/bethune\/candidature-pressetaux\/","twitter_misc":{"Dur\u00e9e de lecture estim\u00e9e":"2 minutes"},"schema":{"@context":"https:\/\/schema.org","@graph":[{"@type":"Organization","@id":"https:\/\/pressetaux.fr\/bethune\/#organization","name":"PresseTaux B\u00e9thune - Lens","url":"https:\/\/pressetaux.fr\/bethune\/","sameAs":["https:\/\/www.facebook.com\/presse.tauxbethune?locale=fr_FR"],"logo":{"@type":"ImageObject","@id":"https:\/\/pressetaux.fr\/bethune\/#logo","inLanguage":"fr-FR","url":"https:\/\/pressetaux.fr\/bethune\/wp-content\/uploads\/sites\/4\/2022\/03\/LogoPressetaux.jpg","contentUrl":"https:\/\/pressetaux.fr\/bethune\/wp-content\/uploads\/sites\/4\/2022\/03\/LogoPressetaux.jpg","width":1776,"height":997,"caption":"PresseTaux B\u00e9thune - Lens"},"image":{"@id":"https:\/\/pressetaux.fr\/bethune\/#logo"}},{"@type":"WebSite","@id":"https:\/\/pressetaux.fr\/bethune\/#website","url":"https:\/\/pressetaux.fr\/bethune\/","name":"PresseTaux B\u00e9thune","description":"COURTIER EN CREDIT","publisher":{"@id":"https:\/\/pressetaux.fr\/bethune\/#organization"},"potentialAction":[{"@type":"SearchAction","target":{"@type":"EntryPoint","urlTemplate":"https:\/\/pressetaux.fr\/bethune\/?s={search_term_string}"},"query-input":"required name=search_term_string"}],"inLanguage":"fr-FR"},{"@type":"WebPage","@id":"https:\/\/pressetaux.fr\/bethune\/candidature-pressetaux\/#webpage","url":"https:\/\/pressetaux.fr\/bethune\/candidature-pressetaux\/","name":"Posez votre Candidature pour une emploi chez PresseTaux","isPartOf":{"@id":"https:\/\/pressetaux.fr\/bethune\/#website"},"datePublished":"2016-08-31T11:15:39+00:00","dateModified":"2018-04-27T12:42:51+00:00","description":"Vous souhaitez pos\u00e9 votre Candidature au sein de notre soci\u00e9t\u00e9, remplissez notre formulaire sur notre site PresseTaux ou contactez nous au 06 40 41 49 23.","breadcrumb":{"@id":"https:\/\/pressetaux.fr\/bethune\/candidature-pressetaux\/#breadcrumb"},"inLanguage":"fr-FR","potentialAction":[{"@type":"ReadAction","target":["https:\/\/pressetaux.fr\/bethune\/candidature-pressetaux\/"]}]},{"@type":"BreadcrumbList","@id":"https:\/\/pressetaux.fr\/bethune\/candidature-pressetaux\/#breadcrumb","itemListElement":[{"@type":"ListItem","position":1,"name":"Candidature PresseTaux"}]}]}},"_links":{"self":[{"href":"https:\/\/pressetaux.fr\/bethune\/wp-json\/wp\/v2\/pages\/1000"}],"collection":[{"href":"https:\/\/pressetaux.fr\/bethune\/wp-json\/wp\/v2\/pages"}],"about":[{"href":"https:\/\/pressetaux.fr\/bethune\/wp-json\/wp\/v2\/types\/page"}],"author":[{"embeddable":true,"href":"https:\/\/pressetaux.fr\/bethune\/wp-json\/wp\/v2\/users\/8"}],"replies":[{"embeddable":true,"href":"https:\/\/pressetaux.fr\/bethune\/wp-json\/wp\/v2\/comments?post=1000"}],"version-history":[{"count":0,"href":"https:\/\/pressetaux.fr\/bethune\/wp-json\/wp\/v2\/pages\/1000\/revisions"}],"wp:attachment":[{"href":"https:\/\/pressetaux.fr\/bethune\/wp-json\/wp\/v2\/media?parent=1000"}],"curies":[{"name":"wp","href":"https:\/\/api.w.org\/{rel}","templated":true}]}}