{"id":507,"date":"2015-10-05T09:38:55","date_gmt":"2015-10-05T08:38:55","guid":{"rendered":"http:\/\/test.pressetaux.fr\/bethune\/?page_id=507"},"modified":"2026-02-06T13:17:48","modified_gmt":"2026-02-06T12:17:48","slug":"courtage-a-bethune","status":"publish","type":"page","link":"https:\/\/pressetaux.fr\/bethune\/","title":{"rendered":"Courtier cr\u00e9dit immobilier Bethune et Lens"},"content":{"rendered":"<p>[vc_row][vc_column width=\u00a0\u00bb1\/2&Prime; offset=\u00a0\u00bbvc_hidden-sm\u00a0\u00bb][rev_slider_vc alias=\u00a0\u00bbaccueil\u00a0\u00bb el_class=\u00a0\u00bbslidept\u00a0\u00bb][\/vc_column][vc_column width=\u00a0\u00bb1\/2&Prime; offset=\u00a0\u00bbvc_hidden-sm\u00a0\u00bb][vc_single_image image=\u00a0\u00bb2497&Prime; img_size=\u00a0\u00bbfull\u00a0\u00bb alignment=\u00a0\u00bbright\u00a0\u00bb el_class=\u00a0\u00bbtaux\u00a0\u00bb][\/vc_column][\/vc_row][vc_row][vc_column offset=\u00a0\u00bbvc_hidden-sm vc_hidden-xs\u00a0\u00bb][vc_column_text]<\/p>\n<h6><strong><em>*Taux soumis \u00e0 conditions. Les taux tels que pr\u00e9sent\u00e9s sont des taux nominaux, ils sont fonction des bar\u00e8mes de nos partenaires bancaires. Ces taux s\u2019entendent hors frais de notaire, hors frais de garantie, hors assurance et frais d\u2019interm\u00e9diation.<\/em><\/strong><\/h6>\n<h6><em><strong>L&#8217;emprunteur dispose d&rsquo;un d\u00e9lai de r\u00e9flexion de 10 jours, la vente est subordonn\u00e9e \u00e0 l&rsquo;obtention du pr\u00eat si celui-ci n&rsquo;est pas obtenu, le vendeur devra lui rembourser les sommes vers\u00e9es.<\/strong><\/em><\/h6>\n<p>[\/vc_column_text][\/vc_column][\/vc_row][vc_row][vc_column][vc_column_text]<\/p>\n<table align=\"center\">\n<tbody>\n<tr>\n<td><img loading=\"lazy\" class=\"wp-image-1263 alignright\" src=\"https:\/\/pressetaux.fr\/bethune\/wp-content\/uploads\/sites\/4\/2020\/06\/Nos_clients_temoignent.png\" alt=\"\" width=\"80\" height=\"55\" \/><\/td>\n<td style=\"text-align: center;\"><a href=\"https:\/\/pressetaux.fr\/bethune\/category\/temoignagesblog\/\"><span style=\"color: #ff9900; font-size: 26px; text-align: center;\">Retrouvez nos t\u00e9moignages clients ici &#8230;<\/span><\/a><\/td>\n<td><img loading=\"lazy\" class=\"wp-image-1263 alignleft\" src=\"https:\/\/pressetaux.fr\/bethune\/wp-content\/uploads\/sites\/4\/2020\/06\/Nos_clients_temoignent.png\" alt=\"\" width=\"80\" height=\"55\" \/><\/td>\n<\/tr>\n<\/tbody>\n<\/table>\n<p>[\/vc_column_text][\/vc_column][\/vc_row][vc_row][vc_column][vc_column_text]<\/p>\n<h2 style=\"text-align: center; color: #000000;\">PresseTaux B\u00e9thune et Lens votre courtier en cr\u00e9dit immobilier.<\/h2>\n<p>[\/vc_column_text][\/vc_column][\/vc_row][vc_row][vc_column][vc_column_text]<\/p>\n<p style=\"text-align: center; font-weight: bold; color: #ef9c00; font-size: 18px;\"><em>Vu sur France 2 (et ce n\u2019est pas de la publicit\u00e9\u2026)<\/em><\/p>\n<p style=\"text-align: center; font-size: 16px;\"><strong>Damien Lagache, votre courtier Presse Taux intervient lors d\u2019un reportage sur le financement des seniors pour leurs projets immobiliers.<br \/>\nA l\u2019occasion d\u2019un reportage tourn\u00e9 dans le <label style=\"text-align: center; font-weight: bold; color: #000;\">Nord, France 2 <\/label>est all\u00e9 \u00e0 la rencontre de Damien Lagache et de ses clients. Ils ont ainsi pu expliquer comment\u00a0face aux difficult\u00e9s pour obtenir un financement, se tourner vers un courtier Presse Taux, leur a permis de d\u00e9bloquer des situations compliqu\u00e9es et concr\u00e9tiser leurs projets.<\/strong><\/p>\n<p style=\"text-align: center; font-weight: bold; color: #ef9c00;\"><a href=\"https:\/\/www.youtube.com\/watch?v=Lnq9fS18b3U\" target=\"_blank\" rel=\"noopener noreferrer\"><span style=\"color: #ef9c00;\">Video Damien Lagache PresseTaux<\/span><\/a><\/p>\n<p>[\/vc_column_text][\/vc_column][\/vc_row][vc_row][vc_column offset=\u00a0\u00bbvc_hidden-sm vc_hidden-xs\u00a0\u00bb][vc_column_text]<\/p>\n<p style=\"text-align: justify;\"><img loading=\"lazy\" class=\"alignright wp-image-941 size-full\" src=\"https:\/\/pressetaux.fr\/bethune\/wp-content\/uploads\/sites\/4\/2022\/03\/courtier_presssetaux.png\" alt=\"courtier en cr\u00e9dit immobilier\" width=\"184\" height=\"99\" \/>Votre agence PresseTaux courtier en cr\u00e9dit immobilier intervient sur B\u00e9thune, Lens et ses environs, pour vous permettre d\u2019obtenir un pr\u00eat dans les meilleures conditions sur l&rsquo;ensemble de vos projets :<\/p>\n<p style=\"text-align: justify;\"><strong>&#8211; Achat de votre r\u00e9sidence principale<\/strong><br \/>\n<strong>&#8211; Achat locatif<\/strong><br \/>\n<strong>&#8211; D\u00e9fiscalisation<\/strong><br \/>\n<strong>&#8211; Achat r\u00e9sidence secondaire<\/strong><br \/>\n<strong>&#8211; Ren\u00e9gociation de votre cr\u00e9dit immobilier<\/strong><br \/>\n<strong>&#8211; Ren\u00e9gociation de votre assurance de pr\u00eat<\/strong><br \/>\n<strong>&#8211; Restructuration de vos cr\u00e9dits pour all\u00e9ger vos mensualit\u00e9s<\/strong><br \/>\n<strong>&#8211; Rachat de soulte<\/strong><br \/>\n<strong>&#8211; Financement de travaux<\/strong><\/p>\n<p>Nous avons h\u00e2te de vous rencontrer, n&rsquo;h\u00e9sitez pas \u00e0 nous demander <a href=\"https:\/\/pressetaux.fr\/bethune\/etude-personnalisee\/\"><span style=\"color: #f9b200;\"><strong>votre \u00e9tude personnalis\u00e9e gratuite !<\/strong><\/span><\/a><\/p>\n<p>Vous avez un projet immobilier ? Rencontrons-nous afin de le concr\u00e9tiser.<\/p>\n<p>Ils nous ont fait confiance, retrouvez leurs avis et t\u00e9moignages sur : <a href=\"https:\/\/www.google.fr\/search?q=PresseTaux+B%C3%A9thune&amp;client=safari&amp;source=hp&amp;ei=-j8vYuTlB8mdlwST2ISwDA&amp;iflsig=AHkkrS4AAAAAYi9OChthDtC6Vh6ap96wjsr3z70P7Mfh&amp;ved=0ahUKEwjkytnP18X2AhXJzoUKHRMsAcYQ4dUDCAo&amp;uact=5&amp;oq=PresseTaux+B%C3%A9thune&amp;gs_lcp=Cgdnd3Mtd2l6EAMyCwguEIAEEMcBEK8BOgsIABCABBCxAxCDAToRCC4QgAQQsQMQgwEQxwEQowI6DgguEIAEELEDEIMBENQCOg4ILhCABBCxAxDHARDRAzoICAAQgAQQsQM6CAgAELEDEIMBOgsILhCABBCxAxCDAToFCAAQgAQ6DgguEIAEELEDEMcBEKMCOg4ILhCxAxCDARDHARDRAzoICC4QgAQQsQM6CwgAELEDEIMBEMkDOgUILhCABDoOCAAQgAQQsQMQgwEQyQM6CggAEIAEEMkDEAo6BwgAEIAEEAo6CgguEMcBENEDEAo6BAgAEAo6BggAEBYQHlAAWNwcYIIfaABwAHgAgAHWAYgB6A-SAQY2LjEwLjKYAQCgAQE&amp;sclient=gws-wiz\" target=\"blank\" rel=\"noopener\">Google<\/a>, <a href=\"https:\/\/pressetaux.fr\/bethune\/category\/temoignagesblog\/\">Nos t\u00e9moignages<\/a> et <a href=\"https:\/\/www.facebook.com\/presse.tauxbethune?locale=fr_FR\" target=\"blank\" rel=\"noopener\">Facebook<\/a><\/p>\n<p style=\"text-align: center;\"><a href=\"https:\/\/pressetaux.fr\/bethune\/courtier-henin-et-carvin\/\"><span style=\"color: #ff9900;\"><strong><strong>Damien Lagache<\/strong><\/strong><\/span><\/a><\/p>\n<p>[\/vc_column_text][\/vc_column][\/vc_row][vc_row][vc_column offset=\u00a0\u00bbvc_hidden-sm vc_hidden-xs\u00a0\u00bb][vc_text_separator title=\u00a0\u00bbNotre programme de parrainage\u00a0\u00bb color=\u00a0\u00bborange\u00a0\u00bb border_width=\u00a0\u00bb2&Prime; el_class=\u00a0\u00bbtitreactualite\u00a0\u00bb][\/vc_column][\/vc_row][vc_row][vc_column offset=\u00a0\u00bbvc_hidden-sm vc_hidden-xs\u00a0\u00bb][vc_column_text]Nos clients nous ont fait confiance, leur satisfaction est notre priorit\u00e9.<br \/>\nGr\u00e2ce \u00e0 notre programme de parrainage, nos clients b\u00e9n\u00e9ficient d&rsquo;un bon d&rsquo;achat pour tout dossier finalis\u00e9.<br \/>\n<strong>Parrainez un de vos proches, c&rsquo;est tr\u00e8s simple, <a href=\"https:\/\/pressetaux.fr\/bethune\/parrainez-vos-amis\/\">cliquez-ici !<\/a><\/strong>[\/vc_column_text][\/vc_column][\/vc_row][vc_row][vc_column offset=\u00a0\u00bbvc_hidden-sm vc_hidden-xs\u00a0\u00bb][vc_text_separator title=\u00a0\u00bbNotre derni\u00e8re actualit\u00e9\u00a0\u00bb color=\u00a0\u00bborange\u00a0\u00bb border_width=\u00a0\u00bb2&Prime; el_class=\u00a0\u00bbtitreactualite\u00a0\u00bb][\/vc_column][\/vc_row][vc_row][vc_column offset=\u00a0\u00bbvc_hidden-sm vc_hidden-xs\u00a0\u00bb][vc_basic_grid post_type=\u00a0\u00bbpost\u00a0\u00bb max_items=\u00a0\u00bb1&Prime; style=\u00a0\u00bbload-more\u00a0\u00bb items_per_page=\u00a0\u00bb1&Prime; element_width=\u00a0\u00bb12&Prime; gap=\u00a0\u00bb35&Prime; item=\u00a0\u00bb1051&Prime; btn_color=\u00a0\u00bbdefault\u00a0\u00bb btn_add_icon=\u00a0\u00bbtrue\u00a0\u00bb btn_custom_onclick=\u00a0\u00bbtrue\u00a0\u00bb grid_id=\u00a0\u00bbvc_gid:1770380401657-d2b9f9c0a02ffdd271df8ee05e29c621-0&Prime;][\/vc_column][\/vc_row][vc_row][vc_column offset=\u00a0\u00bbvc_hidden-sm vc_hidden-xs\u00a0\u00bb][vc_single_image image=\u00a0\u00bb1052&Prime; img_size=\u00a0\u00bbfull\u00a0\u00bb alignment=\u00a0\u00bbcenter\u00a0\u00bb onclick=\u00a0\u00bbcustom_link\u00a0\u00bb link=\u00a0\u00bbhttps:\/\/pressetaux.fr\/bethune\/nos-actualites\/\u00a0\u00bb][\/vc_column][\/vc_row]<\/p>\n","protected":false},"excerpt":{"rendered":"<p>[vc_row][vc_column width=\u00a0\u00bb1\/2&Prime; offset=\u00a0\u00bbvc_hidden-sm\u00a0\u00bb][rev_slider_vc alias=\u00a0\u00bbaccueil\u00a0\u00bb el_class=\u00a0\u00bbslidept\u00a0\u00bb][\/vc_column][vc_column width=\u00a0\u00bb1\/2&Prime; offset=\u00a0\u00bbvc_hidden-sm\u00a0\u00bb][vc_single_image image=\u00a0\u00bb2497&Prime; img_size=\u00a0\u00bbfull\u00a0\u00bb alignment=\u00a0\u00bbright\u00a0\u00bb el_class=\u00a0\u00bbtaux\u00a0\u00bb][\/vc_column][\/vc_row][vc_row][vc_column offset=\u00a0\u00bbvc_hidden-sm vc_hidden-xs\u00a0\u00bb][vc_column_text] *Taux soumis \u00e0 conditions. Les taux tels que pr\u00e9sent\u00e9s sont des taux nominaux, ils sont fonction des bar\u00e8mes de nos partenaires bancaires. Ces taux s\u2019entendent hors frais de notaire, hors frais de garantie, hors assurance et frais d\u2019interm\u00e9diation. L&#8217;emprunteur dispose d&rsquo;un d\u00e9lai de r\u00e9flexion de 10 jours, la vente est subordonn\u00e9e \u00e0 l&rsquo;obtention du pr\u00eat si celui-ci n&rsquo;est pas obtenu, le vendeur devra lui rembourser les sommes vers\u00e9es. [\/vc_column_text][\/vc_column][\/vc_row][vc_row][vc_column][vc_column_text] Retrouvez nos t\u00e9moignages clients ici &#8230; [\/vc_column_text][\/vc_column][\/vc_row][vc_row][vc_column][vc_column_text] PresseTaux B\u00e9thune et Lens votre courtier en cr\u00e9dit immobilier. [\/vc_column_text][\/vc_column][\/vc_row][vc_row][vc_column][vc_column_text] Vu sur France 2 (et ce n\u2019est pas de la publicit\u00e9\u2026) Damien Lagache, votre courtier Presse Taux intervient lors d\u2019un reportage sur le financement des seniors pour leurs projets immobiliers. A l\u2019occasion d\u2019un reportage tourn\u00e9 dans le Nord, France 2 est all\u00e9 \u00e0 la rencontre de Damien Lagache et de ses clients. Ils ont ainsi pu expliquer comment\u00a0face aux difficult\u00e9s pour obtenir un financement, se tourner vers un courtier Presse Taux, leur a permis de d\u00e9bloquer des situations compliqu\u00e9es et concr\u00e9tiser leurs projets. Video Damien Lagache PresseTaux [\/vc_column_text][\/vc_column][\/vc_row][vc_row][vc_column offset=\u00a0\u00bbvc_hidden-sm vc_hidden-xs\u00a0\u00bb][vc_column_text] Votre agence PresseTaux courtier en cr\u00e9dit immobilier intervient sur B\u00e9thune, Lens et ses environs, pour vous permettre d\u2019obtenir un pr\u00eat dans les meilleures conditions sur l&rsquo;ensemble de vos projets : &#8211; Achat de votre r\u00e9sidence principale &#8211; Achat locatif &#8211; D\u00e9fiscalisation &#8211; Achat r\u00e9sidence secondaire &#8211; Ren\u00e9gociation de votre cr\u00e9dit immobilier &#8211; Ren\u00e9gociation de votre assurance de pr\u00eat &#8211; Restructuration de vos cr\u00e9dits pour all\u00e9ger vos mensualit\u00e9s &#8211; Rachat de soulte &#8211; Financement de travaux Nous avons h\u00e2te de vous rencontrer, n&rsquo;h\u00e9sitez pas \u00e0 nous demander votre \u00e9tude personnalis\u00e9e gratuite ! Vous avez un projet immobilier ? Rencontrons-nous afin de le concr\u00e9tiser. Ils nous ont fait confiance, retrouvez leurs avis et t\u00e9moignages sur : Google, Nos t\u00e9moignages et Facebook Damien Lagache [\/vc_column_text][\/vc_column][\/vc_row][vc_row][vc_column offset=\u00a0\u00bbvc_hidden-sm vc_hidden-xs\u00a0\u00bb][vc_text_separator title=\u00a0\u00bbNotre programme de parrainage\u00a0\u00bb color=\u00a0\u00bborange\u00a0\u00bb border_width=\u00a0\u00bb2&Prime; el_class=\u00a0\u00bbtitreactualite\u00a0\u00bb][\/vc_column][\/vc_row][vc_row][vc_column offset=\u00a0\u00bbvc_hidden-sm vc_hidden-xs\u00a0\u00bb][vc_column_text]Nos clients nous ont fait confiance, leur satisfaction est notre priorit\u00e9. Gr\u00e2ce \u00e0 notre programme de parrainage, nos clients b\u00e9n\u00e9ficient d&rsquo;un bon d&rsquo;achat pour tout dossier finalis\u00e9. Parrainez un de vos proches, c&rsquo;est tr\u00e8s simple, cliquez-ici ![\/vc_column_text][\/vc_column][\/vc_row][vc_row][vc_column offset=\u00a0\u00bbvc_hidden-sm vc_hidden-xs\u00a0\u00bb][vc_text_separator title=\u00a0\u00bbNotre derni\u00e8re actualit\u00e9\u00a0\u00bb color=\u00a0\u00bborange\u00a0\u00bb border_width=\u00a0\u00bb2&Prime; el_class=\u00a0\u00bbtitreactualite\u00a0\u00bb][\/vc_column][\/vc_row][vc_row][vc_column offset=\u00a0\u00bbvc_hidden-sm vc_hidden-xs\u00a0\u00bb][vc_basic_grid post_type=\u00a0\u00bbpost\u00a0\u00bb max_items=\u00a0\u00bb1&Prime; style=\u00a0\u00bbload-more\u00a0\u00bb items_per_page=\u00a0\u00bb1&Prime; element_width=\u00a0\u00bb12&Prime; gap=\u00a0\u00bb35&Prime; item=\u00a0\u00bb1051&Prime; btn_color=\u00a0\u00bbdefault\u00a0\u00bb btn_add_icon=\u00a0\u00bbtrue\u00a0\u00bb btn_custom_onclick=\u00a0\u00bbtrue\u00a0\u00bb grid_id=\u00a0\u00bbvc_gid:1770380401657-d2b9f9c0a02ffdd271df8ee05e29c621-0&Prime;][\/vc_column][\/vc_row][vc_row][vc_column offset=\u00a0\u00bbvc_hidden-sm vc_hidden-xs\u00a0\u00bb][vc_single_image image=\u00a0\u00bb1052&Prime; img_size=\u00a0\u00bbfull\u00a0\u00bb alignment=\u00a0\u00bbcenter\u00a0\u00bb onclick=\u00a0\u00bbcustom_link\u00a0\u00bb link=\u00a0\u00bbhttps:\/\/pressetaux.fr\/bethune\/nos-actualites\/\u00a0\u00bb][\/vc_column][\/vc_row]<\/p>\n","protected":false},"author":8,"featured_media":0,"parent":0,"menu_order":0,"comment_status":"closed","ping_status":"closed","template":"","meta":{"_genesis_hide_title":false,"_genesis_hide_breadcrumbs":false,"_genesis_hide_singular_image":false,"_genesis_hide_footer_widgets":false,"_genesis_custom_body_class":"","_genesis_custom_post_class":"","_genesis_layout":""},"yoast_head":"<!-- This site is optimized with the Yoast SEO plugin v17.8 - https:\/\/yoast.com\/wordpress\/plugins\/seo\/ -->\n<title>Courtier en cr\u00e9dit immobilier \u00e0 B\u00e9thune Lens - PresseTaux<\/title>\n<meta name=\"description\" content=\"PresseTaux courtier en cr\u00e9dit immobilier \u00e0 B\u00e9thune Lens vous accompagne sur l&#039;ensemble de vos projets. Etude personnalis\u00e9e et gratuite.\" \/>\n<meta name=\"robots\" content=\"index, follow, max-snippet:-1, max-image-preview:large, max-video-preview:-1\" \/>\n<link rel=\"canonical\" href=\"https:\/\/pressetaux.fr\/bethune\/\" \/>\n<meta name=\"twitter:label1\" content=\"Dur\u00e9e de lecture estim\u00e9e\" \/>\n\t<meta name=\"twitter:data1\" content=\"3 minutes\" \/>\n<script type=\"application\/ld+json\" class=\"yoast-schema-graph\">{\"@context\":\"https:\/\/schema.org\",\"@graph\":[{\"@type\":\"Organization\",\"@id\":\"https:\/\/pressetaux.fr\/bethune\/#organization\",\"name\":\"PresseTaux B\\u00e9thune - Lens\",\"url\":\"https:\/\/pressetaux.fr\/bethune\/\",\"sameAs\":[\"https:\/\/www.facebook.com\/presse.tauxbethune?locale=fr_FR\"],\"logo\":{\"@type\":\"ImageObject\",\"@id\":\"https:\/\/pressetaux.fr\/bethune\/#logo\",\"inLanguage\":\"fr-FR\",\"url\":\"https:\/\/pressetaux.fr\/bethune\/wp-content\/uploads\/sites\/4\/2022\/03\/LogoPressetaux.jpg\",\"contentUrl\":\"https:\/\/pressetaux.fr\/bethune\/wp-content\/uploads\/sites\/4\/2022\/03\/LogoPressetaux.jpg\",\"width\":1776,\"height\":997,\"caption\":\"PresseTaux B\\u00e9thune - Lens\"},\"image\":{\"@id\":\"https:\/\/pressetaux.fr\/bethune\/#logo\"}},{\"@type\":\"WebSite\",\"@id\":\"https:\/\/pressetaux.fr\/bethune\/#website\",\"url\":\"https:\/\/pressetaux.fr\/bethune\/\",\"name\":\"PresseTaux B\\u00e9thune\",\"description\":\"COURTIER EN CREDIT\",\"publisher\":{\"@id\":\"https:\/\/pressetaux.fr\/bethune\/#organization\"},\"potentialAction\":[{\"@type\":\"SearchAction\",\"target\":{\"@type\":\"EntryPoint\",\"urlTemplate\":\"https:\/\/pressetaux.fr\/bethune\/?s={search_term_string}\"},\"query-input\":\"required name=search_term_string\"}],\"inLanguage\":\"fr-FR\"},{\"@type\":\"ImageObject\",\"@id\":\"https:\/\/pressetaux.fr\/bethune\/#primaryimage\",\"inLanguage\":\"fr-FR\",\"url\":\"https:\/\/pressetaux.fr\/bethune\/wp-content\/uploads\/sites\/4\/2020\/06\/Nos_clients_temoignent.png\",\"contentUrl\":\"https:\/\/pressetaux.fr\/bethune\/wp-content\/uploads\/sites\/4\/2020\/06\/Nos_clients_temoignent.png\",\"width\":105,\"height\":72},{\"@type\":\"WebPage\",\"@id\":\"https:\/\/pressetaux.fr\/bethune\/#webpage\",\"url\":\"https:\/\/pressetaux.fr\/bethune\/\",\"name\":\"Courtier en cr\\u00e9dit immobilier \\u00e0 B\\u00e9thune Lens - PresseTaux\",\"isPartOf\":{\"@id\":\"https:\/\/pressetaux.fr\/bethune\/#website\"},\"primaryImageOfPage\":{\"@id\":\"https:\/\/pressetaux.fr\/bethune\/#primaryimage\"},\"datePublished\":\"2015-10-05T08:38:55+00:00\",\"dateModified\":\"2026-02-06T12:17:48+00:00\",\"description\":\"PresseTaux courtier en cr\\u00e9dit immobilier \\u00e0 B\\u00e9thune Lens vous accompagne sur l'ensemble de vos projets. Etude personnalis\\u00e9e et gratuite.\",\"breadcrumb\":{\"@id\":\"https:\/\/pressetaux.fr\/bethune\/#breadcrumb\"},\"inLanguage\":\"fr-FR\",\"potentialAction\":[{\"@type\":\"ReadAction\",\"target\":[\"https:\/\/pressetaux.fr\/bethune\/\"]}]},{\"@type\":\"BreadcrumbList\",\"@id\":\"https:\/\/pressetaux.fr\/bethune\/#breadcrumb\",\"itemListElement\":[{\"@type\":\"ListItem\",\"position\":1,\"name\":\"Courtier cr\\u00e9dit immobilier Bethune et Lens\"}]}]}<\/script>\n<!-- \/ Yoast SEO plugin. -->","yoast_head_json":{"title":"Courtier en cr\u00e9dit immobilier \u00e0 B\u00e9thune Lens - PresseTaux","description":"PresseTaux courtier en cr\u00e9dit immobilier \u00e0 B\u00e9thune Lens vous accompagne sur l'ensemble de vos projets. Etude personnalis\u00e9e et gratuite.","robots":{"index":"index","follow":"follow","max-snippet":"max-snippet:-1","max-image-preview":"max-image-preview:large","max-video-preview":"max-video-preview:-1"},"canonical":"https:\/\/pressetaux.fr\/bethune\/","twitter_misc":{"Dur\u00e9e de lecture estim\u00e9e":"3 minutes"},"schema":{"@context":"https:\/\/schema.org","@graph":[{"@type":"Organization","@id":"https:\/\/pressetaux.fr\/bethune\/#organization","name":"PresseTaux B\u00e9thune - Lens","url":"https:\/\/pressetaux.fr\/bethune\/","sameAs":["https:\/\/www.facebook.com\/presse.tauxbethune?locale=fr_FR"],"logo":{"@type":"ImageObject","@id":"https:\/\/pressetaux.fr\/bethune\/#logo","inLanguage":"fr-FR","url":"https:\/\/pressetaux.fr\/bethune\/wp-content\/uploads\/sites\/4\/2022\/03\/LogoPressetaux.jpg","contentUrl":"https:\/\/pressetaux.fr\/bethune\/wp-content\/uploads\/sites\/4\/2022\/03\/LogoPressetaux.jpg","width":1776,"height":997,"caption":"PresseTaux B\u00e9thune - Lens"},"image":{"@id":"https:\/\/pressetaux.fr\/bethune\/#logo"}},{"@type":"WebSite","@id":"https:\/\/pressetaux.fr\/bethune\/#website","url":"https:\/\/pressetaux.fr\/bethune\/","name":"PresseTaux B\u00e9thune","description":"COURTIER EN CREDIT","publisher":{"@id":"https:\/\/pressetaux.fr\/bethune\/#organization"},"potentialAction":[{"@type":"SearchAction","target":{"@type":"EntryPoint","urlTemplate":"https:\/\/pressetaux.fr\/bethune\/?s={search_term_string}"},"query-input":"required name=search_term_string"}],"inLanguage":"fr-FR"},{"@type":"ImageObject","@id":"https:\/\/pressetaux.fr\/bethune\/#primaryimage","inLanguage":"fr-FR","url":"https:\/\/pressetaux.fr\/bethune\/wp-content\/uploads\/sites\/4\/2020\/06\/Nos_clients_temoignent.png","contentUrl":"https:\/\/pressetaux.fr\/bethune\/wp-content\/uploads\/sites\/4\/2020\/06\/Nos_clients_temoignent.png","width":105,"height":72},{"@type":"WebPage","@id":"https:\/\/pressetaux.fr\/bethune\/#webpage","url":"https:\/\/pressetaux.fr\/bethune\/","name":"Courtier en cr\u00e9dit immobilier \u00e0 B\u00e9thune Lens - PresseTaux","isPartOf":{"@id":"https:\/\/pressetaux.fr\/bethune\/#website"},"primaryImageOfPage":{"@id":"https:\/\/pressetaux.fr\/bethune\/#primaryimage"},"datePublished":"2015-10-05T08:38:55+00:00","dateModified":"2026-02-06T12:17:48+00:00","description":"PresseTaux courtier en cr\u00e9dit immobilier \u00e0 B\u00e9thune Lens vous accompagne sur l'ensemble de vos projets. Etude personnalis\u00e9e et gratuite.","breadcrumb":{"@id":"https:\/\/pressetaux.fr\/bethune\/#breadcrumb"},"inLanguage":"fr-FR","potentialAction":[{"@type":"ReadAction","target":["https:\/\/pressetaux.fr\/bethune\/"]}]},{"@type":"BreadcrumbList","@id":"https:\/\/pressetaux.fr\/bethune\/#breadcrumb","itemListElement":[{"@type":"ListItem","position":1,"name":"Courtier cr\u00e9dit immobilier Bethune et Lens"}]}]}},"_links":{"self":[{"href":"https:\/\/pressetaux.fr\/bethune\/wp-json\/wp\/v2\/pages\/507"}],"collection":[{"href":"https:\/\/pressetaux.fr\/bethune\/wp-json\/wp\/v2\/pages"}],"about":[{"href":"https:\/\/pressetaux.fr\/bethune\/wp-json\/wp\/v2\/types\/page"}],"author":[{"embeddable":true,"href":"https:\/\/pressetaux.fr\/bethune\/wp-json\/wp\/v2\/users\/8"}],"replies":[{"embeddable":true,"href":"https:\/\/pressetaux.fr\/bethune\/wp-json\/wp\/v2\/comments?post=507"}],"version-history":[{"count":0,"href":"https:\/\/pressetaux.fr\/bethune\/wp-json\/wp\/v2\/pages\/507\/revisions"}],"wp:attachment":[{"href":"https:\/\/pressetaux.fr\/bethune\/wp-json\/wp\/v2\/media?parent=507"}],"curies":[{"name":"wp","href":"https:\/\/api.w.org\/{rel}","templated":true}]}}