{"id":602,"date":"2015-10-05T17:07:48","date_gmt":"2015-10-05T16:07:48","guid":{"rendered":"http:\/\/test.pressetaux.fr\/bethune\/?page_id=602"},"modified":"2020-03-13T15:18:52","modified_gmt":"2020-03-13T14:18:52","slug":"zone-interventions-dl-com","status":"publish","type":"page","link":"https:\/\/pressetaux.fr\/bethune\/zone-interventions-dl-com\/","title":{"rendered":"Les zones d&rsquo;interventions"},"content":{"rendered":"<p>[vc_row][vc_column offset=\u00a0\u00bbvc_hidden-sm vc_hidden-xs\u00a0\u00bb][vc_single_image image=\u00a0\u00bb1209&Prime; img_size=\u00a0\u00bbfull\u00a0\u00bb][\/vc_column][\/vc_row][vc_row][vc_column offset=\u00a0\u00bbvc_hidden-lg vc_hidden-md\u00a0\u00bb][vc_column_text]Les diff\u00e9rentes zones <strong>d&rsquo;interventions<\/strong>.[\/vc_column_text][\/vc_column][\/vc_row][vc_row][vc_column][vc_single_image image=\u00a0\u00bb597&Prime; img_size=\u00a0\u00bbfull\u00a0\u00bb][\/vc_column][\/vc_row][vc_row][vc_column][vc_single_image image=\u00a0\u00bb604&Prime; img_size=\u00a0\u00bbmedium\u00a0\u00bb alignment=\u00a0\u00bbcenter\u00a0\u00bb onclick=\u00a0\u00bbimg_link_large\u00a0\u00bb img_link_target=\u00a0\u00bb_blank\u00a0\u00bb][\/vc_column][\/vc_row][vc_row][vc_column][vc_single_image image=\u00a0\u00bb597&Prime; img_size=\u00a0\u00bbfull\u00a0\u00bb][\/vc_column][\/vc_row][vc_row][vc_column][vc_column_text]<\/p>\n<p style=\"text-align: center;\"><strong>Nord<\/strong><\/p>\n<p>[\/vc_column_text][\/vc_column][\/vc_row][vc_row][vc_column][vc_column_text]<\/p>\n<table style=\"font-size: 10px;\" border=\"0\" cellspacing=\"0\">\n<tbody>\n<tr>\n<td>Blaringhem<\/td>\n<td>Illies<\/td>\n<td>La Bass\u00e9e<\/td>\n<td>Salom\u00e9<\/td>\n<\/tr>\n<\/tbody>\n<\/table>\n<p>[\/vc_column_text][\/vc_column][\/vc_row][vc_row][vc_column][vc_column_text]<\/p>\n<p style=\"text-align: center;\"><strong>Pas-de-Calais<\/strong><\/p>\n<p>[\/vc_column_text][\/vc_column][\/vc_row][vc_row][vc_column][vc_column_text]<\/p>\n<table style=\"font-size: 10px;\" border=\"0\" cellspacing=\"0\">\n<tbody>\n<tr>\n<td>Aix-Noulette<\/td>\n<td>Allouagne<\/td>\n<td>Ames<\/td>\n<td>Amettes<\/td>\n<td>Angres<\/td>\n<\/tr>\n<tr>\n<td>Annay<\/td>\n<td>Annequin<\/td>\n<td>Annezin<\/td>\n<td>Arques<\/td>\n<td>Auchel<\/td>\n<\/tr>\n<tr>\n<td>Auchy-au-Bois<\/td>\n<td>Auchy-les-Mines<\/td>\n<td>Aumerval<\/td>\n<td>Avion<\/td>\n<td>Bailleul-l\u00e8s-Pernes<\/td>\n<\/tr>\n<tr>\n<td>Bajus<\/td>\n<td>Barlin<\/td>\n<td>B\u00e9nifontaine<\/td>\n<td>B\u00e9thune<\/td>\n<td>Beugin<\/td>\n<\/tr>\n<tr>\n<td>Beuvry<\/td>\n<td>Billy-Berclau<\/td>\n<td>Billy-Montigny<\/td>\n<td>Blendecques<\/td>\n<td>Blessy<\/td>\n<\/tr>\n<tr>\n<td>Bourecq<\/td>\n<td>Bours<\/td>\n<td>Bouvigny-Boyeffles<\/td>\n<td>Bruay-la-Buissi\u00e8re<\/td>\n<td>Bully-les-Mines<\/td>\n<\/tr>\n<tr>\n<td>Burbure<\/td>\n<td>Busnes<\/td>\n<td>Calonne-Ricouart<\/td>\n<td>Calonne-sur-la-Lys<\/td>\n<td>Camblain-Ch\u00e2telain<\/td>\n<\/tr>\n<tr>\n<td>Cambrin<\/td>\n<td>Campagne-l\u00e8s-Wardrecques<\/td>\n<td>Carvin<\/td>\n<td>Cauchy-\u00e0-la-Tour<\/td>\n<td>Caucourt<\/td>\n<\/tr>\n<tr>\n<td>Chocques<\/td>\n<td>Clarques<\/td>\n<td>Courri\u00e8res<\/td>\n<td>Cuinchy<\/td>\n<td>Di\u00e9val<\/td>\n<\/tr>\n<tr>\n<td>Divion<\/td>\n<td>Dourges<\/td>\n<td>Douvrin<\/td>\n<td>Drocourt<\/td>\n<td>Drouvin-le-Marais<\/td>\n<\/tr>\n<tr>\n<td>Ecquedecques<\/td>\n<td>Ecques<\/td>\n<td>\u00c9leu-dit-Leauwette<\/td>\n<td>Enguinegatte<\/td>\n<td>Esquerdes<\/td>\n<\/tr>\n<tr>\n<td>Essars<\/td>\n<td>Estevelles<\/td>\n<td>Estr\u00e9e-Blanche<\/td>\n<td>Estr\u00e9e-Cauchy<\/td>\n<td>\u00c9vin-Malmaison<\/td>\n<\/tr>\n<tr>\n<td>Febvin-Palfart<\/td>\n<td>Ferfay<\/td>\n<td>Festubert<\/td>\n<td>Fiefs<\/td>\n<td>Fleurbaix<\/td>\n<\/tr>\n<tr>\n<td>Floringhem<\/td>\n<td>Fontaine-l\u00e8s-Hermans<\/td>\n<td>Fouquereuil<\/td>\n<td>Fouqui\u00e8res-l\u00e8s-B\u00e9thune<\/td>\n<td>Fouqui\u00e8res-l\u00e8s-Lens<\/td>\n<\/tr>\n<tr>\n<td>Fresnicourt-le-Dolmen<\/td>\n<td>Fr\u00e9villers<\/td>\n<td>Gauchin-L\u00e9gal<\/td>\n<td>Givenchy-l\u00e8s-la-Bass\u00e9e<\/td>\n<td>Gonnehem<\/td>\n<\/tr>\n<tr>\n<td>Gosnay<\/td>\n<td>Gouy-Servins<\/td>\n<td>Grenay<\/td>\n<td>Guarbecque<\/td>\n<td>Haillicourt<\/td>\n<\/tr>\n<tr>\n<td>Haisnes<\/td>\n<td>Hallines<\/td>\n<td>Ham-en-Artois<\/td>\n<td>Harnes<\/td>\n<td>Helfaut<\/td>\n<\/tr>\n<tr>\n<td>H\u00e9nin-Beaumont<\/td>\n<td>Herbelles<\/td>\n<td>Hermin<\/td>\n<td>Hersin-Coupigny<\/td>\n<td>Hesdigneul-l\u00e8s-B\u00e9thune<\/td>\n<\/tr>\n<tr>\n<td>Heuringhem<\/td>\n<td>Hinges<\/td>\n<td>Houchin<\/td>\n<td>Houdain<\/td>\n<td>Hulluch<\/td>\n<\/tr>\n<tr>\n<td>Inghem<\/td>\n<td>Isbergues<\/td>\n<td>La Comt\u00e9<\/td>\n<td>La Couture<\/td>\n<td>La Thieuloye<\/td>\n<\/tr>\n<tr>\n<td>Labeuvri\u00e8re<\/td>\n<td>Labourse<\/td>\n<td>Lambres<\/td>\n<td>Lapugnoy<\/td>\n<td>Laventie<\/td>\n<\/tr>\n<tr>\n<td>Leforest<\/td>\n<td>Lens<\/td>\n<td>Lespesses<\/td>\n<td>Lestrem<\/td>\n<td>Leulinghem<\/td>\n<\/tr>\n<tr>\n<td>Libercourt<\/td>\n<td>Li\u00e8res<\/td>\n<td>Liettres<\/td>\n<td>Li\u00e9vin<\/td>\n<td>Ligny-l\u00e8s-Aire<\/td>\n<\/tr>\n<tr>\n<td>Lillers<\/td>\n<td>Linghem<\/td>\n<td>Locon<\/td>\n<td>Loison-sous-Lens<\/td>\n<td>Longuenesse<\/td>\n<\/tr>\n<tr>\n<td>Loos-en-Gohelle<\/td>\n<td>Lorgies<\/td>\n<td>Lozinghem<\/td>\n<td>Magnicourt-en-Comte<\/td>\n<td>Maisnil-l\u00e8s-Ruitz<\/td>\n<\/tr>\n<tr>\n<td>Mametz<\/td>\n<td>Marest<\/td>\n<td>Marles-les-Mines<\/td>\n<td>Mazingarbe<\/td>\n<td>Mazinghem<\/td>\n<\/tr>\n<tr>\n<td>M\u00e9ricourt<\/td>\n<td>Meurchin<\/td>\n<td>Monchy-Breton<\/td>\n<td>Mont-Bernanchon<\/td>\n<td>Montigny-en-Gohelle<\/td>\n<\/tr>\n<tr>\n<td>N\u00e9don<\/td>\n<td>N\u00e9donchel<\/td>\n<td>Neuve-Chapelle<\/td>\n<td>Noeux-les-Mines<\/td>\n<td>Norrent-Fontes<\/td>\n<\/tr>\n<tr>\n<td>Noyelles-Godault<\/td>\n<td>Noyelles-l\u00e8s-Vermelles<\/td>\n<td>Noyelles-sous-Lens<\/td>\n<td>Oblinghem<\/td>\n<td>Oignies<\/td>\n<\/tr>\n<tr>\n<td>Ourton<\/td>\n<td>Pernes<\/td>\n<td>Pihem<\/td>\n<td>Pont-\u00e0-Vendin<\/td>\n<td>Pressy<\/td>\n<\/tr>\n<tr>\n<td>Quernes<\/td>\n<td>Quiest\u00e8de<\/td>\n<td>Racquinghem<\/td>\n<td>Rebecques<\/td>\n<td>Rebreuve-Ranchicourt<\/td>\n<\/tr>\n<tr>\n<td>Rely<\/td>\n<td>Richebourg<\/td>\n<td>Robecq<\/td>\n<td>Rombly<\/td>\n<td>Roquetoire<\/td>\n<\/tr>\n<tr>\n<td>Rouvroy<\/td>\n<td>Ruitz<\/td>\n<td>Sachin<\/td>\n<td>Sailly-Labourse<\/td>\n<td>Sailly-sur-la-Lys<\/td>\n<\/tr>\n<tr>\n<td>Sains-en-Gohelle<\/td>\n<td>Sains-l\u00e8s-Pernes<\/td>\n<td>Saint-Floris<\/td>\n<td>Saint-Hilaire-Cottes<\/td>\n<td>Saint-Martin-au-La\u00ebrt<\/td>\n<\/tr>\n<tr>\n<td>Saint-Omer<\/td>\n<td>Saint-Venant<\/td>\n<td>Sallaumines<\/td>\n<td>Servins<\/td>\n<td>Tangry<\/td>\n<\/tr>\n<tr>\n<td>Tatinghem<\/td>\n<td>Th\u00e9rouanne<\/td>\n<td>Vaudricourt<\/td>\n<td>Vendin-le-Vieil<\/td>\n<td>Vendin-l\u00e8s-B\u00e9thune<\/td>\n<\/tr>\n<tr>\n<td>Vermelles<\/td>\n<td>Verquigneul<\/td>\n<td>Verquin<\/td>\n<td>Vieille-Chapelle<\/td>\n<td>Violaines<\/td>\n<\/tr>\n<tr>\n<td>Wardrecques<\/td>\n<td>Westrehem<\/td>\n<td>Wingles<\/td>\n<td>Wisques<\/td>\n<td>Witternesse<\/td>\n<\/tr>\n<tr>\n<td>Wittes<\/td>\n<td>Wizernes<\/td>\n<\/tr>\n<\/tbody>\n<\/table>\n<p>[\/vc_column_text][\/vc_column][\/vc_row]<\/p>\n","protected":false},"excerpt":{"rendered":"<p>[vc_row][vc_column offset=\u00a0\u00bbvc_hidden-sm vc_hidden-xs\u00a0\u00bb][vc_single_image image=\u00a0\u00bb1209&Prime; img_size=\u00a0\u00bbfull\u00a0\u00bb][\/vc_column][\/vc_row][vc_row][vc_column offset=\u00a0\u00bbvc_hidden-lg vc_hidden-md\u00a0\u00bb][vc_column_text]Les diff\u00e9rentes zones d&rsquo;interventions.[\/vc_column_text][\/vc_column][\/vc_row][vc_row][vc_column][vc_single_image image=\u00a0\u00bb597&Prime; img_size=\u00a0\u00bbfull\u00a0\u00bb][\/vc_column][\/vc_row][vc_row][vc_column][vc_single_image image=\u00a0\u00bb604&Prime; img_size=\u00a0\u00bbmedium\u00a0\u00bb alignment=\u00a0\u00bbcenter\u00a0\u00bb onclick=\u00a0\u00bbimg_link_large\u00a0\u00bb img_link_target=\u00a0\u00bb_blank\u00a0\u00bb][\/vc_column][\/vc_row][vc_row][vc_column][vc_single_image image=\u00a0\u00bb597&Prime; img_size=\u00a0\u00bbfull\u00a0\u00bb][\/vc_column][\/vc_row][vc_row][vc_column][vc_column_text] Nord [\/vc_column_text][\/vc_column][\/vc_row][vc_row][vc_column][vc_column_text] Blaringhem Illies La Bass\u00e9e Salom\u00e9 [\/vc_column_text][\/vc_column][\/vc_row][vc_row][vc_column][vc_column_text] Pas-de-Calais [\/vc_column_text][\/vc_column][\/vc_row][vc_row][vc_column][vc_column_text] Aix-Noulette Allouagne Ames Amettes Angres Annay Annequin Annezin Arques Auchel Auchy-au-Bois Auchy-les-Mines Aumerval Avion Bailleul-l\u00e8s-Pernes Bajus Barlin B\u00e9nifontaine B\u00e9thune Beugin Beuvry Billy-Berclau Billy-Montigny Blendecques Blessy Bourecq Bours Bouvigny-Boyeffles Bruay-la-Buissi\u00e8re Bully-les-Mines Burbure Busnes Calonne-Ricouart Calonne-sur-la-Lys Camblain-Ch\u00e2telain Cambrin Campagne-l\u00e8s-Wardrecques Carvin Cauchy-\u00e0-la-Tour Caucourt Chocques Clarques Courri\u00e8res Cuinchy Di\u00e9val Divion Dourges Douvrin Drocourt Drouvin-le-Marais Ecquedecques Ecques \u00c9leu-dit-Leauwette Enguinegatte Esquerdes Essars Estevelles Estr\u00e9e-Blanche Estr\u00e9e-Cauchy \u00c9vin-Malmaison Febvin-Palfart Ferfay Festubert Fiefs Fleurbaix Floringhem Fontaine-l\u00e8s-Hermans Fouquereuil Fouqui\u00e8res-l\u00e8s-B\u00e9thune Fouqui\u00e8res-l\u00e8s-Lens Fresnicourt-le-Dolmen Fr\u00e9villers Gauchin-L\u00e9gal Givenchy-l\u00e8s-la-Bass\u00e9e Gonnehem Gosnay Gouy-Servins Grenay Guarbecque Haillicourt Haisnes Hallines Ham-en-Artois Harnes Helfaut H\u00e9nin-Beaumont Herbelles Hermin Hersin-Coupigny Hesdigneul-l\u00e8s-B\u00e9thune Heuringhem Hinges Houchin Houdain Hulluch Inghem Isbergues La Comt\u00e9 La Couture La Thieuloye Labeuvri\u00e8re Labourse Lambres Lapugnoy Laventie Leforest Lens Lespesses Lestrem Leulinghem Libercourt Li\u00e8res Liettres Li\u00e9vin Ligny-l\u00e8s-Aire Lillers Linghem Locon Loison-sous-Lens Longuenesse Loos-en-Gohelle Lorgies Lozinghem Magnicourt-en-Comte Maisnil-l\u00e8s-Ruitz Mametz Marest Marles-les-Mines Mazingarbe Mazinghem M\u00e9ricourt Meurchin Monchy-Breton Mont-Bernanchon Montigny-en-Gohelle N\u00e9don N\u00e9donchel Neuve-Chapelle Noeux-les-Mines Norrent-Fontes Noyelles-Godault Noyelles-l\u00e8s-Vermelles Noyelles-sous-Lens Oblinghem Oignies Ourton Pernes Pihem Pont-\u00e0-Vendin Pressy Quernes Quiest\u00e8de Racquinghem Rebecques Rebreuve-Ranchicourt Rely Richebourg Robecq Rombly Roquetoire Rouvroy Ruitz Sachin Sailly-Labourse Sailly-sur-la-Lys Sains-en-Gohelle Sains-l\u00e8s-Pernes Saint-Floris Saint-Hilaire-Cottes Saint-Martin-au-La\u00ebrt Saint-Omer Saint-Venant Sallaumines Servins Tangry Tatinghem Th\u00e9rouanne Vaudricourt Vendin-le-Vieil Vendin-l\u00e8s-B\u00e9thune Vermelles Verquigneul Verquin Vieille-Chapelle Violaines Wardrecques Westrehem Wingles Wisques Witternesse Wittes Wizernes [\/vc_column_text][\/vc_column][\/vc_row]<\/p>\n","protected":false},"author":8,"featured_media":0,"parent":0,"menu_order":0,"comment_status":"closed","ping_status":"closed","template":"","meta":{"_genesis_hide_title":false,"_genesis_hide_breadcrumbs":false,"_genesis_hide_singular_image":false,"_genesis_hide_footer_widgets":false,"_genesis_custom_body_class":"","_genesis_custom_post_class":"","_genesis_layout":""},"yoast_head":"<!-- This site is optimized with the Yoast SEO plugin v17.8 - https:\/\/yoast.com\/wordpress\/plugins\/seo\/ -->\n<title>Les zones d&#039;interventions - Courtiers en cr\u00e9dit n\u00e9goci\u00e9 PresseTaux B\u00e9thune<\/title>\n<meta name=\"description\" content=\"Retrouvez les diff\u00e9rentes zones d&#039;interventions de vos courtiers en cr\u00e9dit n\u00e9goci\u00e9 PresseTaux B\u00e9thune. Contactez nous d\u00e8s maintenant.\" \/>\n<meta name=\"robots\" content=\"index, follow, max-snippet:-1, max-image-preview:large, max-video-preview:-1\" \/>\n<link rel=\"canonical\" href=\"https:\/\/pressetaux.fr\/bethune\/zone-interventions-dl-com\/\" \/>\n<meta name=\"twitter:label1\" content=\"Dur\u00e9e de lecture estim\u00e9e\" \/>\n\t<meta name=\"twitter:data1\" content=\"2 minutes\" \/>\n<script type=\"application\/ld+json\" class=\"yoast-schema-graph\">{\"@context\":\"https:\/\/schema.org\",\"@graph\":[{\"@type\":\"Organization\",\"@id\":\"https:\/\/pressetaux.fr\/bethune\/#organization\",\"name\":\"PresseTaux B\\u00e9thune - Lens\",\"url\":\"https:\/\/pressetaux.fr\/bethune\/\",\"sameAs\":[\"https:\/\/www.facebook.com\/presse.tauxbethune?locale=fr_FR\"],\"logo\":{\"@type\":\"ImageObject\",\"@id\":\"https:\/\/pressetaux.fr\/bethune\/#logo\",\"inLanguage\":\"fr-FR\",\"url\":\"https:\/\/pressetaux.fr\/bethune\/wp-content\/uploads\/sites\/4\/2022\/03\/LogoPressetaux.jpg\",\"contentUrl\":\"https:\/\/pressetaux.fr\/bethune\/wp-content\/uploads\/sites\/4\/2022\/03\/LogoPressetaux.jpg\",\"width\":1776,\"height\":997,\"caption\":\"PresseTaux B\\u00e9thune - Lens\"},\"image\":{\"@id\":\"https:\/\/pressetaux.fr\/bethune\/#logo\"}},{\"@type\":\"WebSite\",\"@id\":\"https:\/\/pressetaux.fr\/bethune\/#website\",\"url\":\"https:\/\/pressetaux.fr\/bethune\/\",\"name\":\"PresseTaux B\\u00e9thune\",\"description\":\"COURTIER EN CREDIT\",\"publisher\":{\"@id\":\"https:\/\/pressetaux.fr\/bethune\/#organization\"},\"potentialAction\":[{\"@type\":\"SearchAction\",\"target\":{\"@type\":\"EntryPoint\",\"urlTemplate\":\"https:\/\/pressetaux.fr\/bethune\/?s={search_term_string}\"},\"query-input\":\"required name=search_term_string\"}],\"inLanguage\":\"fr-FR\"},{\"@type\":\"WebPage\",\"@id\":\"https:\/\/pressetaux.fr\/bethune\/zone-interventions-dl-com\/#webpage\",\"url\":\"https:\/\/pressetaux.fr\/bethune\/zone-interventions-dl-com\/\",\"name\":\"Les zones d'interventions - Courtiers en cr\\u00e9dit n\\u00e9goci\\u00e9 PresseTaux B\\u00e9thune\",\"isPartOf\":{\"@id\":\"https:\/\/pressetaux.fr\/bethune\/#website\"},\"datePublished\":\"2015-10-05T16:07:48+00:00\",\"dateModified\":\"2020-03-13T14:18:52+00:00\",\"description\":\"Retrouvez les diff\\u00e9rentes zones d'interventions de vos courtiers en cr\\u00e9dit n\\u00e9goci\\u00e9 PresseTaux B\\u00e9thune. Contactez nous d\\u00e8s maintenant.\",\"breadcrumb\":{\"@id\":\"https:\/\/pressetaux.fr\/bethune\/zone-interventions-dl-com\/#breadcrumb\"},\"inLanguage\":\"fr-FR\",\"potentialAction\":[{\"@type\":\"ReadAction\",\"target\":[\"https:\/\/pressetaux.fr\/bethune\/zone-interventions-dl-com\/\"]}]},{\"@type\":\"BreadcrumbList\",\"@id\":\"https:\/\/pressetaux.fr\/bethune\/zone-interventions-dl-com\/#breadcrumb\",\"itemListElement\":[{\"@type\":\"ListItem\",\"position\":1,\"name\":\"Les zones d&rsquo;interventions\"}]}]}<\/script>\n<!-- \/ Yoast SEO plugin. -->","yoast_head_json":{"title":"Les zones d'interventions - Courtiers en cr\u00e9dit n\u00e9goci\u00e9 PresseTaux B\u00e9thune","description":"Retrouvez les diff\u00e9rentes zones d'interventions de vos courtiers en cr\u00e9dit n\u00e9goci\u00e9 PresseTaux B\u00e9thune. Contactez nous d\u00e8s maintenant.","robots":{"index":"index","follow":"follow","max-snippet":"max-snippet:-1","max-image-preview":"max-image-preview:large","max-video-preview":"max-video-preview:-1"},"canonical":"https:\/\/pressetaux.fr\/bethune\/zone-interventions-dl-com\/","twitter_misc":{"Dur\u00e9e de lecture estim\u00e9e":"2 minutes"},"schema":{"@context":"https:\/\/schema.org","@graph":[{"@type":"Organization","@id":"https:\/\/pressetaux.fr\/bethune\/#organization","name":"PresseTaux B\u00e9thune - Lens","url":"https:\/\/pressetaux.fr\/bethune\/","sameAs":["https:\/\/www.facebook.com\/presse.tauxbethune?locale=fr_FR"],"logo":{"@type":"ImageObject","@id":"https:\/\/pressetaux.fr\/bethune\/#logo","inLanguage":"fr-FR","url":"https:\/\/pressetaux.fr\/bethune\/wp-content\/uploads\/sites\/4\/2022\/03\/LogoPressetaux.jpg","contentUrl":"https:\/\/pressetaux.fr\/bethune\/wp-content\/uploads\/sites\/4\/2022\/03\/LogoPressetaux.jpg","width":1776,"height":997,"caption":"PresseTaux B\u00e9thune - Lens"},"image":{"@id":"https:\/\/pressetaux.fr\/bethune\/#logo"}},{"@type":"WebSite","@id":"https:\/\/pressetaux.fr\/bethune\/#website","url":"https:\/\/pressetaux.fr\/bethune\/","name":"PresseTaux B\u00e9thune","description":"COURTIER EN CREDIT","publisher":{"@id":"https:\/\/pressetaux.fr\/bethune\/#organization"},"potentialAction":[{"@type":"SearchAction","target":{"@type":"EntryPoint","urlTemplate":"https:\/\/pressetaux.fr\/bethune\/?s={search_term_string}"},"query-input":"required name=search_term_string"}],"inLanguage":"fr-FR"},{"@type":"WebPage","@id":"https:\/\/pressetaux.fr\/bethune\/zone-interventions-dl-com\/#webpage","url":"https:\/\/pressetaux.fr\/bethune\/zone-interventions-dl-com\/","name":"Les zones d'interventions - Courtiers en cr\u00e9dit n\u00e9goci\u00e9 PresseTaux B\u00e9thune","isPartOf":{"@id":"https:\/\/pressetaux.fr\/bethune\/#website"},"datePublished":"2015-10-05T16:07:48+00:00","dateModified":"2020-03-13T14:18:52+00:00","description":"Retrouvez les diff\u00e9rentes zones d'interventions de vos courtiers en cr\u00e9dit n\u00e9goci\u00e9 PresseTaux B\u00e9thune. Contactez nous d\u00e8s maintenant.","breadcrumb":{"@id":"https:\/\/pressetaux.fr\/bethune\/zone-interventions-dl-com\/#breadcrumb"},"inLanguage":"fr-FR","potentialAction":[{"@type":"ReadAction","target":["https:\/\/pressetaux.fr\/bethune\/zone-interventions-dl-com\/"]}]},{"@type":"BreadcrumbList","@id":"https:\/\/pressetaux.fr\/bethune\/zone-interventions-dl-com\/#breadcrumb","itemListElement":[{"@type":"ListItem","position":1,"name":"Les zones d&rsquo;interventions"}]}]}},"_links":{"self":[{"href":"https:\/\/pressetaux.fr\/bethune\/wp-json\/wp\/v2\/pages\/602"}],"collection":[{"href":"https:\/\/pressetaux.fr\/bethune\/wp-json\/wp\/v2\/pages"}],"about":[{"href":"https:\/\/pressetaux.fr\/bethune\/wp-json\/wp\/v2\/types\/page"}],"author":[{"embeddable":true,"href":"https:\/\/pressetaux.fr\/bethune\/wp-json\/wp\/v2\/users\/8"}],"replies":[{"embeddable":true,"href":"https:\/\/pressetaux.fr\/bethune\/wp-json\/wp\/v2\/comments?post=602"}],"version-history":[{"count":0,"href":"https:\/\/pressetaux.fr\/bethune\/wp-json\/wp\/v2\/pages\/602\/revisions"}],"wp:attachment":[{"href":"https:\/\/pressetaux.fr\/bethune\/wp-json\/wp\/v2\/media?parent=602"}],"curies":[{"name":"wp","href":"https:\/\/api.w.org\/{rel}","templated":true}]}}