{"id":711,"date":"2013-07-11T10:35:37","date_gmt":"2013-07-11T09:35:37","guid":{"rendered":"http:\/\/www.pressetaux.fr\/bethune\/?page_id=12"},"modified":"2017-03-21T09:59:56","modified_gmt":"2017-03-21T08:59:56","slug":"simulations","status":"publish","type":"page","link":"https:\/\/pressetaux.fr\/bethune\/simulations\/","title":{"rendered":"Calculez vos mensualit\u00e9s de remboursement"},"content":{"rendered":"","protected":false},"excerpt":{"rendered":"","protected":false},"author":8,"featured_media":0,"parent":0,"menu_order":0,"comment_status":"closed","ping_status":"closed","template":"template-simulationBethune.php","meta":{"_genesis_hide_title":false,"_genesis_hide_breadcrumbs":false,"_genesis_hide_singular_image":false,"_genesis_hide_footer_widgets":false,"_genesis_custom_body_class":"","_genesis_custom_post_class":"","_genesis_layout":""},"yoast_head":"\nOutil de Simulations : Calculez vos mensualit\u00e9s de remboursement - outil de calcul totalement gratuit<\/title>\n<meta name=\"description\" content=\"Outil de Simulations : Calculez vos mensualit\u00e9s de remboursement, votre capacit\u00e9 d'achat, votre taux d'endettement ou vos frais de notaire.\" \/>\n<meta name=\"robots\" content=\"index, follow, max-snippet:-1, max-image-preview:large, max-video-preview:-1\" \/>\n<link rel=\"canonical\" href=\"https:\/\/pressetaux.fr\/bethune\/simulations\/\" \/>\n<script type=\"application\/ld+json\" class=\"yoast-schema-graph\">{\"@context\":\"https:\/\/schema.org\",\"@graph\":[{\"@type\":\"Organization\",\"@id\":\"https:\/\/pressetaux.fr\/bethune\/#organization\",\"name\":\"PresseTaux B\\u00e9thune - Lens\",\"url\":\"https:\/\/pressetaux.fr\/bethune\/\",\"sameAs\":[\"https:\/\/www.facebook.com\/presse.tauxbethune?locale=fr_FR\"],\"logo\":{\"@type\":\"ImageObject\",\"@id\":\"https:\/\/pressetaux.fr\/bethune\/#logo\",\"inLanguage\":\"fr-FR\",\"url\":\"https:\/\/pressetaux.fr\/bethune\/wp-content\/uploads\/sites\/4\/2022\/03\/LogoPressetaux.jpg\",\"contentUrl\":\"https:\/\/pressetaux.fr\/bethune\/wp-content\/uploads\/sites\/4\/2022\/03\/LogoPressetaux.jpg\",\"width\":1776,\"height\":997,\"caption\":\"PresseTaux B\\u00e9thune - Lens\"},\"image\":{\"@id\":\"https:\/\/pressetaux.fr\/bethune\/#logo\"}},{\"@type\":\"WebSite\",\"@id\":\"https:\/\/pressetaux.fr\/bethune\/#website\",\"url\":\"https:\/\/pressetaux.fr\/bethune\/\",\"name\":\"PresseTaux B\\u00e9thune\",\"description\":\"COURTIER EN CREDIT\",\"publisher\":{\"@id\":\"https:\/\/pressetaux.fr\/bethune\/#organization\"},\"potentialAction\":[{\"@type\":\"SearchAction\",\"target\":{\"@type\":\"EntryPoint\",\"urlTemplate\":\"https:\/\/pressetaux.fr\/bethune\/?s={search_term_string}\"},\"query-input\":\"required name=search_term_string\"}],\"inLanguage\":\"fr-FR\"},{\"@type\":\"WebPage\",\"@id\":\"https:\/\/pressetaux.fr\/bethune\/simulations\/#webpage\",\"url\":\"https:\/\/pressetaux.fr\/bethune\/simulations\/\",\"name\":\"Outil de Simulations : Calculez vos mensualit\\u00e9s de remboursement - outil de calcul totalement gratuit\",\"isPartOf\":{\"@id\":\"https:\/\/pressetaux.fr\/bethune\/#website\"},\"datePublished\":\"2013-07-11T09:35:37+00:00\",\"dateModified\":\"2017-03-21T08:59:56+00:00\",\"description\":\"Outil de Simulations : Calculez vos mensualit\\u00e9s de remboursement, votre capacit\\u00e9 d'achat, votre taux d'endettement ou vos frais de notaire.\",\"breadcrumb\":{\"@id\":\"https:\/\/pressetaux.fr\/bethune\/simulations\/#breadcrumb\"},\"inLanguage\":\"fr-FR\",\"potentialAction\":[{\"@type\":\"ReadAction\",\"target\":[\"https:\/\/pressetaux.fr\/bethune\/simulations\/\"]}]},{\"@type\":\"BreadcrumbList\",\"@id\":\"https:\/\/pressetaux.fr\/bethune\/simulations\/#breadcrumb\",\"itemListElement\":[{\"@type\":\"ListItem\",\"position\":1,\"name\":\"Calculez vos mensualit\\u00e9s de remboursement\"}]}]}<\/script>\n<!-- \/ Yoast SEO plugin. -->","yoast_head_json":{"title":"Outil de Simulations : Calculez vos mensualit\u00e9s de remboursement - outil de calcul totalement gratuit","description":"Outil de Simulations : Calculez vos mensualit\u00e9s de remboursement, votre capacit\u00e9 d'achat, votre taux d'endettement ou vos frais de notaire.","robots":{"index":"index","follow":"follow","max-snippet":"max-snippet:-1","max-image-preview":"max-image-preview:large","max-video-preview":"max-video-preview:-1"},"canonical":"https:\/\/pressetaux.fr\/bethune\/simulations\/","schema":{"@context":"https:\/\/schema.org","@graph":[{"@type":"Organization","@id":"https:\/\/pressetaux.fr\/bethune\/#organization","name":"PresseTaux B\u00e9thune - Lens","url":"https:\/\/pressetaux.fr\/bethune\/","sameAs":["https:\/\/www.facebook.com\/presse.tauxbethune?locale=fr_FR"],"logo":{"@type":"ImageObject","@id":"https:\/\/pressetaux.fr\/bethune\/#logo","inLanguage":"fr-FR","url":"https:\/\/pressetaux.fr\/bethune\/wp-content\/uploads\/sites\/4\/2022\/03\/LogoPressetaux.jpg","contentUrl":"https:\/\/pressetaux.fr\/bethune\/wp-content\/uploads\/sites\/4\/2022\/03\/LogoPressetaux.jpg","width":1776,"height":997,"caption":"PresseTaux B\u00e9thune - Lens"},"image":{"@id":"https:\/\/pressetaux.fr\/bethune\/#logo"}},{"@type":"WebSite","@id":"https:\/\/pressetaux.fr\/bethune\/#website","url":"https:\/\/pressetaux.fr\/bethune\/","name":"PresseTaux B\u00e9thune","description":"COURTIER EN CREDIT","publisher":{"@id":"https:\/\/pressetaux.fr\/bethune\/#organization"},"potentialAction":[{"@type":"SearchAction","target":{"@type":"EntryPoint","urlTemplate":"https:\/\/pressetaux.fr\/bethune\/?s={search_term_string}"},"query-input":"required name=search_term_string"}],"inLanguage":"fr-FR"},{"@type":"WebPage","@id":"https:\/\/pressetaux.fr\/bethune\/simulations\/#webpage","url":"https:\/\/pressetaux.fr\/bethune\/simulations\/","name":"Outil de Simulations : Calculez vos mensualit\u00e9s de remboursement - outil de calcul totalement gratuit","isPartOf":{"@id":"https:\/\/pressetaux.fr\/bethune\/#website"},"datePublished":"2013-07-11T09:35:37+00:00","dateModified":"2017-03-21T08:59:56+00:00","description":"Outil de Simulations : Calculez vos mensualit\u00e9s de remboursement, votre capacit\u00e9 d'achat, votre taux d'endettement ou vos frais de notaire.","breadcrumb":{"@id":"https:\/\/pressetaux.fr\/bethune\/simulations\/#breadcrumb"},"inLanguage":"fr-FR","potentialAction":[{"@type":"ReadAction","target":["https:\/\/pressetaux.fr\/bethune\/simulations\/"]}]},{"@type":"BreadcrumbList","@id":"https:\/\/pressetaux.fr\/bethune\/simulations\/#breadcrumb","itemListElement":[{"@type":"ListItem","position":1,"name":"Calculez vos mensualit\u00e9s de remboursement"}]}]}},"_links":{"self":[{"href":"https:\/\/pressetaux.fr\/bethune\/wp-json\/wp\/v2\/pages\/711"}],"collection":[{"href":"https:\/\/pressetaux.fr\/bethune\/wp-json\/wp\/v2\/pages"}],"about":[{"href":"https:\/\/pressetaux.fr\/bethune\/wp-json\/wp\/v2\/types\/page"}],"author":[{"embeddable":true,"href":"https:\/\/pressetaux.fr\/bethune\/wp-json\/wp\/v2\/users\/8"}],"replies":[{"embeddable":true,"href":"https:\/\/pressetaux.fr\/bethune\/wp-json\/wp\/v2\/comments?post=711"}],"version-history":[{"count":0,"href":"https:\/\/pressetaux.fr\/bethune\/wp-json\/wp\/v2\/pages\/711\/revisions"}],"wp:attachment":[{"href":"https:\/\/pressetaux.fr\/bethune\/wp-json\/wp\/v2\/media?parent=711"}],"curies":[{"name":"wp","href":"https:\/\/api.w.org\/{rel}","templated":true}]}}