{"id":1017,"date":"2016-08-25T13:34:32","date_gmt":"2016-08-25T12:34:32","guid":{"rendered":"http:\/\/pressetaux.fr\/cambrai\/?page_id=1017"},"modified":"2026-02-06T13:18:07","modified_gmt":"2026-02-06T12:18:07","slug":"courtage-a-cambrai","status":"publish","type":"page","link":"https:\/\/pressetaux.fr\/cambrai\/","title":{"rendered":"Courtier cr\u00e9dit immobilier Cambrai"},"content":{"rendered":"<p>[vc_row][vc_column width=\u00a0\u00bb1\/2&Prime; offset=\u00a0\u00bbvc_hidden-sm\u00a0\u00bb][rev_slider_vc alias=\u00a0\u00bbaccueil\u00a0\u00bb el_class=\u00a0\u00bbslidept\u00a0\u00bb][\/vc_column][vc_column width=\u00a0\u00bb1\/2&Prime; offset=\u00a0\u00bbvc_hidden-sm\u00a0\u00bb][vc_single_image image=\u00a0\u00bb2705&Prime; img_size=\u00a0\u00bbfull\u00a0\u00bb alignment=\u00a0\u00bbright\u00a0\u00bb el_class=\u00a0\u00bbtaux\u00a0\u00bb][\/vc_column][\/vc_row][vc_row][vc_column offset=\u00a0\u00bbvc_hidden-sm vc_hidden-xs\u00a0\u00bb][vc_column_text]<\/p>\n<h6><strong><em>*Taux soumis \u00e0 conditions. Les taux tels que pr\u00e9sent\u00e9s sont des taux nominaux, ils sont fonction des bar\u00e8mes de nos partenaires bancaires. Ces taux s\u2019entendent hors frais de notaire, hors frais de garantie, hors assurance et frais d\u2019interm\u00e9diation.<\/em><\/strong><\/h6>\n<h6><em>L&#8217;emprunteur dispose d&rsquo;un d\u00e9lai de r\u00e9flexion de 10 jours, la vente est subordonn\u00e9e \u00e0 l&rsquo;obtention du pr\u00eat si celui-ci n&rsquo;est pas obtenu, le vendeur devra lui rembourser les sommes vers\u00e9es.<\/em><\/h6>\n<p>[\/vc_column_text][\/vc_column][\/vc_row][vc_row][vc_column][vc_column_text]<\/p>\n<table align=\"center\">\n<tbody>\n<tr>\n<td><img loading=\"lazy\" class=\"wp-image-1263 alignright\" src=\"https:\/\/pressetaux.fr\/cambrai\/wp-content\/uploads\/sites\/3\/2020\/06\/Nos_clients_temoignent.png\" alt=\"\" width=\"80\" height=\"55\" \/><\/td>\n<td style=\"text-align: center;\"><a href=\"https:\/\/pressetaux.fr\/cambrai\/category\/temoignagesblog\/\"><span style=\"color: #ff9900; font-size: 26px; text-align: center;\">Retrouvez nos t\u00e9moignages clients ici &#8230;<\/span><\/a><\/td>\n<td><img loading=\"lazy\" class=\"wp-image-1263 alignleft\" src=\"https:\/\/pressetaux.fr\/cambrai\/wp-content\/uploads\/sites\/3\/2020\/06\/Nos_clients_temoignent.png\" alt=\"\" width=\"80\" height=\"55\" \/><\/td>\n<\/tr>\n<\/tbody>\n<\/table>\n<p>[\/vc_column_text][\/vc_column][\/vc_row][vc_row][vc_column][vc_column_text]<\/p>\n<h2 style=\"text-align: center; color: #000000;\">PresseTaux Cambrai votre courtier en cr\u00e9dit immobilier.<\/h2>\n<p>[\/vc_column_text][\/vc_column][\/vc_row][vc_row][vc_column][vc_column_text]<\/p>\n<p style=\"font-size: 11px; text-align: left;\"><img loading=\"lazy\" class=\"alignright wp-image-743 size-full\" src=\"https:\/\/pressetaux.fr\/cambrai\/wp-content\/uploads\/sites\/3\/2015\/10\/courtier_presssetaux.png\" alt=\"courtier en cr\u00e9dit immobilier\" width=\"184\" height=\"99\" srcset=\"https:\/\/pressetaux.fr\/cambrai\/wp-content\/uploads\/sites\/3\/2015\/10\/courtier_presssetaux.png 184w, https:\/\/pressetaux.fr\/cambrai\/wp-content\/uploads\/sites\/3\/2015\/10\/courtier_presssetaux-24x13.png 24w, https:\/\/pressetaux.fr\/cambrai\/wp-content\/uploads\/sites\/3\/2015\/10\/courtier_presssetaux-36x19.png 36w, https:\/\/pressetaux.fr\/cambrai\/wp-content\/uploads\/sites\/3\/2015\/10\/courtier_presssetaux-48x26.png 48w\" sizes=\"(max-width: 184px) 100vw, 184px\" \/>Votre agence PresseTaux courtier en cr\u00e9dit immobilier intervient sur Cambrai et ses environs, pour vous permettre d&rsquo;obtenir un pr\u00eat dans les meilleures conditions sur l&rsquo;ensemble de vos projets :<\/p>\n<p><strong>&#8211; Achat de votre r\u00e9sidence principale<\/strong><br \/>\n<strong>&#8211; Achat locatif<\/strong><br \/>\n<strong>&#8211; D\u00e9fiscalisation<\/strong><br \/>\n<strong>&#8211; Achat r\u00e9sidence secondaire<\/strong><br \/>\n<strong>&#8211; Ren\u00e9gociation de votre cr\u00e9dit immobilier<\/strong><br \/>\n<strong>&#8211; Ren\u00e9gociation de votre assurance de pr\u00eat<\/strong><br \/>\n<strong>&#8211; Restructuration de vos cr\u00e9dits pour all\u00e9ger vos mensualit\u00e9s<\/strong><br \/>\n<strong>&#8211; Rachat de soulte<\/strong><br \/>\n<strong>&#8211; Financement de travaux<\/strong><\/p>\n<p>Nous avons h\u00e2te de vous rencontrer, n&rsquo;h\u00e9sitez pas \u00e0 nous demander <a href=\"https:\/\/pressetaux.fr\/cambrai\/etude-personnalisee\/\"><span style=\"color: #f9b200;\"><strong>votre \u00e9tude personnalis\u00e9e gratuite !<\/strong><\/span><\/a><\/p>\n<p>Depuis 2006, Eric Bossaert s&rsquo;occupe particuli\u00e8rement de Cambrai et ses environs (Proville, Sailly-lez-Cambrai<br \/>\n, Tilloy-lez-Cambrai, Villers-Outr\u00e9aux&#8230;). Christophe Lamand, quant \u00e0 lui g\u00e8re Douai et ses environs (Auberchicourt, Marquion, Pecquencourt, Sin-le-Noble, Wavrechain-sous-Denain&#8230;) depuis 2008.<br \/>\nVous avez un projet immobilier ? Rencontrons-nous afin de le concr\u00e9tiser.<\/p>\n<p>Ils nous ont fait confiance, retrouvez leurs avis et t\u00e9moignages sur : <a href=\"https:\/\/www.google.fr\/search?q=PresseTaux+Cambrai&amp;source=hp&amp;ei=jZW4YfWbEtGRlwTbzpOQAQ&amp;iflsig=ALs-wAMAAAAAYbijnSSuFrAn5ygdes8O44PmpX28DVdT&amp;ved=0ahUKEwi1lu2_rOP0AhXRyIUKHVvnBBIQ4dUDCAs&amp;uact=5&amp;oq=PresseTaux+Cambrai&amp;gs_lcp=Cgdnd3Mtd2l6EAMyCwguEIAEEMcBEK8BMgIIJjoLCAAQgAQQsQMQgwE6EQguEIAEELEDEIMBEMcBEKMCOg4ILhCABBCxAxDHARDRAzoLCC4QgAQQxwEQowI6CwguEIAEELEDEIMBOggIABCABBCxAzoOCC4QgAQQsQMQxwEQowI6BQgAEIAEOggIABCxAxCDAToICC4QgAQQsQM6BQguEIAEOgQILhADOgsIABCxAxCDARDJAzoHCAAQgAQQCjoGCAAQFhAeUABYyxxg0CBoAHAAeAGAAcABiAGnD5IBBDcuMTGYAQCgAQE&amp;sclient=gws-wiz#lrd=0x47c2bc97da2d3b45:0x92fbe297ac21b3e,1,,,\" target=\"blank\" rel=\"noopener noreferrer\">Google<\/a>, <a href=\"https:\/\/pressetaux.fr\/cambrai\/category\/temoignagesblog\/\">Nos t\u00e9moignages<\/a> et <a href=\"https:\/\/www.facebook.com\/pressetauxcambrai\/reviews\/?ref=page_internal&amp;locale=fr_FR\" target=\"blank\" rel=\"noopener noreferrer\">Facebook<\/a><\/p>\n<p style=\"text-align: center; font-size: 11px;\"><a href=\"https:\/\/pressetaux.fr\/cambrai\/courtier-cambrai\/\"><span style=\"color: #ff9900;\"><strong>\u00c9ric Bossaert\u00a0<\/strong><\/span><\/a>(Cambrai) &amp;\u00a0<a href=\"https:\/\/pressetaux.fr\/cambrai\/courtier-douai\/\"><span style=\"color: #ff9900;\">\u00a0<strong>Christophe Lamand\u00a0<\/strong><\/span><\/a>(Douai)<\/p>\n<p>[\/vc_column_text][\/vc_column][\/vc_row][vc_row][vc_column offset=\u00a0\u00bbvc_hidden-sm vc_hidden-xs\u00a0\u00bb][vc_text_separator title=\u00a0\u00bbNotre programme de parrainage\u00a0\u00bb color=\u00a0\u00bborange\u00a0\u00bb border_width=\u00a0\u00bb2&Prime; el_class=\u00a0\u00bbtitreactualite\u00a0\u00bb][vc_column_text]Nos clients nous ont fait confiance, leur satisfaction est notre priorit\u00e9.<br \/>\nGr\u00e2ce \u00e0 notre programme de parrainage, nos clients b\u00e9n\u00e9ficient d&rsquo;un bon d&rsquo;achat pour tout dossier finalis\u00e9.<br \/>\n<strong>Parrainez un de vos proches, c&rsquo;est tr\u00e8s simple, <a href=\"https:\/\/pressetaux.fr\/cambrai\/parrainez-vos-amis\/\">cliquez-ici !<\/a><\/strong>[\/vc_column_text][\/vc_column][\/vc_row][vc_row][vc_column offset=\u00a0\u00bbvc_hidden-sm vc_hidden-xs\u00a0\u00bb][vc_text_separator title=\u00a0\u00bbNotre derni\u00e8re actualit\u00e9\u00a0\u00bb color=\u00a0\u00bborange\u00a0\u00bb border_width=\u00a0\u00bb2&Prime; el_class=\u00a0\u00bbtitreactualite\u00a0\u00bb][\/vc_column][\/vc_row][vc_row][vc_column offset=\u00a0\u00bbvc_hidden-sm vc_hidden-xs\u00a0\u00bb][vc_basic_grid post_type=\u00a0\u00bbpost\u00a0\u00bb max_items=\u00a0\u00bb1&Prime; style=\u00a0\u00bbload-more\u00a0\u00bb items_per_page=\u00a0\u00bb1&Prime; element_width=\u00a0\u00bb12&Prime; gap=\u00a0\u00bb35&Prime; item=\u00a0\u00bb1078&Prime; btn_color=\u00a0\u00bbdefault\u00a0\u00bb btn_add_icon=\u00a0\u00bbtrue\u00a0\u00bb btn_custom_onclick=\u00a0\u00bbtrue\u00a0\u00bb grid_id=\u00a0\u00bbvc_gid:1770380399354-7d5822a67a0489ab009a7bcbc6f0e347-6&Prime;][\/vc_column][\/vc_row][vc_row][vc_column offset=\u00a0\u00bbvc_hidden-sm vc_hidden-xs\u00a0\u00bb][vc_single_image image=\u00a0\u00bb1080&Prime; img_size=\u00a0\u00bbfull\u00a0\u00bb alignment=\u00a0\u00bbcenter\u00a0\u00bb onclick=\u00a0\u00bbcustom_link\u00a0\u00bb link=\u00a0\u00bbhttps:\/\/pressetaux.fr\/cambrai\/nos-actualites\/\u00a0\u00bb][\/vc_column][\/vc_row]<\/p>\n","protected":false},"excerpt":{"rendered":"<p>[vc_row][vc_column width=\u00a0\u00bb1\/2&Prime; offset=\u00a0\u00bbvc_hidden-sm\u00a0\u00bb][rev_slider_vc alias=\u00a0\u00bbaccueil\u00a0\u00bb el_class=\u00a0\u00bbslidept\u00a0\u00bb][\/vc_column][vc_column width=\u00a0\u00bb1\/2&Prime; offset=\u00a0\u00bbvc_hidden-sm\u00a0\u00bb][vc_single_image image=\u00a0\u00bb2705&Prime; img_size=\u00a0\u00bbfull\u00a0\u00bb alignment=\u00a0\u00bbright\u00a0\u00bb el_class=\u00a0\u00bbtaux\u00a0\u00bb][\/vc_column][\/vc_row][vc_row][vc_column offset=\u00a0\u00bbvc_hidden-sm vc_hidden-xs\u00a0\u00bb][vc_column_text] *Taux soumis \u00e0 conditions. Les taux tels que pr\u00e9sent\u00e9s sont des taux nominaux, ils sont fonction des bar\u00e8mes de nos partenaires bancaires. Ces taux s\u2019entendent hors frais de notaire, hors frais de garantie, hors assurance et frais d\u2019interm\u00e9diation. L&#8217;emprunteur dispose d&rsquo;un d\u00e9lai de r\u00e9flexion de 10 jours, la vente est subordonn\u00e9e \u00e0 l&rsquo;obtention du pr\u00eat si celui-ci n&rsquo;est pas obtenu, le vendeur devra lui rembourser les sommes vers\u00e9es. [\/vc_column_text][\/vc_column][\/vc_row][vc_row][vc_column][vc_column_text] Retrouvez nos t\u00e9moignages clients ici &#8230; [\/vc_column_text][\/vc_column][\/vc_row][vc_row][vc_column][vc_column_text] PresseTaux Cambrai votre courtier en cr\u00e9dit immobilier. [\/vc_column_text][\/vc_column][\/vc_row][vc_row][vc_column][vc_column_text] Votre agence PresseTaux courtier en cr\u00e9dit immobilier intervient sur Cambrai et ses environs, pour vous permettre d&rsquo;obtenir un pr\u00eat dans les meilleures conditions sur l&rsquo;ensemble de vos projets : &#8211; Achat de votre r\u00e9sidence principale &#8211; Achat locatif &#8211; D\u00e9fiscalisation &#8211; Achat r\u00e9sidence secondaire &#8211; Ren\u00e9gociation de votre cr\u00e9dit immobilier &#8211; Ren\u00e9gociation de votre assurance de pr\u00eat &#8211; Restructuration de vos cr\u00e9dits pour all\u00e9ger vos mensualit\u00e9s &#8211; Rachat de soulte &#8211; Financement de travaux Nous avons h\u00e2te de vous rencontrer, n&rsquo;h\u00e9sitez pas \u00e0 nous demander votre \u00e9tude personnalis\u00e9e gratuite ! Depuis 2006, Eric Bossaert s&rsquo;occupe particuli\u00e8rement de Cambrai et ses environs (Proville, Sailly-lez-Cambrai , Tilloy-lez-Cambrai, Villers-Outr\u00e9aux&#8230;). Christophe Lamand, quant \u00e0 lui g\u00e8re Douai et ses environs (Auberchicourt, Marquion, Pecquencourt, Sin-le-Noble, Wavrechain-sous-Denain&#8230;) depuis 2008. Vous avez un projet immobilier ? Rencontrons-nous afin de le concr\u00e9tiser. Ils nous ont fait confiance, retrouvez leurs avis et t\u00e9moignages sur : Google, Nos t\u00e9moignages et Facebook \u00c9ric Bossaert\u00a0(Cambrai) &amp;\u00a0\u00a0Christophe Lamand\u00a0(Douai) [\/vc_column_text][\/vc_column][\/vc_row][vc_row][vc_column offset=\u00a0\u00bbvc_hidden-sm vc_hidden-xs\u00a0\u00bb][vc_text_separator title=\u00a0\u00bbNotre programme de parrainage\u00a0\u00bb color=\u00a0\u00bborange\u00a0\u00bb border_width=\u00a0\u00bb2&Prime; el_class=\u00a0\u00bbtitreactualite\u00a0\u00bb][vc_column_text]Nos clients nous ont fait confiance, leur satisfaction est notre priorit\u00e9. Gr\u00e2ce \u00e0 notre programme de parrainage, nos clients b\u00e9n\u00e9ficient d&rsquo;un bon d&rsquo;achat pour tout dossier finalis\u00e9. Parrainez un de vos proches, c&rsquo;est tr\u00e8s simple, cliquez-ici ![\/vc_column_text][\/vc_column][\/vc_row][vc_row][vc_column offset=\u00a0\u00bbvc_hidden-sm vc_hidden-xs\u00a0\u00bb][vc_text_separator title=\u00a0\u00bbNotre derni\u00e8re actualit\u00e9\u00a0\u00bb color=\u00a0\u00bborange\u00a0\u00bb border_width=\u00a0\u00bb2&Prime; el_class=\u00a0\u00bbtitreactualite\u00a0\u00bb][\/vc_column][\/vc_row][vc_row][vc_column offset=\u00a0\u00bbvc_hidden-sm vc_hidden-xs\u00a0\u00bb][vc_basic_grid post_type=\u00a0\u00bbpost\u00a0\u00bb max_items=\u00a0\u00bb1&Prime; style=\u00a0\u00bbload-more\u00a0\u00bb items_per_page=\u00a0\u00bb1&Prime; element_width=\u00a0\u00bb12&Prime; gap=\u00a0\u00bb35&Prime; item=\u00a0\u00bb1078&Prime; btn_color=\u00a0\u00bbdefault\u00a0\u00bb btn_add_icon=\u00a0\u00bbtrue\u00a0\u00bb btn_custom_onclick=\u00a0\u00bbtrue\u00a0\u00bb grid_id=\u00a0\u00bbvc_gid:1770380399354-7d5822a67a0489ab009a7bcbc6f0e347-6&Prime;][\/vc_column][\/vc_row][vc_row][vc_column offset=\u00a0\u00bbvc_hidden-sm vc_hidden-xs\u00a0\u00bb][vc_single_image image=\u00a0\u00bb1080&Prime; img_size=\u00a0\u00bbfull\u00a0\u00bb alignment=\u00a0\u00bbcenter\u00a0\u00bb onclick=\u00a0\u00bbcustom_link\u00a0\u00bb link=\u00a0\u00bbhttps:\/\/pressetaux.fr\/cambrai\/nos-actualites\/\u00a0\u00bb][\/vc_column][\/vc_row]<\/p>\n","protected":false},"author":8,"featured_media":0,"parent":0,"menu_order":0,"comment_status":"closed","ping_status":"closed","template":"","meta":{"_genesis_hide_title":false,"_genesis_hide_breadcrumbs":false,"_genesis_hide_singular_image":false,"_genesis_hide_footer_widgets":false,"_genesis_custom_body_class":"","_genesis_custom_post_class":"","_genesis_layout":""},"yoast_head":"<!-- This site is optimized with the Yoast SEO plugin v17.8 - https:\/\/yoast.com\/wordpress\/plugins\/seo\/ -->\n<title>Courtier en cr\u00e9dit immobilier \u00e0 Cambrai - PresseTaux<\/title>\n<meta name=\"description\" content=\"PresseTaux courtier en cr\u00e9dit immobilier \u00e0 Cambrai vous accompagne sur l&#039;ensemble de vos projets. Etude personnalis\u00e9e et gratuite.\" \/>\n<meta name=\"robots\" content=\"index, follow, max-snippet:-1, max-image-preview:large, max-video-preview:-1\" \/>\n<link rel=\"canonical\" href=\"https:\/\/pressetaux.fr\/cambrai\/\" \/>\n<meta property=\"og:locale\" content=\"fr_FR\" \/>\n<meta property=\"og:type\" content=\"article\" \/>\n<meta property=\"og:title\" content=\"Courtier en cr\u00e9dit immobilier \u00e0 Cambrai - PresseTaux\" \/>\n<meta property=\"og:description\" content=\"PresseTaux courtier en cr\u00e9dit immobilier \u00e0 Cambrai vous accompagne sur l&#039;ensemble de vos projets. Etude personnalis\u00e9e et gratuite.\" \/>\n<meta property=\"og:url\" content=\"https:\/\/pressetaux.fr\/cambrai\/\" \/>\n<meta property=\"og:site_name\" content=\"PresseTaux Cambrai\" \/>\n<meta property=\"article:publisher\" content=\"https:\/\/www.facebook.com\/pressetauxcambrai?locale=fr_FR\" \/>\n<meta property=\"article:modified_time\" content=\"2026-02-06T12:18:07+00:00\" \/>\n<meta property=\"og:image\" content=\"https:\/\/pressetaux.fr\/cambrai\/wp-content\/uploads\/sites\/3\/2020\/06\/Nos_clients_temoignent.png\" \/>\n<meta name=\"twitter:label1\" content=\"Dur\u00e9e de lecture estim\u00e9e\" \/>\n\t<meta name=\"twitter:data1\" content=\"3 minutes\" \/>\n<script type=\"application\/ld+json\" class=\"yoast-schema-graph\">{\"@context\":\"https:\/\/schema.org\",\"@graph\":[{\"@type\":\"Organization\",\"@id\":\"https:\/\/pressetaux.fr\/cambrai\/#organization\",\"name\":\"PresseTaux Cambrai\",\"url\":\"https:\/\/pressetaux.fr\/cambrai\/\",\"sameAs\":[\"https:\/\/www.facebook.com\/pressetauxcambrai?locale=fr_FR\"],\"logo\":{\"@type\":\"ImageObject\",\"@id\":\"https:\/\/pressetaux.fr\/cambrai\/#logo\",\"inLanguage\":\"fr-FR\",\"url\":\"https:\/\/pressetaux.fr\/cambrai\/wp-content\/uploads\/sites\/3\/2020\/11\/LogoPressetaux.png\",\"contentUrl\":\"https:\/\/pressetaux.fr\/cambrai\/wp-content\/uploads\/sites\/3\/2020\/11\/LogoPressetaux.png\",\"width\":488,\"height\":278,\"caption\":\"PresseTaux Cambrai\"},\"image\":{\"@id\":\"https:\/\/pressetaux.fr\/cambrai\/#logo\"}},{\"@type\":\"WebSite\",\"@id\":\"https:\/\/pressetaux.fr\/cambrai\/#website\",\"url\":\"https:\/\/pressetaux.fr\/cambrai\/\",\"name\":\"PresseTaux Cambrai\",\"description\":\"COURTIER EN CREDIT\",\"publisher\":{\"@id\":\"https:\/\/pressetaux.fr\/cambrai\/#organization\"},\"potentialAction\":[{\"@type\":\"SearchAction\",\"target\":{\"@type\":\"EntryPoint\",\"urlTemplate\":\"https:\/\/pressetaux.fr\/cambrai\/?s={search_term_string}\"},\"query-input\":\"required name=search_term_string\"}],\"inLanguage\":\"fr-FR\"},{\"@type\":\"ImageObject\",\"@id\":\"https:\/\/pressetaux.fr\/cambrai\/#primaryimage\",\"inLanguage\":\"fr-FR\",\"url\":\"https:\/\/pressetaux.fr\/cambrai\/wp-content\/uploads\/sites\/3\/2020\/06\/Nos_clients_temoignent.png\",\"contentUrl\":\"https:\/\/pressetaux.fr\/cambrai\/wp-content\/uploads\/sites\/3\/2020\/06\/Nos_clients_temoignent.png\",\"width\":105,\"height\":72},{\"@type\":\"WebPage\",\"@id\":\"https:\/\/pressetaux.fr\/cambrai\/#webpage\",\"url\":\"https:\/\/pressetaux.fr\/cambrai\/\",\"name\":\"Courtier en cr\\u00e9dit immobilier \\u00e0 Cambrai - PresseTaux\",\"isPartOf\":{\"@id\":\"https:\/\/pressetaux.fr\/cambrai\/#website\"},\"primaryImageOfPage\":{\"@id\":\"https:\/\/pressetaux.fr\/cambrai\/#primaryimage\"},\"datePublished\":\"2016-08-25T12:34:32+00:00\",\"dateModified\":\"2026-02-06T12:18:07+00:00\",\"description\":\"PresseTaux courtier en cr\\u00e9dit immobilier \\u00e0 Cambrai vous accompagne sur l'ensemble de vos projets. Etude personnalis\\u00e9e et gratuite.\",\"breadcrumb\":{\"@id\":\"https:\/\/pressetaux.fr\/cambrai\/#breadcrumb\"},\"inLanguage\":\"fr-FR\",\"potentialAction\":[{\"@type\":\"ReadAction\",\"target\":[\"https:\/\/pressetaux.fr\/cambrai\/\"]}]},{\"@type\":\"BreadcrumbList\",\"@id\":\"https:\/\/pressetaux.fr\/cambrai\/#breadcrumb\",\"itemListElement\":[{\"@type\":\"ListItem\",\"position\":1,\"name\":\"Courtier cr\\u00e9dit immobilier Cambrai\"}]}]}<\/script>\n<!-- \/ Yoast SEO plugin. -->","yoast_head_json":{"title":"Courtier en cr\u00e9dit immobilier \u00e0 Cambrai - PresseTaux","description":"PresseTaux courtier en cr\u00e9dit immobilier \u00e0 Cambrai vous accompagne sur l'ensemble de vos projets. Etude personnalis\u00e9e et gratuite.","robots":{"index":"index","follow":"follow","max-snippet":"max-snippet:-1","max-image-preview":"max-image-preview:large","max-video-preview":"max-video-preview:-1"},"canonical":"https:\/\/pressetaux.fr\/cambrai\/","og_locale":"fr_FR","og_type":"article","og_title":"Courtier en cr\u00e9dit immobilier \u00e0 Cambrai - PresseTaux","og_description":"PresseTaux courtier en cr\u00e9dit immobilier \u00e0 Cambrai vous accompagne sur l'ensemble de vos projets. Etude personnalis\u00e9e et gratuite.","og_url":"https:\/\/pressetaux.fr\/cambrai\/","og_site_name":"PresseTaux Cambrai","article_publisher":"https:\/\/www.facebook.com\/pressetauxcambrai?locale=fr_FR","article_modified_time":"2026-02-06T12:18:07+00:00","og_image":[{"url":"https:\/\/pressetaux.fr\/cambrai\/wp-content\/uploads\/sites\/3\/2020\/06\/Nos_clients_temoignent.png"}],"twitter_misc":{"Dur\u00e9e de lecture estim\u00e9e":"3 minutes"},"schema":{"@context":"https:\/\/schema.org","@graph":[{"@type":"Organization","@id":"https:\/\/pressetaux.fr\/cambrai\/#organization","name":"PresseTaux Cambrai","url":"https:\/\/pressetaux.fr\/cambrai\/","sameAs":["https:\/\/www.facebook.com\/pressetauxcambrai?locale=fr_FR"],"logo":{"@type":"ImageObject","@id":"https:\/\/pressetaux.fr\/cambrai\/#logo","inLanguage":"fr-FR","url":"https:\/\/pressetaux.fr\/cambrai\/wp-content\/uploads\/sites\/3\/2020\/11\/LogoPressetaux.png","contentUrl":"https:\/\/pressetaux.fr\/cambrai\/wp-content\/uploads\/sites\/3\/2020\/11\/LogoPressetaux.png","width":488,"height":278,"caption":"PresseTaux Cambrai"},"image":{"@id":"https:\/\/pressetaux.fr\/cambrai\/#logo"}},{"@type":"WebSite","@id":"https:\/\/pressetaux.fr\/cambrai\/#website","url":"https:\/\/pressetaux.fr\/cambrai\/","name":"PresseTaux Cambrai","description":"COURTIER EN CREDIT","publisher":{"@id":"https:\/\/pressetaux.fr\/cambrai\/#organization"},"potentialAction":[{"@type":"SearchAction","target":{"@type":"EntryPoint","urlTemplate":"https:\/\/pressetaux.fr\/cambrai\/?s={search_term_string}"},"query-input":"required name=search_term_string"}],"inLanguage":"fr-FR"},{"@type":"ImageObject","@id":"https:\/\/pressetaux.fr\/cambrai\/#primaryimage","inLanguage":"fr-FR","url":"https:\/\/pressetaux.fr\/cambrai\/wp-content\/uploads\/sites\/3\/2020\/06\/Nos_clients_temoignent.png","contentUrl":"https:\/\/pressetaux.fr\/cambrai\/wp-content\/uploads\/sites\/3\/2020\/06\/Nos_clients_temoignent.png","width":105,"height":72},{"@type":"WebPage","@id":"https:\/\/pressetaux.fr\/cambrai\/#webpage","url":"https:\/\/pressetaux.fr\/cambrai\/","name":"Courtier en cr\u00e9dit immobilier \u00e0 Cambrai - PresseTaux","isPartOf":{"@id":"https:\/\/pressetaux.fr\/cambrai\/#website"},"primaryImageOfPage":{"@id":"https:\/\/pressetaux.fr\/cambrai\/#primaryimage"},"datePublished":"2016-08-25T12:34:32+00:00","dateModified":"2026-02-06T12:18:07+00:00","description":"PresseTaux courtier en cr\u00e9dit immobilier \u00e0 Cambrai vous accompagne sur l'ensemble de vos projets. Etude personnalis\u00e9e et gratuite.","breadcrumb":{"@id":"https:\/\/pressetaux.fr\/cambrai\/#breadcrumb"},"inLanguage":"fr-FR","potentialAction":[{"@type":"ReadAction","target":["https:\/\/pressetaux.fr\/cambrai\/"]}]},{"@type":"BreadcrumbList","@id":"https:\/\/pressetaux.fr\/cambrai\/#breadcrumb","itemListElement":[{"@type":"ListItem","position":1,"name":"Courtier cr\u00e9dit immobilier Cambrai"}]}]}},"_links":{"self":[{"href":"https:\/\/pressetaux.fr\/cambrai\/wp-json\/wp\/v2\/pages\/1017"}],"collection":[{"href":"https:\/\/pressetaux.fr\/cambrai\/wp-json\/wp\/v2\/pages"}],"about":[{"href":"https:\/\/pressetaux.fr\/cambrai\/wp-json\/wp\/v2\/types\/page"}],"author":[{"embeddable":true,"href":"https:\/\/pressetaux.fr\/cambrai\/wp-json\/wp\/v2\/users\/8"}],"replies":[{"embeddable":true,"href":"https:\/\/pressetaux.fr\/cambrai\/wp-json\/wp\/v2\/comments?post=1017"}],"version-history":[{"count":0,"href":"https:\/\/pressetaux.fr\/cambrai\/wp-json\/wp\/v2\/pages\/1017\/revisions"}],"wp:attachment":[{"href":"https:\/\/pressetaux.fr\/cambrai\/wp-json\/wp\/v2\/media?parent=1017"}],"curies":[{"name":"wp","href":"https:\/\/api.w.org\/{rel}","templated":true}]}}