{"id":669,"date":"2015-11-04T11:05:18","date_gmt":"2015-11-04T10:05:18","guid":{"rendered":"http:\/\/test.pressetaux.fr\/franchise\/?page_id=669"},"modified":"2022-07-05T08:55:18","modified_gmt":"2022-07-05T07:55:18","slug":"les-outils-de-communication","status":"publish","type":"page","link":"https:\/\/pressetaux.fr\/franchise\/le-concept\/les-outils-de-communication\/","title":{"rendered":"Les outils de communication"},"content":{"rendered":"<p>[vc_row][vc_column offset=\u00a0\u00bbvc_hidden-sm vc_hidden-xs\u00a0\u00bb][vc_single_image image=\u00a0\u00bb670&Prime; img_size=\u00a0\u00bbfull\u00a0\u00bb][\/vc_column][\/vc_row][vc_row el_class=\u00a0\u00bbmobile-only\u00a0\u00bb][vc_column offset=\u00a0\u00bbvc_hidden-lg vc_hidden-md\u00a0\u00bb][vc_column_text]<\/p>\n<p style=\"text-align: center;\">Les outils de communication <strong>PresseTaux<\/strong><\/p>\n<p>[\/vc_column_text][\/vc_column][\/vc_row][vc_row][vc_column][vc_text_separator title=\u00a0\u00bbLes outils de communication\u00a0\u00bb color=\u00a0\u00bborange\u00a0\u00bb border_width=\u00a0\u00bb2&Prime; el_class=\u00a0\u00bbtitreactualite\u00a0\u00bb][\/vc_column][\/vc_row][vc_row][vc_column width=\u00a0\u00bb1\/2&Prime;][vc_column_text]Nous avons con\u00e7u et test\u00e9 des outils de communication qui vous permettront un d\u00e9ploiement rapide sur votre zone.<br \/>\nPour des raisons de confidentialit\u00e9, nous ne pouvons les d\u00e9crire pr\u00e9cis\u00e9ment, ils vous seront expos\u00e9s lors d\u2019un rendez-vous de pr\u00e9sentation.<br \/>\nD\u00e9but 2015, <span style=\"color: #ff9900;\">PRESSE<\/span><b><span style=\"color: #ff9900;\">TAUX<\/span> <\/b>a finalis\u00e9 une nouvelle charte graphique pour donner \u00e0 la marque les moyens de son ambition. La mutualisation de la communication vous assure une promotion efficace en limitant les co\u00fbts.[\/vc_column_text][\/vc_column][vc_column width=\u00a0\u00bb1\/2&Prime;][vc_column_text]<b>\u2022 Communication Prescripteurs:<\/b><\/p>\n<p>D\u00e8s votre entr\u00e9e dans le r\u00e9seau, <span style=\"color: #ff9900;\">PRESSE<b>TAUX<\/b> <\/span>d\u00e9clenche des op\u00e9rations de marketing direct pour sensibiliser les acteurs de votre secteur \u2013 Agences immobili\u00e8res, Notaires, Constructeurs, \u2026<br \/>\n<b>\u2022 Communication d\u2019ouverture :<\/b><\/p>\n<p>Apr\u00e8s analyse de votre zone de chalandise, d\u00e9ploiement d\u2019un dispositif personnalis\u00e9 pour vous permettre de g\u00e9n\u00e9rer des contacts d\u00e8s le d\u00e9but de votre activit\u00e9.<br \/>\n<b>\u2022 Communication on-line<\/b><\/p>\n<p>C\u2019est un outil majeur de notre dispositif. D\u00e8s la signature de votre r\u00e9servation de zone, nous d\u00e9ployons tout un ensemble d\u2019actions sur le web pour vous g\u00e9n\u00e9rer des contacts rapidement.[\/vc_column_text][\/vc_column][\/vc_row][vc_row][vc_column width=\u00a0\u00bb1\/2&Prime;][vc_column_text]<img loading=\"lazy\" class=\"alignleft wp-image-671\" src=\"https:\/\/pressetaux.fr\/franchise\/wp-content\/uploads\/sites\/12\/2015\/11\/doc-pressetaux1-300x284.jpg\" alt=\"\" width=\"250\" height=\"237\" srcset=\"https:\/\/pressetaux.fr\/franchise\/wp-content\/uploads\/sites\/12\/2015\/11\/doc-pressetaux1-300x284.jpg 300w, https:\/\/pressetaux.fr\/franchise\/wp-content\/uploads\/sites\/12\/2015\/11\/doc-pressetaux1-24x24.jpg 24w, https:\/\/pressetaux.fr\/franchise\/wp-content\/uploads\/sites\/12\/2015\/11\/doc-pressetaux1-36x34.jpg 36w, https:\/\/pressetaux.fr\/franchise\/wp-content\/uploads\/sites\/12\/2015\/11\/doc-pressetaux1-48x45.jpg 48w, https:\/\/pressetaux.fr\/franchise\/wp-content\/uploads\/sites\/12\/2015\/11\/doc-pressetaux1.jpg 357w\" sizes=\"(max-width: 250px) 100vw, 250px\" \/>[\/vc_column_text][\/vc_column][vc_column width=\u00a0\u00bb1\/2&Prime;][vc_single_image image=\u00a0\u00bb820&Prime; img_size=\u00a0\u00bbmedium\u00a0\u00bb alignment=\u00a0\u00bbcenter\u00a0\u00bb][\/vc_column][\/vc_row][vc_row][vc_column][vc_text_separator title=\u00a0\u00bbIls l&rsquo;on fait, ils en parlent le mieux\u00a0\u00bb color=\u00a0\u00bborange\u00a0\u00bb][\/vc_column][\/vc_row][vc_row][vc_column][vc_column_text]Retrouvez <a href=\"https:\/\/pressetaux.fr\/franchise\/temoignages\/\">ici<\/a> , les t\u00e9moignages de nos franchis\u00e9s[\/vc_column_text][\/vc_column][\/vc_row][vc_row][vc_column][vc_separator color=\u00a0\u00bborange\u00a0\u00bb][\/vc_column][\/vc_row][vc_row][vc_column][vc_column_text]Nos courtiers PresseTaux, courtier en cr\u00e9dit immobilier accompagnent leurs clients afin qu&rsquo;ils obtiennent un pr\u00eat dans les meilleures conditions sur l&rsquo;ensemble de leurs projets :<\/p>\n<p style=\"text-align: justify;\"><strong>&#8211; Achat de votre r\u00e9sidence principale<\/strong><br \/>\n<strong>&#8211; Achat locatif<\/strong><br \/>\n<strong>&#8211; D\u00e9fiscalisation<\/strong><br \/>\n<strong>&#8211; Achat r\u00e9sidence secondaire<\/strong><br \/>\n<strong>&#8211; Ren\u00e9gociation de votre cr\u00e9dit immobilier<\/strong><br \/>\n<strong>&#8211; Ren\u00e9gociation de votre assurance de pr\u00eat<\/strong><br \/>\n<strong>&#8211; Restructuration de vos cr\u00e9dits pour all\u00e9ger vos mensualit\u00e9s<\/strong><br \/>\n<strong>&#8211; Rachat de soulte<\/strong><br \/>\n<strong>&#8211; Financement de travaux<\/strong><\/p>\n<p>Vous souhaitez devenir courtier en cr\u00e9dit immobilier, remplissez le <a href=\"https:\/\/pressetaux.fr\/franchise\/contact\/\"><span style=\"color: #f9b200;\"><strong>ce formulaire <\/strong><\/span><\/a>pour \u00eatre contact\u00e9.[\/vc_column_text][\/vc_column][\/vc_row][vc_row][vc_column][vc_text_separator title=\u00a0\u00bbSatisfaction de nos clients\u00a0\u00bb color=\u00a0\u00bborange\u00a0\u00bb][\/vc_column][\/vc_row][vc_row][vc_column][vc_column_text]Retrouvez les avis et t\u00e9moignages de nos franchis\u00e9s sur : <a href=\"https:\/\/pressetaux.fr\/blog\/category\/temoignagesblog\/\" target=\"blank\" rel=\"noopener\">Nos t\u00e9moignages<\/a> et <a href=\"https:\/\/www.facebook.com\/CourtiersPresseTaux\/reviews?locale=fr_FR\" target=\"blank\" rel=\"noopener\">Facebook<\/a>[\/vc_column_text][\/vc_column][\/vc_row][vc_row][vc_column][vc_text_separator title=\u00a0\u00bbNotre programme de parrainage\u00a0\u00bb color=\u00a0\u00bborange\u00a0\u00bb][\/vc_column][\/vc_row][vc_row][vc_column][vc_column_text]Nos clients nous ont fait confiance, leur satisfaction est notre priorit\u00e9.<br \/>\nGr\u00e2ce \u00e0 notre programme de parrainage, nos clients b\u00e9n\u00e9ficient d&rsquo;un bon d&rsquo;achat pour tout dossier finalis\u00e9.<br \/>\n<strong>Parrainez un de vos proches, c&rsquo;est tr\u00e8s simple, <a href=\"https:\/\/pressetaux.fr\/parrainez-vos-amis\/\" target=\"blank\" rel=\"noopener\">cliquez-ici !<\/a><\/strong>[\/vc_column_text][\/vc_column][\/vc_row]<\/p>\n","protected":false},"excerpt":{"rendered":"<p>[vc_row][vc_column offset=\u00a0\u00bbvc_hidden-sm vc_hidden-xs\u00a0\u00bb][vc_single_image image=\u00a0\u00bb670&Prime; img_size=\u00a0\u00bbfull\u00a0\u00bb][\/vc_column][\/vc_row][vc_row el_class=\u00a0\u00bbmobile-only\u00a0\u00bb][vc_column offset=\u00a0\u00bbvc_hidden-lg vc_hidden-md\u00a0\u00bb][vc_column_text] Les outils de communication PresseTaux [\/vc_column_text][\/vc_column][\/vc_row][vc_row][vc_column][vc_text_separator title=\u00a0\u00bbLes outils de communication\u00a0\u00bb color=\u00a0\u00bborange\u00a0\u00bb border_width=\u00a0\u00bb2&Prime; el_class=\u00a0\u00bbtitreactualite\u00a0\u00bb][\/vc_column][\/vc_row][vc_row][vc_column width=\u00a0\u00bb1\/2&Prime;][vc_column_text]Nous avons con\u00e7u et test\u00e9 des outils de communication qui vous permettront un d\u00e9ploiement rapide sur votre zone. Pour des raisons de confidentialit\u00e9, nous ne pouvons les d\u00e9crire pr\u00e9cis\u00e9ment, ils vous seront expos\u00e9s lors d\u2019un rendez-vous de pr\u00e9sentation. D\u00e9but 2015, PRESSETAUX a finalis\u00e9 une nouvelle charte graphique pour donner \u00e0 la marque les moyens de son ambition. La mutualisation de la communication vous assure une promotion efficace en limitant les co\u00fbts.[\/vc_column_text][\/vc_column][vc_column width=\u00a0\u00bb1\/2&Prime;][vc_column_text]\u2022 Communication Prescripteurs: D\u00e8s votre entr\u00e9e dans le r\u00e9seau, PRESSETAUX d\u00e9clenche des op\u00e9rations de marketing direct pour sensibiliser les acteurs de votre secteur \u2013 Agences immobili\u00e8res, Notaires, Constructeurs, \u2026 \u2022 Communication d\u2019ouverture : Apr\u00e8s analyse de votre zone de chalandise, d\u00e9ploiement d\u2019un dispositif personnalis\u00e9 pour vous permettre de g\u00e9n\u00e9rer des contacts d\u00e8s le d\u00e9but de votre activit\u00e9. \u2022 Communication on-line C\u2019est un outil majeur de notre dispositif. D\u00e8s la signature de votre r\u00e9servation de zone, nous d\u00e9ployons tout un ensemble d\u2019actions sur le web pour vous g\u00e9n\u00e9rer des contacts rapidement.[\/vc_column_text][\/vc_column][\/vc_row][vc_row][vc_column width=\u00a0\u00bb1\/2&Prime;][vc_column_text][\/vc_column_text][\/vc_column][vc_column width=\u00a0\u00bb1\/2&Prime;][vc_single_image image=\u00a0\u00bb820&Prime; img_size=\u00a0\u00bbmedium\u00a0\u00bb alignment=\u00a0\u00bbcenter\u00a0\u00bb][\/vc_column][\/vc_row][vc_row][vc_column][vc_text_separator title=\u00a0\u00bbIls l&rsquo;on fait, ils en parlent le mieux\u00a0\u00bb color=\u00a0\u00bborange\u00a0\u00bb][\/vc_column][\/vc_row][vc_row][vc_column][vc_column_text]Retrouvez ici , les t\u00e9moignages de nos franchis\u00e9s[\/vc_column_text][\/vc_column][\/vc_row][vc_row][vc_column][vc_separator color=\u00a0\u00bborange\u00a0\u00bb][\/vc_column][\/vc_row][vc_row][vc_column][vc_column_text]Nos courtiers PresseTaux, courtier en cr\u00e9dit immobilier accompagnent leurs clients afin qu&rsquo;ils obtiennent un pr\u00eat dans les meilleures conditions sur l&rsquo;ensemble de leurs projets : &#8211; Achat de votre r\u00e9sidence principale &#8211; Achat locatif &#8211; D\u00e9fiscalisation &#8211; Achat r\u00e9sidence secondaire &#8211; Ren\u00e9gociation de votre cr\u00e9dit immobilier &#8211; Ren\u00e9gociation de votre assurance de pr\u00eat &#8211; Restructuration de vos cr\u00e9dits pour all\u00e9ger vos mensualit\u00e9s &#8211; Rachat de soulte &#8211; Financement de travaux Vous souhaitez devenir courtier en cr\u00e9dit immobilier, remplissez le ce formulaire pour \u00eatre contact\u00e9.[\/vc_column_text][\/vc_column][\/vc_row][vc_row][vc_column][vc_text_separator title=\u00a0\u00bbSatisfaction de nos clients\u00a0\u00bb color=\u00a0\u00bborange\u00a0\u00bb][\/vc_column][\/vc_row][vc_row][vc_column][vc_column_text]Retrouvez les avis et t\u00e9moignages de nos franchis\u00e9s sur : Nos t\u00e9moignages et Facebook[\/vc_column_text][\/vc_column][\/vc_row][vc_row][vc_column][vc_text_separator title=\u00a0\u00bbNotre programme de parrainage\u00a0\u00bb color=\u00a0\u00bborange\u00a0\u00bb][\/vc_column][\/vc_row][vc_row][vc_column][vc_column_text]Nos clients nous ont fait confiance, leur satisfaction est notre priorit\u00e9. Gr\u00e2ce \u00e0 notre programme de parrainage, nos clients b\u00e9n\u00e9ficient d&rsquo;un bon d&rsquo;achat pour tout dossier finalis\u00e9. Parrainez un de vos proches, c&rsquo;est tr\u00e8s simple, cliquez-ici ![\/vc_column_text][\/vc_column][\/vc_row]<\/p>\n","protected":false},"author":8,"featured_media":0,"parent":835,"menu_order":5,"comment_status":"closed","ping_status":"closed","template":"","meta":{"_genesis_hide_title":false,"_genesis_hide_breadcrumbs":false,"_genesis_hide_singular_image":false,"_genesis_hide_footer_widgets":false,"_genesis_custom_body_class":"","_genesis_custom_post_class":"","_genesis_layout":""},"yoast_head":"<!-- This site is optimized with the Yoast SEO plugin v17.8 - https:\/\/yoast.com\/wordpress\/plugins\/seo\/ -->\n<title>Les outils de communication - Franchise PresseTaux Courtage en Cr\u00e9dits<\/title>\n<meta name=\"description\" content=\"Les outils de communication - outils de d\u00e9veloppement sp\u00e9cifiques d\u00e9di\u00e9s aux franchis\u00e9s du r\u00e9seau de franchise PresseTaux.\" \/>\n<meta name=\"robots\" content=\"index, follow, max-snippet:-1, max-image-preview:large, max-video-preview:-1\" \/>\n<link rel=\"canonical\" href=\"https:\/\/pressetaux.fr\/franchise\/le-concept\/les-outils-de-communication\/\" \/>\n<meta name=\"twitter:label1\" content=\"Dur\u00e9e de lecture estim\u00e9e\" \/>\n\t<meta name=\"twitter:data1\" content=\"2 minutes\" \/>\n<script type=\"application\/ld+json\" class=\"yoast-schema-graph\">{\"@context\":\"https:\/\/schema.org\",\"@graph\":[{\"@type\":\"Organization\",\"@id\":\"https:\/\/pressetaux.fr\/franchise\/#organization\",\"name\":\"PresseTaux\",\"url\":\"https:\/\/pressetaux.fr\/franchise\/\",\"sameAs\":[],\"logo\":{\"@type\":\"ImageObject\",\"@id\":\"https:\/\/pressetaux.fr\/franchise\/#logo\",\"inLanguage\":\"fr-FR\",\"url\":\"https:\/\/pressetaux.fr\/franchise\/wp-content\/uploads\/sites\/12\/2022\/06\/LogoPressetaux.jpg\",\"contentUrl\":\"https:\/\/pressetaux.fr\/franchise\/wp-content\/uploads\/sites\/12\/2022\/06\/LogoPressetaux.jpg\",\"width\":1776,\"height\":997,\"caption\":\"PresseTaux\"},\"image\":{\"@id\":\"https:\/\/pressetaux.fr\/franchise\/#logo\"}},{\"@type\":\"WebSite\",\"@id\":\"https:\/\/pressetaux.fr\/franchise\/#website\",\"url\":\"https:\/\/pressetaux.fr\/franchise\/\",\"name\":\"Franchise PresseTaux\",\"description\":\"COURTIER EN CREDIT\",\"publisher\":{\"@id\":\"https:\/\/pressetaux.fr\/franchise\/#organization\"},\"potentialAction\":[{\"@type\":\"SearchAction\",\"target\":{\"@type\":\"EntryPoint\",\"urlTemplate\":\"https:\/\/pressetaux.fr\/franchise\/?s={search_term_string}\"},\"query-input\":\"required name=search_term_string\"}],\"inLanguage\":\"fr-FR\"},{\"@type\":\"ImageObject\",\"@id\":\"https:\/\/pressetaux.fr\/franchise\/le-concept\/les-outils-de-communication\/#primaryimage\",\"inLanguage\":\"fr-FR\",\"url\":\"https:\/\/pressetaux.fr\/franchise\/wp-content\/uploads\/sites\/12\/2015\/11\/doc-pressetaux1.jpg\",\"contentUrl\":\"https:\/\/pressetaux.fr\/franchise\/wp-content\/uploads\/sites\/12\/2015\/11\/doc-pressetaux1.jpg\",\"width\":357,\"height\":338},{\"@type\":\"WebPage\",\"@id\":\"https:\/\/pressetaux.fr\/franchise\/le-concept\/les-outils-de-communication\/#webpage\",\"url\":\"https:\/\/pressetaux.fr\/franchise\/le-concept\/les-outils-de-communication\/\",\"name\":\"Les outils de communication - Franchise PresseTaux Courtage en Cr\\u00e9dits\",\"isPartOf\":{\"@id\":\"https:\/\/pressetaux.fr\/franchise\/#website\"},\"primaryImageOfPage\":{\"@id\":\"https:\/\/pressetaux.fr\/franchise\/le-concept\/les-outils-de-communication\/#primaryimage\"},\"datePublished\":\"2015-11-04T10:05:18+00:00\",\"dateModified\":\"2022-07-05T07:55:18+00:00\",\"description\":\"Les outils de communication - outils de d\\u00e9veloppement sp\\u00e9cifiques d\\u00e9di\\u00e9s aux franchis\\u00e9s du r\\u00e9seau de franchise PresseTaux.\",\"breadcrumb\":{\"@id\":\"https:\/\/pressetaux.fr\/franchise\/le-concept\/les-outils-de-communication\/#breadcrumb\"},\"inLanguage\":\"fr-FR\",\"potentialAction\":[{\"@type\":\"ReadAction\",\"target\":[\"https:\/\/pressetaux.fr\/franchise\/le-concept\/les-outils-de-communication\/\"]}]},{\"@type\":\"BreadcrumbList\",\"@id\":\"https:\/\/pressetaux.fr\/franchise\/le-concept\/les-outils-de-communication\/#breadcrumb\",\"itemListElement\":[{\"@type\":\"ListItem\",\"position\":1,\"name\":\"Le concept\",\"item\":\"https:\/\/pressetaux.fr\/franchise\/le-concept\/\"},{\"@type\":\"ListItem\",\"position\":2,\"name\":\"Les outils de communication\"}]}]}<\/script>\n<!-- \/ Yoast SEO plugin. -->","yoast_head_json":{"title":"Les outils de communication - Franchise PresseTaux Courtage en Cr\u00e9dits","description":"Les outils de communication - outils de d\u00e9veloppement sp\u00e9cifiques d\u00e9di\u00e9s aux franchis\u00e9s du r\u00e9seau de franchise PresseTaux.","robots":{"index":"index","follow":"follow","max-snippet":"max-snippet:-1","max-image-preview":"max-image-preview:large","max-video-preview":"max-video-preview:-1"},"canonical":"https:\/\/pressetaux.fr\/franchise\/le-concept\/les-outils-de-communication\/","twitter_misc":{"Dur\u00e9e de lecture estim\u00e9e":"2 minutes"},"schema":{"@context":"https:\/\/schema.org","@graph":[{"@type":"Organization","@id":"https:\/\/pressetaux.fr\/franchise\/#organization","name":"PresseTaux","url":"https:\/\/pressetaux.fr\/franchise\/","sameAs":[],"logo":{"@type":"ImageObject","@id":"https:\/\/pressetaux.fr\/franchise\/#logo","inLanguage":"fr-FR","url":"https:\/\/pressetaux.fr\/franchise\/wp-content\/uploads\/sites\/12\/2022\/06\/LogoPressetaux.jpg","contentUrl":"https:\/\/pressetaux.fr\/franchise\/wp-content\/uploads\/sites\/12\/2022\/06\/LogoPressetaux.jpg","width":1776,"height":997,"caption":"PresseTaux"},"image":{"@id":"https:\/\/pressetaux.fr\/franchise\/#logo"}},{"@type":"WebSite","@id":"https:\/\/pressetaux.fr\/franchise\/#website","url":"https:\/\/pressetaux.fr\/franchise\/","name":"Franchise PresseTaux","description":"COURTIER EN CREDIT","publisher":{"@id":"https:\/\/pressetaux.fr\/franchise\/#organization"},"potentialAction":[{"@type":"SearchAction","target":{"@type":"EntryPoint","urlTemplate":"https:\/\/pressetaux.fr\/franchise\/?s={search_term_string}"},"query-input":"required name=search_term_string"}],"inLanguage":"fr-FR"},{"@type":"ImageObject","@id":"https:\/\/pressetaux.fr\/franchise\/le-concept\/les-outils-de-communication\/#primaryimage","inLanguage":"fr-FR","url":"https:\/\/pressetaux.fr\/franchise\/wp-content\/uploads\/sites\/12\/2015\/11\/doc-pressetaux1.jpg","contentUrl":"https:\/\/pressetaux.fr\/franchise\/wp-content\/uploads\/sites\/12\/2015\/11\/doc-pressetaux1.jpg","width":357,"height":338},{"@type":"WebPage","@id":"https:\/\/pressetaux.fr\/franchise\/le-concept\/les-outils-de-communication\/#webpage","url":"https:\/\/pressetaux.fr\/franchise\/le-concept\/les-outils-de-communication\/","name":"Les outils de communication - Franchise PresseTaux Courtage en Cr\u00e9dits","isPartOf":{"@id":"https:\/\/pressetaux.fr\/franchise\/#website"},"primaryImageOfPage":{"@id":"https:\/\/pressetaux.fr\/franchise\/le-concept\/les-outils-de-communication\/#primaryimage"},"datePublished":"2015-11-04T10:05:18+00:00","dateModified":"2022-07-05T07:55:18+00:00","description":"Les outils de communication - outils de d\u00e9veloppement sp\u00e9cifiques d\u00e9di\u00e9s aux franchis\u00e9s du r\u00e9seau de franchise PresseTaux.","breadcrumb":{"@id":"https:\/\/pressetaux.fr\/franchise\/le-concept\/les-outils-de-communication\/#breadcrumb"},"inLanguage":"fr-FR","potentialAction":[{"@type":"ReadAction","target":["https:\/\/pressetaux.fr\/franchise\/le-concept\/les-outils-de-communication\/"]}]},{"@type":"BreadcrumbList","@id":"https:\/\/pressetaux.fr\/franchise\/le-concept\/les-outils-de-communication\/#breadcrumb","itemListElement":[{"@type":"ListItem","position":1,"name":"Le concept","item":"https:\/\/pressetaux.fr\/franchise\/le-concept\/"},{"@type":"ListItem","position":2,"name":"Les outils de communication"}]}]}},"_links":{"self":[{"href":"https:\/\/pressetaux.fr\/franchise\/wp-json\/wp\/v2\/pages\/669"}],"collection":[{"href":"https:\/\/pressetaux.fr\/franchise\/wp-json\/wp\/v2\/pages"}],"about":[{"href":"https:\/\/pressetaux.fr\/franchise\/wp-json\/wp\/v2\/types\/page"}],"author":[{"embeddable":true,"href":"https:\/\/pressetaux.fr\/franchise\/wp-json\/wp\/v2\/users\/8"}],"replies":[{"embeddable":true,"href":"https:\/\/pressetaux.fr\/franchise\/wp-json\/wp\/v2\/comments?post=669"}],"version-history":[{"count":0,"href":"https:\/\/pressetaux.fr\/franchise\/wp-json\/wp\/v2\/pages\/669\/revisions"}],"up":[{"embeddable":true,"href":"https:\/\/pressetaux.fr\/franchise\/wp-json\/wp\/v2\/pages\/835"}],"wp:attachment":[{"href":"https:\/\/pressetaux.fr\/franchise\/wp-json\/wp\/v2\/media?parent=669"}],"curies":[{"name":"wp","href":"https:\/\/api.w.org\/{rel}","templated":true}]}}