{"id":743,"date":"2015-11-05T15:23:12","date_gmt":"2015-11-05T14:23:12","guid":{"rendered":"http:\/\/test.pressetaux.fr\/franchise\/?page_id=743"},"modified":"2022-07-05T14:21:22","modified_gmt":"2022-07-05T13:21:22","slug":"les-atouts-pressetaux-3","status":"publish","type":"page","link":"https:\/\/pressetaux.fr\/franchise\/les-atouts-pressetaux-3\/","title":{"rendered":"Les atouts PresseTaux"},"content":{"rendered":"<p>[vc_row][vc_column offset=\u00a0\u00bbvc_hidden-sm vc_hidden-xs\u00a0\u00bb][vc_single_image image=\u00a0\u00bb745&Prime; img_size=\u00a0\u00bbfull\u00a0\u00bb][\/vc_column][\/vc_row][vc_row][vc_column offset=\u00a0\u00bbvc_hidden-lg vc_hidden-md\u00a0\u00bb][vc_empty_space][\/vc_column][\/vc_row][vc_row][vc_column offset=\u00a0\u00bbvc_hidden-lg vc_hidden-md\u00a0\u00bb][vc_text_separator title=\u00a0\u00bbLes atouts PresseTaux\u00a0\u00bb color=\u00a0\u00bborange\u00a0\u00bb][\/vc_column][\/vc_row][vc_row][vc_column][vc_column_text]<strong>1) La formation<\/strong><\/p>\n<p>La formation PRESSETAUX est l&rsquo;une des plus compl\u00e8tes du march\u00e9. Un cursus de 8 semaines assur\u00e9 par nos \u00e9quipes, qui sont eux-m\u00eames des courtiers actifs dans l&rsquo;activit\u00e9 de notre pilote.[\/vc_column_text][\/vc_column][\/vc_row][vc_row][vc_column width=\u00a0\u00bb1\/4&Prime;][vc_column_text]<a href=\"https:\/\/pressetaux.fr\/franchise\/wp-content\/uploads\/sites\/12\/2022\/07\/reseau-de-courtiers-pressetaux.png\"><img loading=\"lazy\" class=\"alignnone size-full wp-image-1197\" src=\"https:\/\/pressetaux.fr\/franchise\/wp-content\/uploads\/sites\/12\/2022\/07\/reseau-de-courtiers-pressetaux.png\" alt=\"\" width=\"179\" height=\"300\" srcset=\"https:\/\/pressetaux.fr\/franchise\/wp-content\/uploads\/sites\/12\/2022\/07\/reseau-de-courtiers-pressetaux.png 179w, https:\/\/pressetaux.fr\/franchise\/wp-content\/uploads\/sites\/12\/2022\/07\/reseau-de-courtiers-pressetaux-14x24.png 14w, https:\/\/pressetaux.fr\/franchise\/wp-content\/uploads\/sites\/12\/2022\/07\/reseau-de-courtiers-pressetaux-21x36.png 21w, https:\/\/pressetaux.fr\/franchise\/wp-content\/uploads\/sites\/12\/2022\/07\/reseau-de-courtiers-pressetaux-29x48.png 29w\" sizes=\"(max-width: 179px) 100vw, 179px\" \/><\/a>[\/vc_column_text][\/vc_column][vc_column width=\u00a0\u00bb3\/4&Prime;][vc_column_text]<strong>Une formation \u00e0 3 niveaux :<\/strong><\/p>\n<p>&gt; <strong>Les obligations l\u00e9gales &#8211; IOBSP<\/strong><br \/>\nA l&rsquo;issue de votre cursus, vous serez en parfait accord avec les demandes de l&rsquo;ORIAS pour vous permettre une inscription rapide.<\/p>\n<p>&gt; <strong>La ma\u00eetrise th\u00e9orique<\/strong><br \/>\nDurant votre formation, vous d\u00e9buterez chaque jour par une approche th\u00e9orique et technique du m\u00e9tier. Vous aborderez et utiliserez l&rsquo;ensemble des outils d\u00e9velopp\u00e9s par PRESSETAUX vous permettant de monter, de pr\u00e9senter, de n\u00e9gocier et de finaliser un dossier client dans le cadre juridique qui nous incombe.<\/p>\n<p>&gt; <strong>La formation op\u00e9rationnelle<\/strong><br \/>\nAu-del\u00e0 des qualit\u00e9s th\u00e9oriques et techniques que vous int\u00e9grerez, nous mettrons en application l&rsquo;ensemble de ces notions par des accompagnements quotidiens sur le terrain[\/vc_column_text][\/vc_column][\/vc_row][vc_row][vc_column][vc_column_text]<strong>Gr\u00e2ce \u00e0 notre syst\u00e8me de formation chaque franchis\u00e9 PRESSETAUX est 100 % op\u00e9rationnel et arrive sur sa zone avec toutes les capacit\u00e9s, la technique et l&rsquo;aisance que doit avoir un professionnel du financement.<\/strong>[\/vc_column_text][\/vc_column][\/vc_row][vc_row][vc_column][vc_column_text]<strong>2) L&rsquo;accompagnement<\/strong>[\/vc_column_text][\/vc_column][\/vc_row][vc_row][vc_column width=\u00a0\u00bb1\/2&Prime;][vc_single_image image=\u00a0\u00bb277&Prime; img_size=\u00a0\u00bbmedium\u00a0\u00bb][\/vc_column][vc_column width=\u00a0\u00bb1\/2&Prime;][vc_single_image image=\u00a0\u00bb1086&Prime; img_size=\u00a0\u00bbmedium\u00a0\u00bb][\/vc_column][\/vc_row][vc_row][vc_column][vc_column_text]<strong>Nos superviseurs sont des courtiers en exercice<\/strong>, ils vous accompagnent tout au long de votre d\u00e9ploiement :<\/p>\n<p>&gt; Soutien \u00e0 l&rsquo;ouverture<\/p>\n<p>&gt; Aide au d\u00e9veloppement<\/p>\n<p>&gt; Accompagnement pour les partenariats<\/p>\n<p>&gt; Accords avec les prescripteurs locaux<\/p>\n<p>Agences immobili\u00e8res, Notaires, Constructeurs, &#8230; Votre r\u00e9seau de prescripteurs est fondamental pour la r\u00e9ussite de votre activit\u00e9. <strong>PRESSETAUX<\/strong>, vous aidera dans votre mise en place locale.<\/p>\n<p>Au travers de notre formation vous int\u00e9grerez l&rsquo;ensemble de nos m\u00e9thodes permettant de d\u00e9velopper des partenariats. Vous pourrez \u00e9galement vous appuyer sur la pr\u00e9sence r\u00e9guli\u00e8re du superviseur et profiter des accords nationaux que nous avons conclus.<\/p>\n<p>Des outils de communication sp\u00e9cifiques ont \u00e9t\u00e9 d\u00e9velopp\u00e9s pour ces professionnels.[\/vc_column_text][\/vc_column][\/vc_row][vc_row][vc_column][vc_single_image image=\u00a0\u00bb1087&Prime; img_size=\u00a0\u00bbmedium\u00a0\u00bb alignment=\u00a0\u00bbcenter\u00a0\u00bb][\/vc_column][\/vc_row][vc_row][vc_column][vc_column_text]<strong>3) Les outils de communication<\/strong>[\/vc_column_text][\/vc_column][\/vc_row][vc_row][vc_column width=\u00a0\u00bb1\/2&Prime;][vc_single_image image=\u00a0\u00bb1089&Prime; img_size=\u00a0\u00bb250&#215;250&Prime;][\/vc_column][vc_column width=\u00a0\u00bb1\/2&Prime;][vc_single_image image=\u00a0\u00bb1088&Prime; img_size=\u00a0\u00bb250&#215;250&Prime;][\/vc_column][\/vc_row][vc_row][vc_column][vc_column_text]Nous avons con\u00e7u et test\u00e9 des outils qui vous permettront un d\u00e9ploiement rapide sur votre zone.<\/p>\n<p>Pour des raisons de confidentialit\u00e9, nous ne pouvons les d\u00e9crire pr\u00e9cis\u00e9ment, ils vous seront expos\u00e9s lors d&rsquo;un rendez-vous de pr\u00e9sentation.<\/p>\n<p>D\u00e9but 2013, <strong>PRESSETAUX<\/strong> a finalis\u00e9 une nouvelle charte graphique pour donner \u00e0 la marque les moyens de son ambition. La mutualisation de la communication vous assure une promotion efficace en limitant les co\u00fbts.<\/p>\n<p>&gt; <strong>Communication Prescripteurs<\/strong> :<br \/>\nD\u00e8s votre entr\u00e9e dans le r\u00e9seau, <strong>PRESSETAUX<\/strong> d\u00e9clenche des op\u00e9rations de marketing direct pour sensibiliser les acteurs de votre secteur &#8211; Agences immobili\u00e8res, Notaires Constructeurs,&#8230;<\/p>\n<p>&gt; <strong>Communication d&rsquo;ouverture<\/strong> :<br \/>\nApr\u00e8s analyse de votre zone de chalandise, d\u00e9ploiement d&rsquo;un dispositif personnalis\u00e9 pour vous permettre de g\u00e9n\u00e9rer des contacts d\u00e8s le d\u00e9but de votre activit\u00e9.<\/p>\n<p>&gt; <strong>Communication on-line<\/strong> :<br \/>\nC&rsquo;est un outils majeur de notre dispositif. D\u00e8s la signature de votre r\u00e9servation de zone, nous d\u00e9ployons tout un ensemble d&rsquo;actions sur le web pour vous g\u00e9n\u00e9rer des contacts rapidement.[\/vc_column_text][\/vc_column][\/vc_row][vc_row][vc_column][vc_column_text]<img loading=\"lazy\" class=\"wp-image-1090 size-full aligncenter\" src=\"https:\/\/pressetaux.fr\/franchise\/wp-content\/uploads\/sites\/12\/2015\/11\/les-atouts-pressetaux-1.png\" alt=\"\" width=\"547\" height=\"214\" srcset=\"https:\/\/pressetaux.fr\/franchise\/wp-content\/uploads\/sites\/12\/2015\/11\/les-atouts-pressetaux-1.png 547w, https:\/\/pressetaux.fr\/franchise\/wp-content\/uploads\/sites\/12\/2015\/11\/les-atouts-pressetaux-1-300x117.png 300w, https:\/\/pressetaux.fr\/franchise\/wp-content\/uploads\/sites\/12\/2015\/11\/les-atouts-pressetaux-1-24x9.png 24w, https:\/\/pressetaux.fr\/franchise\/wp-content\/uploads\/sites\/12\/2015\/11\/les-atouts-pressetaux-1-36x14.png 36w, https:\/\/pressetaux.fr\/franchise\/wp-content\/uploads\/sites\/12\/2015\/11\/les-atouts-pressetaux-1-48x19.png 48w\" sizes=\"(max-width: 547px) 100vw, 547px\" \/>[\/vc_column_text][\/vc_column][\/vc_row][vc_row][vc_column][vc_separator color=\u00a0\u00bborange\u00a0\u00bb][\/vc_column][\/vc_row][vc_row][vc_column][vc_text_separator title=\u00a0\u00bbIls l&rsquo;on fait, ils en parlent le mieux\u00a0\u00bb color=\u00a0\u00bborange\u00a0\u00bb][\/vc_column][\/vc_row][vc_row][vc_column][vc_column_text]Retrouvez <a href=\"https:\/\/pressetaux.fr\/franchise\/temoignages\/\">ici<\/a> , les t\u00e9moignages de nos franchis\u00e9s[\/vc_column_text][\/vc_column][\/vc_row][vc_row][vc_column][vc_separator color=\u00a0\u00bborange\u00a0\u00bb][\/vc_column][\/vc_row][vc_row][vc_column][vc_column_text]Nos courtiers PresseTaux, courtier en cr\u00e9dit immobilier accompagnent leurs clients afin qu&rsquo;ils obtiennent un pr\u00eat dans les meilleures conditions sur l&rsquo;ensemble de leurs projets :<\/p>\n<p style=\"text-align: justify;\"><strong>&#8211; Achat de votre r\u00e9sidence principale<\/strong><br \/>\n<strong>&#8211; Achat locatif<\/strong><br \/>\n<strong>&#8211; D\u00e9fiscalisation<\/strong><br \/>\n<strong>&#8211; Achat r\u00e9sidence secondaire<\/strong><br \/>\n<strong>&#8211; Ren\u00e9gociation de votre cr\u00e9dit immobilier<\/strong><br \/>\n<strong>&#8211; Ren\u00e9gociation de votre assurance de pr\u00eat<\/strong><br \/>\n<strong>&#8211; Restructuration de vos cr\u00e9dits pour all\u00e9ger vos mensualit\u00e9s<\/strong><br \/>\n<strong>&#8211; Rachat de soulte<\/strong><br \/>\n<strong>&#8211; Financement de travaux<\/strong><\/p>\n<p>Vous souhaitez devenir courtier en cr\u00e9dit immobilier, remplissez le <a href=\"https:\/\/pressetaux.fr\/franchise\/contact\/\"><span style=\"color: #f9b200;\"><strong>ce formulaire <\/strong><\/span><\/a>pour \u00eatre contact\u00e9.[\/vc_column_text][\/vc_column][\/vc_row][vc_row][vc_column][vc_separator color=\u00a0\u00bborange\u00a0\u00bb][\/vc_column][\/vc_row][vc_row][vc_column][vc_text_separator title=\u00a0\u00bbSatisfaction de nos clients\u00a0\u00bb color=\u00a0\u00bborange\u00a0\u00bb][\/vc_column][\/vc_row][vc_row][vc_column][vc_column_text]Retrouvez les avis et t\u00e9moignages de nos franchis\u00e9s sur : <a href=\"https:\/\/pressetaux.fr\/blog\/category\/temoignagesblog\/\" target=\"blank\" rel=\"noopener\">Nos t\u00e9moignages<\/a> et <a href=\"https:\/\/www.facebook.com\/CourtiersPresseTaux\/reviews?locale=fr_FR\" target=\"blank\" rel=\"noopener\">Facebook<\/a>[\/vc_column_text][\/vc_column][\/vc_row][vc_row][vc_column][vc_text_separator title=\u00a0\u00bbNotre programme de parrainage\u00a0\u00bb color=\u00a0\u00bborange\u00a0\u00bb][\/vc_column][\/vc_row][vc_row][vc_column][vc_column_text]Nos clients nous ont fait confiance, leur satisfaction est notre priorit\u00e9.<br \/>\nGr\u00e2ce \u00e0 notre programme de parrainage, nos clients b\u00e9n\u00e9ficient d&rsquo;un bon d&rsquo;achat pour tout dossier finalis\u00e9.<br \/>\n<strong>Parrainez un de vos proches, c&rsquo;est tr\u00e8s simple, <a href=\"https:\/\/pressetaux.fr\/parrainez-vos-amis\/\" target=\"blank\" rel=\"noopener\">cliquez-ici !<\/a><\/strong>[\/vc_column_text][\/vc_column][\/vc_row]<\/p>\n","protected":false},"excerpt":{"rendered":"<p>[vc_row][vc_column offset=\u00a0\u00bbvc_hidden-sm vc_hidden-xs\u00a0\u00bb][vc_single_image image=\u00a0\u00bb745&Prime; img_size=\u00a0\u00bbfull\u00a0\u00bb][\/vc_column][\/vc_row][vc_row][vc_column offset=\u00a0\u00bbvc_hidden-lg vc_hidden-md\u00a0\u00bb][vc_empty_space][\/vc_column][\/vc_row][vc_row][vc_column offset=\u00a0\u00bbvc_hidden-lg vc_hidden-md\u00a0\u00bb][vc_text_separator title=\u00a0\u00bbLes atouts PresseTaux\u00a0\u00bb color=\u00a0\u00bborange\u00a0\u00bb][\/vc_column][\/vc_row][vc_row][vc_column][vc_column_text]1) La formation La formation PRESSETAUX est l&rsquo;une des plus compl\u00e8tes du march\u00e9. Un cursus de 8 semaines assur\u00e9 par nos \u00e9quipes, qui sont eux-m\u00eames des courtiers actifs dans l&rsquo;activit\u00e9 de notre pilote.[\/vc_column_text][\/vc_column][\/vc_row][vc_row][vc_column width=\u00a0\u00bb1\/4&Prime;][vc_column_text][\/vc_column_text][\/vc_column][vc_column width=\u00a0\u00bb3\/4&Prime;][vc_column_text]Une formation \u00e0 3 niveaux : &gt; Les obligations l\u00e9gales &#8211; IOBSP A l&rsquo;issue de votre cursus, vous serez en parfait accord avec les demandes de l&rsquo;ORIAS pour vous permettre une inscription rapide. &gt; La ma\u00eetrise th\u00e9orique Durant votre formation, vous d\u00e9buterez chaque jour par une approche th\u00e9orique et technique du m\u00e9tier. Vous aborderez et utiliserez l&rsquo;ensemble des outils d\u00e9velopp\u00e9s par PRESSETAUX vous permettant de monter, de pr\u00e9senter, de n\u00e9gocier et de finaliser un dossier client dans le cadre juridique qui nous incombe. &gt; La formation op\u00e9rationnelle Au-del\u00e0 des qualit\u00e9s th\u00e9oriques et techniques que vous int\u00e9grerez, nous mettrons en application l&rsquo;ensemble de ces notions par des accompagnements quotidiens sur le terrain[\/vc_column_text][\/vc_column][\/vc_row][vc_row][vc_column][vc_column_text]Gr\u00e2ce \u00e0 notre syst\u00e8me de formation chaque franchis\u00e9 PRESSETAUX est 100 % op\u00e9rationnel et arrive sur sa zone avec toutes les capacit\u00e9s, la technique et l&rsquo;aisance que doit avoir un professionnel du financement.[\/vc_column_text][\/vc_column][\/vc_row][vc_row][vc_column][vc_column_text]2) L&rsquo;accompagnement[\/vc_column_text][\/vc_column][\/vc_row][vc_row][vc_column width=\u00a0\u00bb1\/2&Prime;][vc_single_image image=\u00a0\u00bb277&Prime; img_size=\u00a0\u00bbmedium\u00a0\u00bb][\/vc_column][vc_column width=\u00a0\u00bb1\/2&Prime;][vc_single_image image=\u00a0\u00bb1086&Prime; img_size=\u00a0\u00bbmedium\u00a0\u00bb][\/vc_column][\/vc_row][vc_row][vc_column][vc_column_text]Nos superviseurs sont des courtiers en exercice, ils vous accompagnent tout au long de votre d\u00e9ploiement : &gt; Soutien \u00e0 l&rsquo;ouverture &gt; Aide au d\u00e9veloppement &gt; Accompagnement pour les partenariats &gt; Accords avec les prescripteurs locaux Agences immobili\u00e8res, Notaires, Constructeurs, &#8230; Votre r\u00e9seau de prescripteurs est fondamental pour la r\u00e9ussite de votre activit\u00e9. PRESSETAUX, vous aidera dans votre mise en place locale. Au travers de notre formation vous int\u00e9grerez l&rsquo;ensemble de nos m\u00e9thodes permettant de d\u00e9velopper des partenariats. Vous pourrez \u00e9galement vous appuyer sur la pr\u00e9sence r\u00e9guli\u00e8re du superviseur et profiter des accords nationaux que nous avons conclus. Des outils de communication sp\u00e9cifiques ont \u00e9t\u00e9 d\u00e9velopp\u00e9s pour ces professionnels.[\/vc_column_text][\/vc_column][\/vc_row][vc_row][vc_column][vc_single_image image=\u00a0\u00bb1087&Prime; img_size=\u00a0\u00bbmedium\u00a0\u00bb alignment=\u00a0\u00bbcenter\u00a0\u00bb][\/vc_column][\/vc_row][vc_row][vc_column][vc_column_text]3) Les outils de communication[\/vc_column_text][\/vc_column][\/vc_row][vc_row][vc_column width=\u00a0\u00bb1\/2&Prime;][vc_single_image image=\u00a0\u00bb1089&Prime; img_size=\u00a0\u00bb250&#215;250&Prime;][\/vc_column][vc_column width=\u00a0\u00bb1\/2&Prime;][vc_single_image image=\u00a0\u00bb1088&Prime; img_size=\u00a0\u00bb250&#215;250&Prime;][\/vc_column][\/vc_row][vc_row][vc_column][vc_column_text]Nous avons con\u00e7u et test\u00e9 des outils qui vous permettront un d\u00e9ploiement rapide sur votre zone. Pour des raisons de confidentialit\u00e9, nous ne pouvons les d\u00e9crire pr\u00e9cis\u00e9ment, ils vous seront expos\u00e9s lors d&rsquo;un rendez-vous de pr\u00e9sentation. D\u00e9but 2013, PRESSETAUX a finalis\u00e9 une nouvelle charte graphique pour donner \u00e0 la marque les moyens de son ambition. La mutualisation de la communication vous assure une promotion efficace en limitant les co\u00fbts. &gt; Communication Prescripteurs : D\u00e8s votre entr\u00e9e dans le r\u00e9seau, PRESSETAUX d\u00e9clenche des op\u00e9rations de marketing direct pour sensibiliser les acteurs de votre secteur &#8211; Agences immobili\u00e8res, Notaires Constructeurs,&#8230; &gt; Communication d&rsquo;ouverture : Apr\u00e8s analyse de votre zone de chalandise, d\u00e9ploiement d&rsquo;un dispositif personnalis\u00e9 pour vous permettre de g\u00e9n\u00e9rer des contacts d\u00e8s le d\u00e9but de votre activit\u00e9. &gt; Communication on-line : C&rsquo;est un outils majeur de notre dispositif. D\u00e8s la signature de votre r\u00e9servation de zone, nous d\u00e9ployons tout un ensemble d&rsquo;actions sur le web pour vous g\u00e9n\u00e9rer des contacts rapidement.[\/vc_column_text][\/vc_column][\/vc_row][vc_row][vc_column][vc_column_text][\/vc_column_text][\/vc_column][\/vc_row][vc_row][vc_column][vc_separator color=\u00a0\u00bborange\u00a0\u00bb][\/vc_column][\/vc_row][vc_row][vc_column][vc_text_separator title=\u00a0\u00bbIls l&rsquo;on fait, ils en parlent le mieux\u00a0\u00bb color=\u00a0\u00bborange\u00a0\u00bb][\/vc_column][\/vc_row][vc_row][vc_column][vc_column_text]Retrouvez ici , les t\u00e9moignages de nos franchis\u00e9s[\/vc_column_text][\/vc_column][\/vc_row][vc_row][vc_column][vc_separator color=\u00a0\u00bborange\u00a0\u00bb][\/vc_column][\/vc_row][vc_row][vc_column][vc_column_text]Nos courtiers PresseTaux, courtier en cr\u00e9dit immobilier [&hellip;]<\/p>\n","protected":false},"author":8,"featured_media":0,"parent":0,"menu_order":0,"comment_status":"closed","ping_status":"closed","template":"","meta":{"_genesis_hide_title":false,"_genesis_hide_breadcrumbs":false,"_genesis_hide_singular_image":false,"_genesis_hide_footer_widgets":false,"_genesis_custom_body_class":"","_genesis_custom_post_class":"","_genesis_layout":""},"yoast_head":"<!-- This site is optimized with the Yoast SEO plugin v17.8 - https:\/\/yoast.com\/wordpress\/plugins\/seo\/ -->\n<title>Les atouts PresseTaux - Franchise PresseTaux Courtage en Cr\u00e9dits<\/title>\n<meta name=\"description\" content=\"Les atouts PresseTaux : la formation l&#039;accompagnement et les outils de communication. Contactez-nous pour plus d&#039;informations...\" \/>\n<meta name=\"robots\" content=\"index, follow, max-snippet:-1, max-image-preview:large, max-video-preview:-1\" \/>\n<link rel=\"canonical\" href=\"https:\/\/pressetaux.fr\/franchise\/les-atouts-pressetaux-3\/\" \/>\n<meta name=\"twitter:label1\" content=\"Dur\u00e9e de lecture estim\u00e9e\" \/>\n\t<meta name=\"twitter:data1\" content=\"4 minutes\" \/>\n<script type=\"application\/ld+json\" class=\"yoast-schema-graph\">{\"@context\":\"https:\/\/schema.org\",\"@graph\":[{\"@type\":\"Organization\",\"@id\":\"https:\/\/pressetaux.fr\/franchise\/#organization\",\"name\":\"PresseTaux\",\"url\":\"https:\/\/pressetaux.fr\/franchise\/\",\"sameAs\":[],\"logo\":{\"@type\":\"ImageObject\",\"@id\":\"https:\/\/pressetaux.fr\/franchise\/#logo\",\"inLanguage\":\"fr-FR\",\"url\":\"https:\/\/pressetaux.fr\/franchise\/wp-content\/uploads\/sites\/12\/2022\/06\/LogoPressetaux.jpg\",\"contentUrl\":\"https:\/\/pressetaux.fr\/franchise\/wp-content\/uploads\/sites\/12\/2022\/06\/LogoPressetaux.jpg\",\"width\":1776,\"height\":997,\"caption\":\"PresseTaux\"},\"image\":{\"@id\":\"https:\/\/pressetaux.fr\/franchise\/#logo\"}},{\"@type\":\"WebSite\",\"@id\":\"https:\/\/pressetaux.fr\/franchise\/#website\",\"url\":\"https:\/\/pressetaux.fr\/franchise\/\",\"name\":\"Franchise PresseTaux\",\"description\":\"COURTIER EN CREDIT\",\"publisher\":{\"@id\":\"https:\/\/pressetaux.fr\/franchise\/#organization\"},\"potentialAction\":[{\"@type\":\"SearchAction\",\"target\":{\"@type\":\"EntryPoint\",\"urlTemplate\":\"https:\/\/pressetaux.fr\/franchise\/?s={search_term_string}\"},\"query-input\":\"required name=search_term_string\"}],\"inLanguage\":\"fr-FR\"},{\"@type\":\"ImageObject\",\"@id\":\"https:\/\/pressetaux.fr\/franchise\/les-atouts-pressetaux-3\/#primaryimage\",\"inLanguage\":\"fr-FR\",\"url\":\"https:\/\/pressetaux.fr\/franchise\/wp-content\/uploads\/sites\/12\/2022\/07\/reseau-de-courtiers-pressetaux.png\",\"contentUrl\":\"https:\/\/pressetaux.fr\/franchise\/wp-content\/uploads\/sites\/12\/2022\/07\/reseau-de-courtiers-pressetaux.png\",\"width\":179,\"height\":300},{\"@type\":\"WebPage\",\"@id\":\"https:\/\/pressetaux.fr\/franchise\/les-atouts-pressetaux-3\/#webpage\",\"url\":\"https:\/\/pressetaux.fr\/franchise\/les-atouts-pressetaux-3\/\",\"name\":\"Les atouts PresseTaux - Franchise PresseTaux Courtage en Cr\\u00e9dits\",\"isPartOf\":{\"@id\":\"https:\/\/pressetaux.fr\/franchise\/#website\"},\"primaryImageOfPage\":{\"@id\":\"https:\/\/pressetaux.fr\/franchise\/les-atouts-pressetaux-3\/#primaryimage\"},\"datePublished\":\"2015-11-05T14:23:12+00:00\",\"dateModified\":\"2022-07-05T13:21:22+00:00\",\"description\":\"Les atouts PresseTaux : la formation l'accompagnement et les outils de communication. Contactez-nous pour plus d'informations...\",\"breadcrumb\":{\"@id\":\"https:\/\/pressetaux.fr\/franchise\/les-atouts-pressetaux-3\/#breadcrumb\"},\"inLanguage\":\"fr-FR\",\"potentialAction\":[{\"@type\":\"ReadAction\",\"target\":[\"https:\/\/pressetaux.fr\/franchise\/les-atouts-pressetaux-3\/\"]}]},{\"@type\":\"BreadcrumbList\",\"@id\":\"https:\/\/pressetaux.fr\/franchise\/les-atouts-pressetaux-3\/#breadcrumb\",\"itemListElement\":[{\"@type\":\"ListItem\",\"position\":1,\"name\":\"Les atouts PresseTaux\"}]}]}<\/script>\n<!-- \/ Yoast SEO plugin. -->","yoast_head_json":{"title":"Les atouts PresseTaux - Franchise PresseTaux Courtage en Cr\u00e9dits","description":"Les atouts PresseTaux : la formation l'accompagnement et les outils de communication. Contactez-nous pour plus d'informations...","robots":{"index":"index","follow":"follow","max-snippet":"max-snippet:-1","max-image-preview":"max-image-preview:large","max-video-preview":"max-video-preview:-1"},"canonical":"https:\/\/pressetaux.fr\/franchise\/les-atouts-pressetaux-3\/","twitter_misc":{"Dur\u00e9e de lecture estim\u00e9e":"4 minutes"},"schema":{"@context":"https:\/\/schema.org","@graph":[{"@type":"Organization","@id":"https:\/\/pressetaux.fr\/franchise\/#organization","name":"PresseTaux","url":"https:\/\/pressetaux.fr\/franchise\/","sameAs":[],"logo":{"@type":"ImageObject","@id":"https:\/\/pressetaux.fr\/franchise\/#logo","inLanguage":"fr-FR","url":"https:\/\/pressetaux.fr\/franchise\/wp-content\/uploads\/sites\/12\/2022\/06\/LogoPressetaux.jpg","contentUrl":"https:\/\/pressetaux.fr\/franchise\/wp-content\/uploads\/sites\/12\/2022\/06\/LogoPressetaux.jpg","width":1776,"height":997,"caption":"PresseTaux"},"image":{"@id":"https:\/\/pressetaux.fr\/franchise\/#logo"}},{"@type":"WebSite","@id":"https:\/\/pressetaux.fr\/franchise\/#website","url":"https:\/\/pressetaux.fr\/franchise\/","name":"Franchise PresseTaux","description":"COURTIER EN CREDIT","publisher":{"@id":"https:\/\/pressetaux.fr\/franchise\/#organization"},"potentialAction":[{"@type":"SearchAction","target":{"@type":"EntryPoint","urlTemplate":"https:\/\/pressetaux.fr\/franchise\/?s={search_term_string}"},"query-input":"required name=search_term_string"}],"inLanguage":"fr-FR"},{"@type":"ImageObject","@id":"https:\/\/pressetaux.fr\/franchise\/les-atouts-pressetaux-3\/#primaryimage","inLanguage":"fr-FR","url":"https:\/\/pressetaux.fr\/franchise\/wp-content\/uploads\/sites\/12\/2022\/07\/reseau-de-courtiers-pressetaux.png","contentUrl":"https:\/\/pressetaux.fr\/franchise\/wp-content\/uploads\/sites\/12\/2022\/07\/reseau-de-courtiers-pressetaux.png","width":179,"height":300},{"@type":"WebPage","@id":"https:\/\/pressetaux.fr\/franchise\/les-atouts-pressetaux-3\/#webpage","url":"https:\/\/pressetaux.fr\/franchise\/les-atouts-pressetaux-3\/","name":"Les atouts PresseTaux - Franchise PresseTaux Courtage en Cr\u00e9dits","isPartOf":{"@id":"https:\/\/pressetaux.fr\/franchise\/#website"},"primaryImageOfPage":{"@id":"https:\/\/pressetaux.fr\/franchise\/les-atouts-pressetaux-3\/#primaryimage"},"datePublished":"2015-11-05T14:23:12+00:00","dateModified":"2022-07-05T13:21:22+00:00","description":"Les atouts PresseTaux : la formation l'accompagnement et les outils de communication. Contactez-nous pour plus d'informations...","breadcrumb":{"@id":"https:\/\/pressetaux.fr\/franchise\/les-atouts-pressetaux-3\/#breadcrumb"},"inLanguage":"fr-FR","potentialAction":[{"@type":"ReadAction","target":["https:\/\/pressetaux.fr\/franchise\/les-atouts-pressetaux-3\/"]}]},{"@type":"BreadcrumbList","@id":"https:\/\/pressetaux.fr\/franchise\/les-atouts-pressetaux-3\/#breadcrumb","itemListElement":[{"@type":"ListItem","position":1,"name":"Les atouts PresseTaux"}]}]}},"_links":{"self":[{"href":"https:\/\/pressetaux.fr\/franchise\/wp-json\/wp\/v2\/pages\/743"}],"collection":[{"href":"https:\/\/pressetaux.fr\/franchise\/wp-json\/wp\/v2\/pages"}],"about":[{"href":"https:\/\/pressetaux.fr\/franchise\/wp-json\/wp\/v2\/types\/page"}],"author":[{"embeddable":true,"href":"https:\/\/pressetaux.fr\/franchise\/wp-json\/wp\/v2\/users\/8"}],"replies":[{"embeddable":true,"href":"https:\/\/pressetaux.fr\/franchise\/wp-json\/wp\/v2\/comments?post=743"}],"version-history":[{"count":0,"href":"https:\/\/pressetaux.fr\/franchise\/wp-json\/wp\/v2\/pages\/743\/revisions"}],"wp:attachment":[{"href":"https:\/\/pressetaux.fr\/franchise\/wp-json\/wp\/v2\/media?parent=743"}],"curies":[{"name":"wp","href":"https:\/\/api.w.org\/{rel}","templated":true}]}}