{"id":841,"date":"2014-01-05T23:07:01","date_gmt":"2014-01-05T22:07:01","guid":{"rendered":"http:\/\/www.pressetaux.fr\/franchise\/?page_id=73"},"modified":"2022-06-28T11:10:41","modified_gmt":"2022-06-28T10:10:41","slug":"devenir-courtier-immobilier","status":"publish","type":"page","link":"https:\/\/pressetaux.fr\/franchise\/qui-sommes-nous\/devenir-courtier-immobilier\/","title":{"rendered":"Devenir courtier en pr\u00eat immobilier"},"content":{"rendered":"<p>[vc_row][vc_column offset=\u00a0\u00bbvc_hidden-sm vc_hidden-xs\u00a0\u00bb][vc_single_image image=\u00a0\u00bb681&Prime; img_size=\u00a0\u00bbfull\u00a0\u00bb][\/vc_column][\/vc_row][vc_row el_class=\u00a0\u00bbmobile-only\u00a0\u00bb][vc_column offset=\u00a0\u00bbvc_hidden-lg vc_hidden-md\u00a0\u00bb][vc_column_text]<\/p>\n<p style=\"text-align: center;\">Le m\u00e9tier de courtier en immobilier : un savoir-faire unique pour un taux de satisfaction record.<\/p>\n<p>[\/vc_column_text][\/vc_column][\/vc_row][vc_row][vc_column][vc_text_separator title=\u00a0\u00bbDevenir courtier\u00a0\u00bb color=\u00a0\u00bborange\u00a0\u00bb border_width=\u00a0\u00bb2&Prime; el_class=\u00a0\u00bbtitreactualite\u00a0\u00bb][\/vc_column][\/vc_row][vc_row][vc_column width=\u00a0\u00bb1\/2&Prime;][vc_column_text]Le <strong>courtier en pr\u00eat immobilier<\/strong> est un interm\u00e9diaire, charg\u00e9 par un emprunteur, d\u2019obtenir les meilleures conditions aupr\u00e8s des \u00e9tablissements bancaires.<\/p>\n<p>De ce fait le courtage en pr\u00eat immobilier est une profession d\u2019essence bancaire, c\u2019est pourquoi le courtier immobilier est un interm\u00e9diaire en op\u00e9rations de banque et en services de paiement (IOBSP) qui doit disposer d\u2019une qualification conforme \u00e0 la r\u00e9glementation.[\/vc_column_text][vc_empty_space height=\u00a0\u00bb100px\u00a0\u00bb][vc_column_text]<img loading=\"lazy\" class=\"alignleft wp-image-682 size-medium\" src=\"https:\/\/pressetaux.fr\/franchise\/wp-content\/uploads\/sites\/12\/2014\/01\/image-metier-courtier-pressetaux1-300x162.png\" alt=\"\" width=\"300\" height=\"162\" srcset=\"https:\/\/pressetaux.fr\/franchise\/wp-content\/uploads\/sites\/12\/2014\/01\/image-metier-courtier-pressetaux1-300x162.png 300w, https:\/\/pressetaux.fr\/franchise\/wp-content\/uploads\/sites\/12\/2014\/01\/image-metier-courtier-pressetaux1-24x13.png 24w, https:\/\/pressetaux.fr\/franchise\/wp-content\/uploads\/sites\/12\/2014\/01\/image-metier-courtier-pressetaux1-36x19.png 36w, https:\/\/pressetaux.fr\/franchise\/wp-content\/uploads\/sites\/12\/2014\/01\/image-metier-courtier-pressetaux1-48x26.png 48w, https:\/\/pressetaux.fr\/franchise\/wp-content\/uploads\/sites\/12\/2014\/01\/image-metier-courtier-pressetaux1.png 363w\" sizes=\"(max-width: 300px) 100vw, 300px\" \/>[\/vc_column_text][\/vc_column][vc_column width=\u00a0\u00bb1\/2&Prime;][vc_column_text]Notre savoir-faire\u00a0:<br \/>\n<strong>Financement \/ Ren\u00e9gociation de pr\u00eat &gt; Achat Foncier \/ Immobilier<\/strong><\/p>\n<p><b>PROJET :\u00a0\u00a0<\/b><br \/>\n\u2022 Construction<br \/>\n\u2022 Travaux<br \/>\n\u2022 Transaction<\/p>\n<p><b>TYPE DE BIEN :<\/b><br \/>\n\u2022 Maison individuelle (neuve, ancienne ou construction)<br \/>\n\u2022 Appartement (neuf ou ancien)<br \/>\n\u2022 Bien professionnel<\/p>\n<p><b>USAGE :<\/b><br \/>\n\u2022 R\u00e9sidence principale<br \/>\n\u2022 R\u00e9sidence secondaire<br \/>\n\u2022 Investissement locatif<br \/>\n\u2022 Bureau \/ local commercial<\/p>\n<p><b>CLIENT :<\/b><br \/>\n\u2022 Primo-acc\u00e9dant<br \/>\n\u2022 Propri\u00e9taire<br \/>\n\u2022 Investisseur<br \/>\n\u2022 Professionnel[\/vc_column_text][\/vc_column][\/vc_row][vc_row][vc_column][vc_column_text]Nos courtiers PresseTaux, courtier en cr\u00e9dit immobilier accompagnent leurs clients afin qu&rsquo;ils obtiennent un pr\u00eat dans les meilleures conditions sur l&rsquo;ensemble de leurs projets :<\/p>\n<p style=\"text-align: justify;\"><strong>&#8211; Achat de votre r\u00e9sidence principale<\/strong><br \/>\n<strong>&#8211; Achat locatif<\/strong><br \/>\n<strong>&#8211; D\u00e9fiscalisation<\/strong><br \/>\n<strong>&#8211; Achat r\u00e9sidence secondaire<\/strong><br \/>\n<strong>&#8211; Ren\u00e9gociation de votre cr\u00e9dit immobilier<\/strong><br \/>\n<strong>&#8211; Ren\u00e9gociation de votre assurance de pr\u00eat<\/strong><br \/>\n<strong>&#8211; Restructuration de vos cr\u00e9dits pour all\u00e9ger vos mensualit\u00e9s<\/strong><br \/>\n<strong>&#8211; Rachat de soulte<\/strong><br \/>\n<strong>&#8211; Financement de travaux<\/strong><\/p>\n<p>Vous souhaitez devenir courtier en cr\u00e9dit immobilier, remplissez le <a href=\"https:\/\/pressetaux.fr\/franchise\/contact\/\"><span style=\"color: #f9b200;\"><strong>ce formulaire <\/strong><\/span><\/a>pour \u00eatre contact\u00e9.[\/vc_column_text][\/vc_column][\/vc_row][vc_row][vc_column][vc_separator color=\u00a0\u00bborange\u00a0\u00bb][\/vc_column][\/vc_row][vc_row][vc_column][vc_text_separator title=\u00a0\u00bbSatisfaction de nos clients\u00a0\u00bb color=\u00a0\u00bborange\u00a0\u00bb][\/vc_column][\/vc_row][vc_row][vc_column][vc_column_text]Retrouvez les avis et t\u00e9moignages de nos franchis\u00e9s sur : <a href=\"https:\/\/pressetaux.fr\/blog\/category\/temoignagesblog\/\" target=\"blank\" rel=\"noopener\">Nos t\u00e9moignages<\/a> et <a href=\"https:\/\/www.facebook.com\/CourtiersPresseTaux\/reviews?locale=fr_FR\" target=\"blank\" rel=\"noopener\">Facebook<\/a>[\/vc_column_text][\/vc_column][\/vc_row][vc_row][vc_column][vc_text_separator title=\u00a0\u00bbNotre programme de parrainage\u00a0\u00bb color=\u00a0\u00bborange\u00a0\u00bb][\/vc_column][\/vc_row][vc_row][vc_column][vc_column_text]Nos clients nous ont fait confiance, leur satisfaction est notre priorit\u00e9.<br \/>\nGr\u00e2ce \u00e0 notre programme de parrainage, nos clients b\u00e9n\u00e9ficient d&rsquo;un bon d&rsquo;achat pour tout dossier finalis\u00e9.<br \/>\n<strong>Parrainez un de vos proches, c&rsquo;est tr\u00e8s simple, <a href=\"https:\/\/pressetaux.fr\/parrainez-vos-amis\/\" target=\"blank\" rel=\"noopener\">cliquez-ici !<\/a><\/strong>[\/vc_column_text][\/vc_column][\/vc_row]<\/p>\n","protected":false},"excerpt":{"rendered":"<p>[vc_row][vc_column offset=\u00a0\u00bbvc_hidden-sm vc_hidden-xs\u00a0\u00bb][vc_single_image image=\u00a0\u00bb681&Prime; img_size=\u00a0\u00bbfull\u00a0\u00bb][\/vc_column][\/vc_row][vc_row el_class=\u00a0\u00bbmobile-only\u00a0\u00bb][vc_column offset=\u00a0\u00bbvc_hidden-lg vc_hidden-md\u00a0\u00bb][vc_column_text] Le m\u00e9tier de courtier en immobilier : un savoir-faire unique pour un taux de satisfaction record. [\/vc_column_text][\/vc_column][\/vc_row][vc_row][vc_column][vc_text_separator title=\u00a0\u00bbDevenir courtier\u00a0\u00bb color=\u00a0\u00bborange\u00a0\u00bb border_width=\u00a0\u00bb2&Prime; el_class=\u00a0\u00bbtitreactualite\u00a0\u00bb][\/vc_column][\/vc_row][vc_row][vc_column width=\u00a0\u00bb1\/2&Prime;][vc_column_text]Le courtier en pr\u00eat immobilier est un interm\u00e9diaire, charg\u00e9 par un emprunteur, d\u2019obtenir les meilleures conditions aupr\u00e8s des \u00e9tablissements bancaires. De ce fait le courtage en pr\u00eat immobilier est une profession d\u2019essence bancaire, c\u2019est pourquoi le courtier immobilier est un interm\u00e9diaire en op\u00e9rations de banque et en services de paiement (IOBSP) qui doit disposer d\u2019une qualification conforme \u00e0 la r\u00e9glementation.[\/vc_column_text][vc_empty_space height=\u00a0\u00bb100px\u00a0\u00bb][vc_column_text][\/vc_column_text][\/vc_column][vc_column width=\u00a0\u00bb1\/2&Prime;][vc_column_text]Notre savoir-faire\u00a0: Financement \/ Ren\u00e9gociation de pr\u00eat &gt; Achat Foncier \/ Immobilier PROJET :\u00a0\u00a0 \u2022 Construction \u2022 Travaux \u2022 Transaction TYPE DE BIEN : \u2022 Maison individuelle (neuve, ancienne ou construction) \u2022 Appartement (neuf ou ancien) \u2022 Bien professionnel USAGE : \u2022 R\u00e9sidence principale \u2022 R\u00e9sidence secondaire \u2022 Investissement locatif \u2022 Bureau \/ local commercial CLIENT : \u2022 Primo-acc\u00e9dant \u2022 Propri\u00e9taire \u2022 Investisseur \u2022 Professionnel[\/vc_column_text][\/vc_column][\/vc_row][vc_row][vc_column][vc_column_text]Nos courtiers PresseTaux, courtier en cr\u00e9dit immobilier accompagnent leurs clients afin qu&rsquo;ils obtiennent un pr\u00eat dans les meilleures conditions sur l&rsquo;ensemble de leurs projets : &#8211; Achat de votre r\u00e9sidence principale &#8211; Achat locatif &#8211; D\u00e9fiscalisation &#8211; Achat r\u00e9sidence secondaire &#8211; Ren\u00e9gociation de votre cr\u00e9dit immobilier &#8211; Ren\u00e9gociation de votre assurance de pr\u00eat &#8211; Restructuration de vos cr\u00e9dits pour all\u00e9ger vos mensualit\u00e9s &#8211; Rachat de soulte &#8211; Financement de travaux Vous souhaitez devenir courtier en cr\u00e9dit immobilier, remplissez le ce formulaire pour \u00eatre contact\u00e9.[\/vc_column_text][\/vc_column][\/vc_row][vc_row][vc_column][vc_separator color=\u00a0\u00bborange\u00a0\u00bb][\/vc_column][\/vc_row][vc_row][vc_column][vc_text_separator title=\u00a0\u00bbSatisfaction de nos clients\u00a0\u00bb color=\u00a0\u00bborange\u00a0\u00bb][\/vc_column][\/vc_row][vc_row][vc_column][vc_column_text]Retrouvez les avis et t\u00e9moignages de nos franchis\u00e9s sur : Nos t\u00e9moignages et Facebook[\/vc_column_text][\/vc_column][\/vc_row][vc_row][vc_column][vc_text_separator title=\u00a0\u00bbNotre programme de parrainage\u00a0\u00bb color=\u00a0\u00bborange\u00a0\u00bb][\/vc_column][\/vc_row][vc_row][vc_column][vc_column_text]Nos clients nous ont fait confiance, leur satisfaction est notre priorit\u00e9. Gr\u00e2ce \u00e0 notre programme de parrainage, nos clients b\u00e9n\u00e9ficient d&rsquo;un bon d&rsquo;achat pour tout dossier finalis\u00e9. Parrainez un de vos proches, c&rsquo;est tr\u00e8s simple, cliquez-ici ![\/vc_column_text][\/vc_column][\/vc_row]<\/p>\n","protected":false},"author":8,"featured_media":0,"parent":834,"menu_order":1,"comment_status":"closed","ping_status":"closed","template":"","meta":{"_genesis_hide_title":false,"_genesis_hide_breadcrumbs":false,"_genesis_hide_singular_image":false,"_genesis_hide_footer_widgets":false,"_genesis_custom_body_class":"","_genesis_custom_post_class":"","_genesis_layout":""},"yoast_head":"<!-- This site is optimized with the Yoast SEO plugin v17.8 - https:\/\/yoast.com\/wordpress\/plugins\/seo\/ -->\n<title>Devenir courtier en pr\u00eat immobilier - Franchise PresseTaux<\/title>\n<meta name=\"description\" content=\"Rejoignez notre \u00e9quipe de courtier en pr\u00eat immobilier, contactez-nous pour avoir plus de renseignements au 03 27 47 75 74\" \/>\n<meta name=\"robots\" content=\"index, follow, max-snippet:-1, max-image-preview:large, max-video-preview:-1\" \/>\n<link rel=\"canonical\" href=\"https:\/\/pressetaux.fr\/franchise\/qui-sommes-nous\/devenir-courtier-immobilier\/\" \/>\n<meta name=\"twitter:label1\" content=\"Dur\u00e9e de lecture estim\u00e9e\" \/>\n\t<meta name=\"twitter:data1\" content=\"2 minutes\" \/>\n<script type=\"application\/ld+json\" class=\"yoast-schema-graph\">{\"@context\":\"https:\/\/schema.org\",\"@graph\":[{\"@type\":\"Organization\",\"@id\":\"https:\/\/pressetaux.fr\/franchise\/#organization\",\"name\":\"PresseTaux\",\"url\":\"https:\/\/pressetaux.fr\/franchise\/\",\"sameAs\":[],\"logo\":{\"@type\":\"ImageObject\",\"@id\":\"https:\/\/pressetaux.fr\/franchise\/#logo\",\"inLanguage\":\"fr-FR\",\"url\":\"https:\/\/pressetaux.fr\/franchise\/wp-content\/uploads\/sites\/12\/2022\/06\/LogoPressetaux.jpg\",\"contentUrl\":\"https:\/\/pressetaux.fr\/franchise\/wp-content\/uploads\/sites\/12\/2022\/06\/LogoPressetaux.jpg\",\"width\":1776,\"height\":997,\"caption\":\"PresseTaux\"},\"image\":{\"@id\":\"https:\/\/pressetaux.fr\/franchise\/#logo\"}},{\"@type\":\"WebSite\",\"@id\":\"https:\/\/pressetaux.fr\/franchise\/#website\",\"url\":\"https:\/\/pressetaux.fr\/franchise\/\",\"name\":\"Franchise PresseTaux\",\"description\":\"COURTIER EN CREDIT\",\"publisher\":{\"@id\":\"https:\/\/pressetaux.fr\/franchise\/#organization\"},\"potentialAction\":[{\"@type\":\"SearchAction\",\"target\":{\"@type\":\"EntryPoint\",\"urlTemplate\":\"https:\/\/pressetaux.fr\/franchise\/?s={search_term_string}\"},\"query-input\":\"required name=search_term_string\"}],\"inLanguage\":\"fr-FR\"},{\"@type\":\"ImageObject\",\"@id\":\"https:\/\/pressetaux.fr\/franchise\/qui-sommes-nous\/devenir-courtier-immobilier\/#primaryimage\",\"inLanguage\":\"fr-FR\",\"url\":\"https:\/\/pressetaux.fr\/franchise\/wp-content\/uploads\/sites\/12\/2014\/01\/image-metier-courtier-pressetaux1.png\",\"contentUrl\":\"https:\/\/pressetaux.fr\/franchise\/wp-content\/uploads\/sites\/12\/2014\/01\/image-metier-courtier-pressetaux1.png\",\"width\":363,\"height\":196},{\"@type\":\"WebPage\",\"@id\":\"https:\/\/pressetaux.fr\/franchise\/qui-sommes-nous\/devenir-courtier-immobilier\/#webpage\",\"url\":\"https:\/\/pressetaux.fr\/franchise\/qui-sommes-nous\/devenir-courtier-immobilier\/\",\"name\":\"Devenir courtier en pr\\u00eat immobilier - Franchise PresseTaux\",\"isPartOf\":{\"@id\":\"https:\/\/pressetaux.fr\/franchise\/#website\"},\"primaryImageOfPage\":{\"@id\":\"https:\/\/pressetaux.fr\/franchise\/qui-sommes-nous\/devenir-courtier-immobilier\/#primaryimage\"},\"datePublished\":\"2014-01-05T22:07:01+00:00\",\"dateModified\":\"2022-06-28T10:10:41+00:00\",\"description\":\"Rejoignez notre \\u00e9quipe de courtier en pr\\u00eat immobilier, contactez-nous pour avoir plus de renseignements au 03 27 47 75 74\",\"breadcrumb\":{\"@id\":\"https:\/\/pressetaux.fr\/franchise\/qui-sommes-nous\/devenir-courtier-immobilier\/#breadcrumb\"},\"inLanguage\":\"fr-FR\",\"potentialAction\":[{\"@type\":\"ReadAction\",\"target\":[\"https:\/\/pressetaux.fr\/franchise\/qui-sommes-nous\/devenir-courtier-immobilier\/\"]}]},{\"@type\":\"BreadcrumbList\",\"@id\":\"https:\/\/pressetaux.fr\/franchise\/qui-sommes-nous\/devenir-courtier-immobilier\/#breadcrumb\",\"itemListElement\":[{\"@type\":\"ListItem\",\"position\":1,\"name\":\"Qui sommes-nous ?\",\"item\":\"https:\/\/pressetaux.fr\/franchise\/qui-sommes-nous\/\"},{\"@type\":\"ListItem\",\"position\":2,\"name\":\"Devenir courtier en pr\\u00eat immobilier\"}]}]}<\/script>\n<!-- \/ Yoast SEO plugin. -->","yoast_head_json":{"title":"Devenir courtier en pr\u00eat immobilier - Franchise PresseTaux","description":"Rejoignez notre \u00e9quipe de courtier en pr\u00eat immobilier, contactez-nous pour avoir plus de renseignements au 03 27 47 75 74","robots":{"index":"index","follow":"follow","max-snippet":"max-snippet:-1","max-image-preview":"max-image-preview:large","max-video-preview":"max-video-preview:-1"},"canonical":"https:\/\/pressetaux.fr\/franchise\/qui-sommes-nous\/devenir-courtier-immobilier\/","twitter_misc":{"Dur\u00e9e de lecture estim\u00e9e":"2 minutes"},"schema":{"@context":"https:\/\/schema.org","@graph":[{"@type":"Organization","@id":"https:\/\/pressetaux.fr\/franchise\/#organization","name":"PresseTaux","url":"https:\/\/pressetaux.fr\/franchise\/","sameAs":[],"logo":{"@type":"ImageObject","@id":"https:\/\/pressetaux.fr\/franchise\/#logo","inLanguage":"fr-FR","url":"https:\/\/pressetaux.fr\/franchise\/wp-content\/uploads\/sites\/12\/2022\/06\/LogoPressetaux.jpg","contentUrl":"https:\/\/pressetaux.fr\/franchise\/wp-content\/uploads\/sites\/12\/2022\/06\/LogoPressetaux.jpg","width":1776,"height":997,"caption":"PresseTaux"},"image":{"@id":"https:\/\/pressetaux.fr\/franchise\/#logo"}},{"@type":"WebSite","@id":"https:\/\/pressetaux.fr\/franchise\/#website","url":"https:\/\/pressetaux.fr\/franchise\/","name":"Franchise PresseTaux","description":"COURTIER EN CREDIT","publisher":{"@id":"https:\/\/pressetaux.fr\/franchise\/#organization"},"potentialAction":[{"@type":"SearchAction","target":{"@type":"EntryPoint","urlTemplate":"https:\/\/pressetaux.fr\/franchise\/?s={search_term_string}"},"query-input":"required name=search_term_string"}],"inLanguage":"fr-FR"},{"@type":"ImageObject","@id":"https:\/\/pressetaux.fr\/franchise\/qui-sommes-nous\/devenir-courtier-immobilier\/#primaryimage","inLanguage":"fr-FR","url":"https:\/\/pressetaux.fr\/franchise\/wp-content\/uploads\/sites\/12\/2014\/01\/image-metier-courtier-pressetaux1.png","contentUrl":"https:\/\/pressetaux.fr\/franchise\/wp-content\/uploads\/sites\/12\/2014\/01\/image-metier-courtier-pressetaux1.png","width":363,"height":196},{"@type":"WebPage","@id":"https:\/\/pressetaux.fr\/franchise\/qui-sommes-nous\/devenir-courtier-immobilier\/#webpage","url":"https:\/\/pressetaux.fr\/franchise\/qui-sommes-nous\/devenir-courtier-immobilier\/","name":"Devenir courtier en pr\u00eat immobilier - Franchise PresseTaux","isPartOf":{"@id":"https:\/\/pressetaux.fr\/franchise\/#website"},"primaryImageOfPage":{"@id":"https:\/\/pressetaux.fr\/franchise\/qui-sommes-nous\/devenir-courtier-immobilier\/#primaryimage"},"datePublished":"2014-01-05T22:07:01+00:00","dateModified":"2022-06-28T10:10:41+00:00","description":"Rejoignez notre \u00e9quipe de courtier en pr\u00eat immobilier, contactez-nous pour avoir plus de renseignements au 03 27 47 75 74","breadcrumb":{"@id":"https:\/\/pressetaux.fr\/franchise\/qui-sommes-nous\/devenir-courtier-immobilier\/#breadcrumb"},"inLanguage":"fr-FR","potentialAction":[{"@type":"ReadAction","target":["https:\/\/pressetaux.fr\/franchise\/qui-sommes-nous\/devenir-courtier-immobilier\/"]}]},{"@type":"BreadcrumbList","@id":"https:\/\/pressetaux.fr\/franchise\/qui-sommes-nous\/devenir-courtier-immobilier\/#breadcrumb","itemListElement":[{"@type":"ListItem","position":1,"name":"Qui sommes-nous ?","item":"https:\/\/pressetaux.fr\/franchise\/qui-sommes-nous\/"},{"@type":"ListItem","position":2,"name":"Devenir courtier en pr\u00eat immobilier"}]}]}},"_links":{"self":[{"href":"https:\/\/pressetaux.fr\/franchise\/wp-json\/wp\/v2\/pages\/841"}],"collection":[{"href":"https:\/\/pressetaux.fr\/franchise\/wp-json\/wp\/v2\/pages"}],"about":[{"href":"https:\/\/pressetaux.fr\/franchise\/wp-json\/wp\/v2\/types\/page"}],"author":[{"embeddable":true,"href":"https:\/\/pressetaux.fr\/franchise\/wp-json\/wp\/v2\/users\/8"}],"replies":[{"embeddable":true,"href":"https:\/\/pressetaux.fr\/franchise\/wp-json\/wp\/v2\/comments?post=841"}],"version-history":[{"count":0,"href":"https:\/\/pressetaux.fr\/franchise\/wp-json\/wp\/v2\/pages\/841\/revisions"}],"up":[{"embeddable":true,"href":"https:\/\/pressetaux.fr\/franchise\/wp-json\/wp\/v2\/pages\/834"}],"wp:attachment":[{"href":"https:\/\/pressetaux.fr\/franchise\/wp-json\/wp\/v2\/media?parent=841"}],"curies":[{"name":"wp","href":"https:\/\/api.w.org\/{rel}","templated":true}]}}