{"id":842,"date":"2014-01-06T09:15:04","date_gmt":"2014-01-06T08:15:04","guid":{"rendered":"http:\/\/www.pressetaux.fr\/franchise\/?page_id=85"},"modified":"2022-07-05T15:00:03","modified_gmt":"2022-07-05T14:00:03","slug":"le-marche-du-courtage-en-credit","status":"publish","type":"page","link":"https:\/\/pressetaux.fr\/franchise\/qui-sommes-nous\/le-marche-du-courtage-en-credit\/","title":{"rendered":"Le march\u00e9 du courtage en cr\u00e9dit"},"content":{"rendered":"<p>[vc_row][vc_column offset=\u00a0\u00bbvc_hidden-sm vc_hidden-xs\u00a0\u00bb][vc_single_image image=\u00a0\u00bb826&Prime; img_size=\u00a0\u00bbfull\u00a0\u00bb][\/vc_column][\/vc_row][vc_row][vc_column offset=\u00a0\u00bbvc_hidden-lg vc_hidden-md\u00a0\u00bb][vc_empty_space][\/vc_column][\/vc_row][vc_row][vc_column][vc_text_separator title=\u00a0\u00bbLe march\u00e9 international\u00a0\u00bb color=\u00a0\u00bborange\u00a0\u00bb border_width=\u00a0\u00bb2&Prime; el_class=\u00a0\u00bbtitreactualite\u00a0\u00bb][\/vc_column][\/vc_row][vc_row][vc_column][vc_empty_space height=\u00a0\u00bb10px\u00a0\u00bb][\/vc_column][\/vc_row][vc_row][vc_column width=\u00a0\u00bb1\/2&Prime;][vc_single_image image=\u00a0\u00bb710&Prime; img_size=\u00a0\u00bbfull\u00a0\u00bb alignment=\u00a0\u00bbcenter\u00a0\u00bb][\/vc_column][vc_column width=\u00a0\u00bb1\/2&Prime;][vc_column_text]Notre profession a longtemps souffert d\u2019une absence de cadre juridique qui a frein\u00e9 notre d\u00e9veloppement en France, par rapport \u00e0 d\u2019autres pays comme la Grande-Bretagne ou les \u00c9tats-Unis. Sur ces march\u00e9s les interm\u00e9diaires sont per\u00e7us comme meilleurs experts que les banques elles-m\u00eames, qui ont des strat\u00e9gies orient\u00e9es vers une r\u00e9duction du nombre d\u2019agences et vers une vocation de vente de produits plus g\u00e9n\u00e9raliste.[\/vc_column_text][\/vc_column][\/vc_row][vc_row][vc_column][vc_empty_space height=\u00a0\u00bb20px\u00a0\u00bb][\/vc_column][\/vc_row][vc_row][vc_column][vc_text_separator title=\u00a0\u00bbEvolution et perspectives\u00a0\u00bb color=\u00a0\u00bborange\u00a0\u00bb border_width=\u00a0\u00bb2&Prime; el_class=\u00a0\u00bbtitreactualite\u00a0\u00bb][\/vc_column][\/vc_row][vc_row][vc_column][vc_empty_space height=\u00a0\u00bb10px\u00a0\u00bb][\/vc_column][\/vc_row][vc_row][vc_column width=\u00a0\u00bb1\/2&Prime;][vc_column_text]L\u2019APIC pr\u00e9voit d\u2019excellentes perspectives pour le courtage en cr\u00e9dit en France. En effet, selon les \u00e9tudes faites chez nos voisins europ\u00e9ens, sit\u00f4t l\u2019\u00e9volution de la r\u00e9glementation de la profession, leur march\u00e9 a d\u00e9coll\u00e9, et continue \u00e0 cro\u00eetre, pour doubler en 10 ans.<\/p>\n<p>[\/vc_column_text][\/vc_column][vc_column width=\u00a0\u00bb1\/2&Prime;][vc_column_text]Selon les instituts \u00e9conomiques XERFI ou IHS GLOBAL INSIGHT la part de march\u00e9 des courtiers dans la distribution du cr\u00e9dit immobilier devrait atteindre 50% dans les 5 ans, ce qui place la France dans la norme europ\u00e9enne et donne une belle opportunit\u00e9 de d\u00e9veloppement \u00e0 moyen terme.[\/vc_column_text][\/vc_column][\/vc_row][vc_row][vc_column][vc_empty_space height=\u00a0\u00bb20px\u00a0\u00bb][\/vc_column][\/vc_row][vc_row][vc_column][vc_text_separator title=\u00a0\u00bbLe march\u00e9 national\u00a0\u00bb color=\u00a0\u00bborange\u00a0\u00bb border_width=\u00a0\u00bb2&Prime; el_class=\u00a0\u00bbtitreactualite\u00a0\u00bb][\/vc_column][\/vc_row][vc_row][vc_column width=\u00a0\u00bb1\/2&Prime;][vc_column_text]La mise en place de la loi de r\u00e9gulation bancaire et financi\u00e8re du 22 octobre 2010, rendant obligatoire l\u2019immatriculation des IOBSP et leur formation, a ouvert la voie \u00e0 un d\u00e9veloppement important de notre activit\u00e9 avec des perspectives d\u2019\u00e9volution identiques \u00e0 nos voisins europ\u00e9ens. En comparaison, la France est tr\u00e8s en retard avec une part de march\u00e9 de l\u2019ordre de 30 % aujourd\u2019hui.<\/p>\n<p>Pour les pr\u00eats immobiliers, les banques semblent avoir pris acte du fait que les courtiers sont plus efficaces que les personnels en agence. On assiste \u00e0 une externalisation progressive de la recherche de financement immobilier.<br \/>\n[\/vc_column_text][\/vc_column][vc_column width=\u00a0\u00bb1\/2&Prime;][vc_column_text]<img loading=\"lazy\" class=\"aligncenter wp-image-824 size-medium\" src=\"https:\/\/pressetaux.fr\/franchise\/wp-content\/uploads\/sites\/12\/2014\/01\/marche-courtage111-300x300.jpg\" alt=\"\" width=\"300\" height=\"300\" srcset=\"https:\/\/pressetaux.fr\/franchise\/wp-content\/uploads\/sites\/12\/2014\/01\/marche-courtage111-300x300.jpg 300w, https:\/\/pressetaux.fr\/franchise\/wp-content\/uploads\/sites\/12\/2014\/01\/marche-courtage111-150x150.jpg 150w, https:\/\/pressetaux.fr\/franchise\/wp-content\/uploads\/sites\/12\/2014\/01\/marche-courtage111-24x24.jpg 24w, https:\/\/pressetaux.fr\/franchise\/wp-content\/uploads\/sites\/12\/2014\/01\/marche-courtage111-36x36.jpg 36w, https:\/\/pressetaux.fr\/franchise\/wp-content\/uploads\/sites\/12\/2014\/01\/marche-courtage111-48x48.jpg 48w, https:\/\/pressetaux.fr\/franchise\/wp-content\/uploads\/sites\/12\/2014\/01\/marche-courtage111.jpg 567w\" sizes=\"(max-width: 300px) 100vw, 300px\" \/>[\/vc_column_text][\/vc_column][\/vc_row][vc_row][vc_column][vc_separator color=\u00a0\u00bborange\u00a0\u00bb][\/vc_column][\/vc_row][vc_row][vc_column][vc_text_separator title=\u00a0\u00bbIls l&rsquo;on fait, ils en parlent le mieux\u00a0\u00bb color=\u00a0\u00bborange\u00a0\u00bb][\/vc_column][\/vc_row][vc_row][vc_column][vc_column_text]Retrouvez <a href=\"https:\/\/pressetaux.fr\/franchise\/temoignages\/\">ici<\/a> , les t\u00e9moignages de nos franchis\u00e9s[\/vc_column_text][\/vc_column][\/vc_row][vc_row][vc_column][vc_separator color=\u00a0\u00bborange\u00a0\u00bb][\/vc_column][\/vc_row][vc_row][vc_column][vc_column_text]Nos courtiers PresseTaux, courtier en cr\u00e9dit immobilier accompagnent leurs clients afin qu&rsquo;ils obtiennent un pr\u00eat dans les meilleures conditions sur l&rsquo;ensemble de leurs projets :<\/p>\n<p style=\"text-align: justify;\"><strong>&#8211; Achat de votre r\u00e9sidence principale<\/strong><br \/>\n<strong>&#8211; Achat locatif<\/strong><br \/>\n<strong>&#8211; D\u00e9fiscalisation<\/strong><br \/>\n<strong>&#8211; Achat r\u00e9sidence secondaire<\/strong><br \/>\n<strong>&#8211; Ren\u00e9gociation de votre cr\u00e9dit immobilier<\/strong><br \/>\n<strong>&#8211; Ren\u00e9gociation de votre assurance de pr\u00eat<\/strong><br \/>\n<strong>&#8211; Restructuration de vos cr\u00e9dits pour all\u00e9ger vos mensualit\u00e9s<\/strong><br \/>\n<strong>&#8211; Rachat de soulte<\/strong><br \/>\n<strong>&#8211; Financement de travaux<\/strong><\/p>\n<p>Vous souhaitez devenir courtier en cr\u00e9dit immobilier, remplissez le <a href=\"https:\/\/pressetaux.fr\/franchise\/contact\/\"><span style=\"color: #f9b200;\"><strong>ce formulaire <\/strong><\/span><\/a>pour \u00eatre contact\u00e9.[\/vc_column_text][\/vc_column][\/vc_row][vc_row][vc_column][vc_text_separator title=\u00a0\u00bbSatisfaction de nos clients\u00a0\u00bb color=\u00a0\u00bborange\u00a0\u00bb][\/vc_column][\/vc_row][vc_row][vc_column][vc_column_text]Retrouvez les avis et t\u00e9moignages de nos franchis\u00e9s sur : <a href=\"https:\/\/pressetaux.fr\/blog\/category\/temoignagesblog\/\" target=\"blank\" rel=\"noopener\">Nos t\u00e9moignages<\/a> et <a href=\"https:\/\/www.facebook.com\/CourtiersPresseTaux\/reviews?locale=fr_FR\" target=\"blank\" rel=\"noopener\">Facebook<\/a>[\/vc_column_text][\/vc_column][\/vc_row][vc_row][vc_column][vc_text_separator title=\u00a0\u00bbNotre programme de parrainage\u00a0\u00bb color=\u00a0\u00bborange\u00a0\u00bb][\/vc_column][\/vc_row][vc_row][vc_column][vc_column_text]Nos clients nous ont fait confiance, leur satisfaction est notre priorit\u00e9.<br \/>\nGr\u00e2ce \u00e0 notre programme de parrainage, nos clients b\u00e9n\u00e9ficient d&rsquo;un bon d&rsquo;achat pour tout dossier finalis\u00e9.<br \/>\n<strong>Parrainez un de vos proches, c&rsquo;est tr\u00e8s simple, <a href=\"https:\/\/pressetaux.fr\/parrainez-vos-amis\/\" target=\"blank\" rel=\"noopener\">cliquez-ici !<\/a><\/strong>[\/vc_column_text][\/vc_column][\/vc_row]<\/p>\n","protected":false},"excerpt":{"rendered":"<p>[vc_row][vc_column offset=\u00a0\u00bbvc_hidden-sm vc_hidden-xs\u00a0\u00bb][vc_single_image image=\u00a0\u00bb826&Prime; img_size=\u00a0\u00bbfull\u00a0\u00bb][\/vc_column][\/vc_row][vc_row][vc_column offset=\u00a0\u00bbvc_hidden-lg vc_hidden-md\u00a0\u00bb][vc_empty_space][\/vc_column][\/vc_row][vc_row][vc_column][vc_text_separator title=\u00a0\u00bbLe march\u00e9 international\u00a0\u00bb color=\u00a0\u00bborange\u00a0\u00bb border_width=\u00a0\u00bb2&Prime; el_class=\u00a0\u00bbtitreactualite\u00a0\u00bb][\/vc_column][\/vc_row][vc_row][vc_column][vc_empty_space height=\u00a0\u00bb10px\u00a0\u00bb][\/vc_column][\/vc_row][vc_row][vc_column width=\u00a0\u00bb1\/2&Prime;][vc_single_image image=\u00a0\u00bb710&Prime; img_size=\u00a0\u00bbfull\u00a0\u00bb alignment=\u00a0\u00bbcenter\u00a0\u00bb][\/vc_column][vc_column width=\u00a0\u00bb1\/2&Prime;][vc_column_text]Notre profession a longtemps souffert d\u2019une absence de cadre juridique qui a frein\u00e9 notre d\u00e9veloppement en France, par rapport \u00e0 d\u2019autres pays comme la Grande-Bretagne ou les \u00c9tats-Unis. Sur ces march\u00e9s les interm\u00e9diaires sont per\u00e7us comme meilleurs experts que les banques elles-m\u00eames, qui ont des strat\u00e9gies orient\u00e9es vers une r\u00e9duction du nombre d\u2019agences et vers une vocation de vente de produits plus g\u00e9n\u00e9raliste.[\/vc_column_text][\/vc_column][\/vc_row][vc_row][vc_column][vc_empty_space height=\u00a0\u00bb20px\u00a0\u00bb][\/vc_column][\/vc_row][vc_row][vc_column][vc_text_separator title=\u00a0\u00bbEvolution et perspectives\u00a0\u00bb color=\u00a0\u00bborange\u00a0\u00bb border_width=\u00a0\u00bb2&Prime; el_class=\u00a0\u00bbtitreactualite\u00a0\u00bb][\/vc_column][\/vc_row][vc_row][vc_column][vc_empty_space height=\u00a0\u00bb10px\u00a0\u00bb][\/vc_column][\/vc_row][vc_row][vc_column width=\u00a0\u00bb1\/2&Prime;][vc_column_text]L\u2019APIC pr\u00e9voit d\u2019excellentes perspectives pour le courtage en cr\u00e9dit en France. En effet, selon les \u00e9tudes faites chez nos voisins europ\u00e9ens, sit\u00f4t l\u2019\u00e9volution de la r\u00e9glementation de la profession, leur march\u00e9 a d\u00e9coll\u00e9, et continue \u00e0 cro\u00eetre, pour doubler en 10 ans. [\/vc_column_text][\/vc_column][vc_column width=\u00a0\u00bb1\/2&Prime;][vc_column_text]Selon les instituts \u00e9conomiques XERFI ou IHS GLOBAL INSIGHT la part de march\u00e9 des courtiers dans la distribution du cr\u00e9dit immobilier devrait atteindre 50% dans les 5 ans, ce qui place la France dans la norme europ\u00e9enne et donne une belle opportunit\u00e9 de d\u00e9veloppement \u00e0 moyen terme.[\/vc_column_text][\/vc_column][\/vc_row][vc_row][vc_column][vc_empty_space height=\u00a0\u00bb20px\u00a0\u00bb][\/vc_column][\/vc_row][vc_row][vc_column][vc_text_separator title=\u00a0\u00bbLe march\u00e9 national\u00a0\u00bb color=\u00a0\u00bborange\u00a0\u00bb border_width=\u00a0\u00bb2&Prime; el_class=\u00a0\u00bbtitreactualite\u00a0\u00bb][\/vc_column][\/vc_row][vc_row][vc_column width=\u00a0\u00bb1\/2&Prime;][vc_column_text]La mise en place de la loi de r\u00e9gulation bancaire et financi\u00e8re du 22 octobre 2010, rendant obligatoire l\u2019immatriculation des IOBSP et leur formation, a ouvert la voie \u00e0 un d\u00e9veloppement important de notre activit\u00e9 avec des perspectives d\u2019\u00e9volution identiques \u00e0 nos voisins europ\u00e9ens. En comparaison, la France est tr\u00e8s en retard avec une part de march\u00e9 de l\u2019ordre de 30 % aujourd\u2019hui. Pour les pr\u00eats immobiliers, les banques semblent avoir pris acte du fait que les courtiers sont plus efficaces que les personnels en agence. On assiste \u00e0 une externalisation progressive de la recherche de financement immobilier. [\/vc_column_text][\/vc_column][vc_column width=\u00a0\u00bb1\/2&Prime;][vc_column_text][\/vc_column_text][\/vc_column][\/vc_row][vc_row][vc_column][vc_separator color=\u00a0\u00bborange\u00a0\u00bb][\/vc_column][\/vc_row][vc_row][vc_column][vc_text_separator title=\u00a0\u00bbIls l&rsquo;on fait, ils en parlent le mieux\u00a0\u00bb color=\u00a0\u00bborange\u00a0\u00bb][\/vc_column][\/vc_row][vc_row][vc_column][vc_column_text]Retrouvez ici , les t\u00e9moignages de nos franchis\u00e9s[\/vc_column_text][\/vc_column][\/vc_row][vc_row][vc_column][vc_separator color=\u00a0\u00bborange\u00a0\u00bb][\/vc_column][\/vc_row][vc_row][vc_column][vc_column_text]Nos courtiers PresseTaux, courtier en cr\u00e9dit immobilier accompagnent leurs clients afin qu&rsquo;ils obtiennent un pr\u00eat dans les meilleures conditions sur l&rsquo;ensemble de leurs projets : &#8211; Achat de votre r\u00e9sidence principale &#8211; Achat locatif &#8211; D\u00e9fiscalisation &#8211; Achat r\u00e9sidence secondaire &#8211; Ren\u00e9gociation de votre cr\u00e9dit immobilier &#8211; Ren\u00e9gociation de votre assurance de pr\u00eat &#8211; Restructuration de vos cr\u00e9dits pour all\u00e9ger vos mensualit\u00e9s &#8211; Rachat de soulte &#8211; Financement de travaux Vous souhaitez devenir courtier en cr\u00e9dit immobilier, remplissez le ce formulaire pour \u00eatre contact\u00e9.[\/vc_column_text][\/vc_column][\/vc_row][vc_row][vc_column][vc_text_separator title=\u00a0\u00bbSatisfaction de nos clients\u00a0\u00bb color=\u00a0\u00bborange\u00a0\u00bb][\/vc_column][\/vc_row][vc_row][vc_column][vc_column_text]Retrouvez les avis et t\u00e9moignages de nos franchis\u00e9s sur : Nos t\u00e9moignages et Facebook[\/vc_column_text][\/vc_column][\/vc_row][vc_row][vc_column][vc_text_separator title=\u00a0\u00bbNotre programme de parrainage\u00a0\u00bb color=\u00a0\u00bborange\u00a0\u00bb][\/vc_column][\/vc_row][vc_row][vc_column][vc_column_text]Nos clients nous ont fait confiance, leur satisfaction est notre priorit\u00e9. Gr\u00e2ce \u00e0 notre programme de parrainage, nos clients b\u00e9n\u00e9ficient d&rsquo;un bon d&rsquo;achat pour tout dossier finalis\u00e9. Parrainez un de vos proches, c&rsquo;est tr\u00e8s simple, cliquez-ici ![\/vc_column_text][\/vc_column][\/vc_row]<\/p>\n","protected":false},"author":8,"featured_media":0,"parent":834,"menu_order":2,"comment_status":"closed","ping_status":"closed","template":"","meta":{"_genesis_hide_title":false,"_genesis_hide_breadcrumbs":false,"_genesis_hide_singular_image":false,"_genesis_hide_footer_widgets":false,"_genesis_custom_body_class":"","_genesis_custom_post_class":"","_genesis_layout":""},"yoast_head":"<!-- This site is optimized with the Yoast SEO plugin v17.8 - https:\/\/yoast.com\/wordpress\/plugins\/seo\/ -->\n<title>Le march\u00e9 du courtage en cr\u00e9dit - Franchise PresseTaux<\/title>\n<meta name=\"description\" content=\"Le courtage en cr\u00e9dit : rejoignez notre \u00e9quipe de courtiers en cr\u00e9dit immobilier, contactez-nous pour plus d&#039;informations\" \/>\n<meta name=\"robots\" content=\"index, follow, max-snippet:-1, max-image-preview:large, max-video-preview:-1\" \/>\n<link rel=\"canonical\" href=\"https:\/\/pressetaux.fr\/franchise\/qui-sommes-nous\/le-marche-du-courtage-en-credit\/\" \/>\n<meta name=\"twitter:label1\" content=\"Dur\u00e9e de lecture estim\u00e9e\" \/>\n\t<meta name=\"twitter:data1\" content=\"4 minutes\" \/>\n<script type=\"application\/ld+json\" class=\"yoast-schema-graph\">{\"@context\":\"https:\/\/schema.org\",\"@graph\":[{\"@type\":\"Organization\",\"@id\":\"https:\/\/pressetaux.fr\/franchise\/#organization\",\"name\":\"PresseTaux\",\"url\":\"https:\/\/pressetaux.fr\/franchise\/\",\"sameAs\":[],\"logo\":{\"@type\":\"ImageObject\",\"@id\":\"https:\/\/pressetaux.fr\/franchise\/#logo\",\"inLanguage\":\"fr-FR\",\"url\":\"https:\/\/pressetaux.fr\/franchise\/wp-content\/uploads\/sites\/12\/2022\/06\/LogoPressetaux.jpg\",\"contentUrl\":\"https:\/\/pressetaux.fr\/franchise\/wp-content\/uploads\/sites\/12\/2022\/06\/LogoPressetaux.jpg\",\"width\":1776,\"height\":997,\"caption\":\"PresseTaux\"},\"image\":{\"@id\":\"https:\/\/pressetaux.fr\/franchise\/#logo\"}},{\"@type\":\"WebSite\",\"@id\":\"https:\/\/pressetaux.fr\/franchise\/#website\",\"url\":\"https:\/\/pressetaux.fr\/franchise\/\",\"name\":\"Franchise PresseTaux\",\"description\":\"COURTIER EN CREDIT\",\"publisher\":{\"@id\":\"https:\/\/pressetaux.fr\/franchise\/#organization\"},\"potentialAction\":[{\"@type\":\"SearchAction\",\"target\":{\"@type\":\"EntryPoint\",\"urlTemplate\":\"https:\/\/pressetaux.fr\/franchise\/?s={search_term_string}\"},\"query-input\":\"required name=search_term_string\"}],\"inLanguage\":\"fr-FR\"},{\"@type\":\"ImageObject\",\"@id\":\"https:\/\/pressetaux.fr\/franchise\/qui-sommes-nous\/le-marche-du-courtage-en-credit\/#primaryimage\",\"inLanguage\":\"fr-FR\",\"url\":\"https:\/\/pressetaux.fr\/franchise\/wp-content\/uploads\/sites\/12\/2014\/01\/marche-courtage111.jpg\",\"contentUrl\":\"https:\/\/pressetaux.fr\/franchise\/wp-content\/uploads\/sites\/12\/2014\/01\/marche-courtage111.jpg\",\"width\":567,\"height\":567},{\"@type\":\"WebPage\",\"@id\":\"https:\/\/pressetaux.fr\/franchise\/qui-sommes-nous\/le-marche-du-courtage-en-credit\/#webpage\",\"url\":\"https:\/\/pressetaux.fr\/franchise\/qui-sommes-nous\/le-marche-du-courtage-en-credit\/\",\"name\":\"Le march\\u00e9 du courtage en cr\\u00e9dit - Franchise PresseTaux\",\"isPartOf\":{\"@id\":\"https:\/\/pressetaux.fr\/franchise\/#website\"},\"primaryImageOfPage\":{\"@id\":\"https:\/\/pressetaux.fr\/franchise\/qui-sommes-nous\/le-marche-du-courtage-en-credit\/#primaryimage\"},\"datePublished\":\"2014-01-06T08:15:04+00:00\",\"dateModified\":\"2022-07-05T14:00:03+00:00\",\"description\":\"Le courtage en cr\\u00e9dit : rejoignez notre \\u00e9quipe de courtiers en cr\\u00e9dit immobilier, contactez-nous pour plus d'informations\",\"breadcrumb\":{\"@id\":\"https:\/\/pressetaux.fr\/franchise\/qui-sommes-nous\/le-marche-du-courtage-en-credit\/#breadcrumb\"},\"inLanguage\":\"fr-FR\",\"potentialAction\":[{\"@type\":\"ReadAction\",\"target\":[\"https:\/\/pressetaux.fr\/franchise\/qui-sommes-nous\/le-marche-du-courtage-en-credit\/\"]}]},{\"@type\":\"BreadcrumbList\",\"@id\":\"https:\/\/pressetaux.fr\/franchise\/qui-sommes-nous\/le-marche-du-courtage-en-credit\/#breadcrumb\",\"itemListElement\":[{\"@type\":\"ListItem\",\"position\":1,\"name\":\"Qui sommes-nous ?\",\"item\":\"https:\/\/pressetaux.fr\/franchise\/qui-sommes-nous\/\"},{\"@type\":\"ListItem\",\"position\":2,\"name\":\"Le march\\u00e9 du courtage en cr\\u00e9dit\"}]}]}<\/script>\n<!-- \/ Yoast SEO plugin. -->","yoast_head_json":{"title":"Le march\u00e9 du courtage en cr\u00e9dit - Franchise PresseTaux","description":"Le courtage en cr\u00e9dit : rejoignez notre \u00e9quipe de courtiers en cr\u00e9dit immobilier, contactez-nous pour plus d'informations","robots":{"index":"index","follow":"follow","max-snippet":"max-snippet:-1","max-image-preview":"max-image-preview:large","max-video-preview":"max-video-preview:-1"},"canonical":"https:\/\/pressetaux.fr\/franchise\/qui-sommes-nous\/le-marche-du-courtage-en-credit\/","twitter_misc":{"Dur\u00e9e de lecture estim\u00e9e":"4 minutes"},"schema":{"@context":"https:\/\/schema.org","@graph":[{"@type":"Organization","@id":"https:\/\/pressetaux.fr\/franchise\/#organization","name":"PresseTaux","url":"https:\/\/pressetaux.fr\/franchise\/","sameAs":[],"logo":{"@type":"ImageObject","@id":"https:\/\/pressetaux.fr\/franchise\/#logo","inLanguage":"fr-FR","url":"https:\/\/pressetaux.fr\/franchise\/wp-content\/uploads\/sites\/12\/2022\/06\/LogoPressetaux.jpg","contentUrl":"https:\/\/pressetaux.fr\/franchise\/wp-content\/uploads\/sites\/12\/2022\/06\/LogoPressetaux.jpg","width":1776,"height":997,"caption":"PresseTaux"},"image":{"@id":"https:\/\/pressetaux.fr\/franchise\/#logo"}},{"@type":"WebSite","@id":"https:\/\/pressetaux.fr\/franchise\/#website","url":"https:\/\/pressetaux.fr\/franchise\/","name":"Franchise PresseTaux","description":"COURTIER EN CREDIT","publisher":{"@id":"https:\/\/pressetaux.fr\/franchise\/#organization"},"potentialAction":[{"@type":"SearchAction","target":{"@type":"EntryPoint","urlTemplate":"https:\/\/pressetaux.fr\/franchise\/?s={search_term_string}"},"query-input":"required name=search_term_string"}],"inLanguage":"fr-FR"},{"@type":"ImageObject","@id":"https:\/\/pressetaux.fr\/franchise\/qui-sommes-nous\/le-marche-du-courtage-en-credit\/#primaryimage","inLanguage":"fr-FR","url":"https:\/\/pressetaux.fr\/franchise\/wp-content\/uploads\/sites\/12\/2014\/01\/marche-courtage111.jpg","contentUrl":"https:\/\/pressetaux.fr\/franchise\/wp-content\/uploads\/sites\/12\/2014\/01\/marche-courtage111.jpg","width":567,"height":567},{"@type":"WebPage","@id":"https:\/\/pressetaux.fr\/franchise\/qui-sommes-nous\/le-marche-du-courtage-en-credit\/#webpage","url":"https:\/\/pressetaux.fr\/franchise\/qui-sommes-nous\/le-marche-du-courtage-en-credit\/","name":"Le march\u00e9 du courtage en cr\u00e9dit - Franchise PresseTaux","isPartOf":{"@id":"https:\/\/pressetaux.fr\/franchise\/#website"},"primaryImageOfPage":{"@id":"https:\/\/pressetaux.fr\/franchise\/qui-sommes-nous\/le-marche-du-courtage-en-credit\/#primaryimage"},"datePublished":"2014-01-06T08:15:04+00:00","dateModified":"2022-07-05T14:00:03+00:00","description":"Le courtage en cr\u00e9dit : rejoignez notre \u00e9quipe de courtiers en cr\u00e9dit immobilier, contactez-nous pour plus d'informations","breadcrumb":{"@id":"https:\/\/pressetaux.fr\/franchise\/qui-sommes-nous\/le-marche-du-courtage-en-credit\/#breadcrumb"},"inLanguage":"fr-FR","potentialAction":[{"@type":"ReadAction","target":["https:\/\/pressetaux.fr\/franchise\/qui-sommes-nous\/le-marche-du-courtage-en-credit\/"]}]},{"@type":"BreadcrumbList","@id":"https:\/\/pressetaux.fr\/franchise\/qui-sommes-nous\/le-marche-du-courtage-en-credit\/#breadcrumb","itemListElement":[{"@type":"ListItem","position":1,"name":"Qui sommes-nous ?","item":"https:\/\/pressetaux.fr\/franchise\/qui-sommes-nous\/"},{"@type":"ListItem","position":2,"name":"Le march\u00e9 du courtage en cr\u00e9dit"}]}]}},"_links":{"self":[{"href":"https:\/\/pressetaux.fr\/franchise\/wp-json\/wp\/v2\/pages\/842"}],"collection":[{"href":"https:\/\/pressetaux.fr\/franchise\/wp-json\/wp\/v2\/pages"}],"about":[{"href":"https:\/\/pressetaux.fr\/franchise\/wp-json\/wp\/v2\/types\/page"}],"author":[{"embeddable":true,"href":"https:\/\/pressetaux.fr\/franchise\/wp-json\/wp\/v2\/users\/8"}],"replies":[{"embeddable":true,"href":"https:\/\/pressetaux.fr\/franchise\/wp-json\/wp\/v2\/comments?post=842"}],"version-history":[{"count":0,"href":"https:\/\/pressetaux.fr\/franchise\/wp-json\/wp\/v2\/pages\/842\/revisions"}],"up":[{"embeddable":true,"href":"https:\/\/pressetaux.fr\/franchise\/wp-json\/wp\/v2\/pages\/834"}],"wp:attachment":[{"href":"https:\/\/pressetaux.fr\/franchise\/wp-json\/wp\/v2\/media?parent=842"}],"curies":[{"name":"wp","href":"https:\/\/api.w.org\/{rel}","templated":true}]}}