{"id":948,"date":"2016-09-13T10:22:53","date_gmt":"2016-09-13T09:22:53","guid":{"rendered":"http:\/\/pressetaux.fr\/franchise\/?page_id=948"},"modified":"2022-07-04T14:49:26","modified_gmt":"2022-07-04T13:49:26","slug":"concept-pressetaux","status":"publish","type":"page","link":"https:\/\/pressetaux.fr\/franchise\/le-concept\/concept-pressetaux\/","title":{"rendered":"Le concept PresseTaux"},"content":{"rendered":"<p>[vc_row][vc_column offset=\u00a0\u00bbvc_hidden-sm vc_hidden-xs\u00a0\u00bb][vc_single_image image=\u00a0\u00bb997&Prime; img_size=\u00a0\u00bbfull\u00a0\u00bb][\/vc_column][\/vc_row][vc_row el_class=\u00a0\u00bbmobile-only\u00a0\u00bb][vc_column offset=\u00a0\u00bbvc_hidden-lg vc_hidden-md\u00a0\u00bb][vc_column_text]<\/p>\n<p style=\"text-align: center;\">Principe de fonctionnement d&rsquo;un franchis\u00e9 <strong>PresseTaux<\/strong><\/p>\n<p>[\/vc_column_text][\/vc_column][\/vc_row][vc_row][vc_column][vc_text_separator title=\u00a0\u00bbBien plus qu&rsquo;un courtier en cr\u00e9dit\u00a0\u00bb color=\u00a0\u00bborange\u00a0\u00bb border_width=\u00a0\u00bb2&Prime; el_class=\u00a0\u00bbtitreactualite\u00a0\u00bb][\/vc_column][\/vc_row][vc_row][vc_column][vc_column_text]La majorit\u00e9 des courtiers n\u2019a qu\u2019un r\u00f4le d\u2019interm\u00e9diaire et se contente de transmettre le dossier de ses clients \u00e0 une s\u00e9lection de banques partenaires qui lui r\u00e9troc\u00e8de une commission d\u2019apporteur d\u2019affaires.<\/p>\n<p>Les courtiers <span style=\"color: #ff9900;\">PRESSETAUX<\/span> sont bien plus\u2026Nos franchis\u00e9s sont form\u00e9s pour le meilleur conseil et assurent un accompagnement total.<\/p>\n<p><span style=\"color: #ff9900;\">PRESSETAUX<\/span> a mis au point des proc\u00e9dures permettant d\u2019optimiser le traitement de ses dossiers. Notre philosophie\u00a0: Disponibilit\u00e9, efficacit\u00e9 et r\u00e9activit\u00e9.<\/p>\n<p>En 2016, les 25 agences PresseTaux ont financ\u00e9 185 millions d\u2019Euros, elles ont d\u00e9gag\u00e9 4,1 millions d\u2019Euros de marge\u2026 Peu de courtiers r\u00e9alisent de tels chiffres\u00a0!!<\/p>\n<p>Ce savoir-faire unique permet d\u2019obtenir un taux de satisfaction record.<br \/>\n95% de nos clients sont pr\u00eats \u00e0 nous recommander !<\/p>\n<p>Notre m\u00e9thodologie repose sur 3 points essentiels[\/vc_column_text][\/vc_column][\/vc_row][vc_row][vc_column][vc_text_separator title=\u00a0\u00bbLe conseil\u00a0\u00bb color=\u00a0\u00bborange\u00a0\u00bb border_width=\u00a0\u00bb2&Prime; el_class=\u00a0\u00bbtitreactualite\u00a0\u00bb][\/vc_column][\/vc_row][vc_row][vc_column][vc_column_text]Il est personnalis\u00e9, gratuit et \u00e0 domicile. Les courtiers <span style=\"color: #ff9900;\">PRESSETAUX<\/span> \u00e9tudient et conseillent personnellement chacun de leur client afin de leur apporter un conseil personnalis\u00e9 pour obtenir les meilleures conditions d&#8217;emprunt, tout en offrant une grande disponibilit\u00e9 qui se mat\u00e9rialise par l\u2019un des meilleurs taux de parrainage du march\u00e9. Chez <span style=\"color: #ff9900;\">PRESSETAUX<\/span> pr\u00e8s de 50 % de nos contacts nous sont apport\u00e9s par nos anciens clients.<br \/>\n[\/vc_column_text][\/vc_column][\/vc_row][vc_row][vc_column][vc_text_separator title=\u00a0\u00bbLe professionalisme\u00a0\u00bb color=\u00a0\u00bborange\u00a0\u00bb border_width=\u00a0\u00bb2&Prime; el_class=\u00a0\u00bbtitreactualite\u00a0\u00bb][\/vc_column][\/vc_row][vc_row][vc_column][vc_column_text]Depuis le lancement de la franchise, les acteurs du pilote forment personnellement les nouveaux franchis\u00e9s tant au niveau th\u00e9orique que pratique, pour que chacun d&rsquo;entre eux soit capable de g\u00e9rer un client de A \u00e0 Z. En effet, nos franchis\u00e9s suivent un cursus de 8 semaines de formation leur permettant d&rsquo;une part, d&rsquo;acqu\u00e9rir les connaissances th\u00e9oriques et de les valider par l&rsquo;obtention du dipl\u00f4me d&rsquo;IOBSP de niveau I et d&rsquo;autre part, d&rsquo;acqu\u00e9rir l&rsquo;autonomie n\u00e9cessaire \u00e0 une installation r\u00e9ussie sur son secteur gr\u00e2ce \u00e0 la formation pratique. Nos futurs courtiers PresseTaux, sont toujours form\u00e9s en bin\u00f4me sur le terrain, et au plus proche de la r\u00e9alit\u00e9 de notre activit\u00e9.[\/vc_column_text][\/vc_column][\/vc_row][vc_row][vc_column][vc_text_separator title=\u00a0\u00bbLe suivi\u00a0\u00bb color=\u00a0\u00bborange\u00a0\u00bb border_width=\u00a0\u00bb2&Prime; el_class=\u00a0\u00bbtitreactualite\u00a0\u00bb][\/vc_column][\/vc_row][vc_row][vc_column][vc_column_text]Durant leur formation, nos futurs franchis\u00e9s apprennent \u00e0 utiliser l&rsquo;ensemble des outils propres au r\u00e9seau leur permettant ainsi d&rsquo;assurer le suivi attendu pour chacun de leurs clients. Ils se familiarisent et utilisent les outils de communication mis au point par le r\u00e9seau <span style=\"color: #ff9900;\">PRESSETAUX <\/span>, pour \u00eatre en mesure de suivre chacun de leur client depuis la signature du mandat qui valide la prise en charge du dossier, jusqu\u2019a la signature chez le notaire.[\/vc_column_text][\/vc_column][\/vc_row][vc_row][vc_column][vc_column_text]<img loading=\"lazy\" class=\"aligncenter wp-image-589 size-full\" src=\"https:\/\/pressetaux.fr\/franchise\/wp-content\/uploads\/sites\/12\/2015\/10\/TRAIT1.png\" alt=\"\" width=\"745\" height=\"18\" srcset=\"https:\/\/pressetaux.fr\/franchise\/wp-content\/uploads\/sites\/12\/2015\/10\/TRAIT1.png 745w, https:\/\/pressetaux.fr\/franchise\/wp-content\/uploads\/sites\/12\/2015\/10\/TRAIT1-300x7.png 300w, https:\/\/pressetaux.fr\/franchise\/wp-content\/uploads\/sites\/12\/2015\/10\/TRAIT1-24x1.png 24w, https:\/\/pressetaux.fr\/franchise\/wp-content\/uploads\/sites\/12\/2015\/10\/TRAIT1-36x1.png 36w, https:\/\/pressetaux.fr\/franchise\/wp-content\/uploads\/sites\/12\/2015\/10\/TRAIT1-48x1.png 48w\" sizes=\"(max-width: 745px) 100vw, 745px\" \/>[\/vc_column_text][\/vc_column][\/vc_row][vc_row][vc_column][vc_text_separator title=\u00a0\u00bbIls l&rsquo;on fait, ils en parlent le mieux\u00a0\u00bb color=\u00a0\u00bborange\u00a0\u00bb][\/vc_column][\/vc_row][vc_row][vc_column][vc_column_text]Retrouvez <a href=\"https:\/\/pressetaux.fr\/franchise\/temoignages\/\">ici<\/a> , les t\u00e9moignages de nos franchis\u00e9s[\/vc_column_text][\/vc_column][\/vc_row][vc_row][vc_column][vc_separator color=\u00a0\u00bborange\u00a0\u00bb][\/vc_column][\/vc_row][vc_row][vc_column][vc_column_text]Nos courtiers PresseTaux, courtier en cr\u00e9dit immobilier accompagnent leurs clients afin qu&rsquo;ils obtiennent un pr\u00eat dans les meilleures conditions sur l&rsquo;ensemble de leurs projets :<\/p>\n<p style=\"text-align: justify;\"><strong>&#8211; Achat de votre r\u00e9sidence principale<\/strong><br \/>\n<strong>&#8211; Achat locatif<\/strong><br \/>\n<strong>&#8211; D\u00e9fiscalisation<\/strong><br \/>\n<strong>&#8211; Achat r\u00e9sidence secondaire<\/strong><br \/>\n<strong>&#8211; Ren\u00e9gociation de votre cr\u00e9dit immobilier<\/strong><br \/>\n<strong>&#8211; Ren\u00e9gociation de votre assurance de pr\u00eat<\/strong><br \/>\n<strong>&#8211; Restructuration de vos cr\u00e9dits pour all\u00e9ger vos mensualit\u00e9s<\/strong><br \/>\n<strong>&#8211; Rachat de soulte<\/strong><br \/>\n<strong>&#8211; Financement de travaux<\/strong><\/p>\n<p>Vous souhaitez devenir courtier en cr\u00e9dit immobilier, remplissez le <a href=\"https:\/\/pressetaux.fr\/franchise\/contact\/\"><span style=\"color: #f9b200;\"><strong>ce formulaire <\/strong><\/span><\/a>pour \u00eatre contact\u00e9.[\/vc_column_text][\/vc_column][\/vc_row][vc_row][vc_column][vc_separator color=\u00a0\u00bborange\u00a0\u00bb][\/vc_column][\/vc_row][vc_row][vc_column][vc_text_separator title=\u00a0\u00bbSatisfaction de nos clients\u00a0\u00bb color=\u00a0\u00bborange\u00a0\u00bb][\/vc_column][\/vc_row][vc_row][vc_column][vc_column_text]Retrouvez les avis et t\u00e9moignages de nos franchis\u00e9s sur : <a href=\"https:\/\/pressetaux.fr\/blog\/category\/temoignagesblog\/\" target=\"blank\" rel=\"noopener\">Nos t\u00e9moignages<\/a> et <a href=\"https:\/\/www.facebook.com\/CourtiersPresseTaux\/reviews?locale=fr_FR\" target=\"blank\" rel=\"noopener\">Facebook<\/a>[\/vc_column_text][\/vc_column][\/vc_row][vc_row][vc_column][vc_text_separator title=\u00a0\u00bbNotre programme de parrainage\u00a0\u00bb color=\u00a0\u00bborange\u00a0\u00bb][\/vc_column][\/vc_row][vc_row][vc_column][vc_column_text]Nos clients nous ont fait confiance, leur satisfaction est notre priorit\u00e9.<br \/>\nGr\u00e2ce \u00e0 notre programme de parrainage, nos clients b\u00e9n\u00e9ficient d&rsquo;un bon d&rsquo;achat pour tout dossier finalis\u00e9.<br \/>\n<strong>Parrainez un de vos proches, c&rsquo;est tr\u00e8s simple, <a href=\"https:\/\/pressetaux.fr\/parrainez-vos-amis\/\" target=\"blank\" rel=\"noopener\">cliquez-ici !<\/a><\/strong>[\/vc_column_text][\/vc_column][\/vc_row]<\/p>\n","protected":false},"excerpt":{"rendered":"<p>[vc_row][vc_column offset=\u00a0\u00bbvc_hidden-sm vc_hidden-xs\u00a0\u00bb][vc_single_image image=\u00a0\u00bb997&Prime; img_size=\u00a0\u00bbfull\u00a0\u00bb][\/vc_column][\/vc_row][vc_row el_class=\u00a0\u00bbmobile-only\u00a0\u00bb][vc_column offset=\u00a0\u00bbvc_hidden-lg vc_hidden-md\u00a0\u00bb][vc_column_text] Principe de fonctionnement d&rsquo;un franchis\u00e9 PresseTaux [\/vc_column_text][\/vc_column][\/vc_row][vc_row][vc_column][vc_text_separator title=\u00a0\u00bbBien plus qu&rsquo;un courtier en cr\u00e9dit\u00a0\u00bb color=\u00a0\u00bborange\u00a0\u00bb border_width=\u00a0\u00bb2&Prime; el_class=\u00a0\u00bbtitreactualite\u00a0\u00bb][\/vc_column][\/vc_row][vc_row][vc_column][vc_column_text]La majorit\u00e9 des courtiers n\u2019a qu\u2019un r\u00f4le d\u2019interm\u00e9diaire et se contente de transmettre le dossier de ses clients \u00e0 une s\u00e9lection de banques partenaires qui lui r\u00e9troc\u00e8de une commission d\u2019apporteur d\u2019affaires. Les courtiers PRESSETAUX sont bien plus\u2026Nos franchis\u00e9s sont form\u00e9s pour le meilleur conseil et assurent un accompagnement total. PRESSETAUX a mis au point des proc\u00e9dures permettant d\u2019optimiser le traitement de ses dossiers. Notre philosophie\u00a0: Disponibilit\u00e9, efficacit\u00e9 et r\u00e9activit\u00e9. En 2016, les 25 agences PresseTaux ont financ\u00e9 185 millions d\u2019Euros, elles ont d\u00e9gag\u00e9 4,1 millions d\u2019Euros de marge\u2026 Peu de courtiers r\u00e9alisent de tels chiffres\u00a0!! Ce savoir-faire unique permet d\u2019obtenir un taux de satisfaction record. 95% de nos clients sont pr\u00eats \u00e0 nous recommander ! Notre m\u00e9thodologie repose sur 3 points essentiels[\/vc_column_text][\/vc_column][\/vc_row][vc_row][vc_column][vc_text_separator title=\u00a0\u00bbLe conseil\u00a0\u00bb color=\u00a0\u00bborange\u00a0\u00bb border_width=\u00a0\u00bb2&Prime; el_class=\u00a0\u00bbtitreactualite\u00a0\u00bb][\/vc_column][\/vc_row][vc_row][vc_column][vc_column_text]Il est personnalis\u00e9, gratuit et \u00e0 domicile. Les courtiers PRESSETAUX \u00e9tudient et conseillent personnellement chacun de leur client afin de leur apporter un conseil personnalis\u00e9 pour obtenir les meilleures conditions d&#8217;emprunt, tout en offrant une grande disponibilit\u00e9 qui se mat\u00e9rialise par l\u2019un des meilleurs taux de parrainage du march\u00e9. Chez PRESSETAUX pr\u00e8s de 50 % de nos contacts nous sont apport\u00e9s par nos anciens clients. [\/vc_column_text][\/vc_column][\/vc_row][vc_row][vc_column][vc_text_separator title=\u00a0\u00bbLe professionalisme\u00a0\u00bb color=\u00a0\u00bborange\u00a0\u00bb border_width=\u00a0\u00bb2&Prime; el_class=\u00a0\u00bbtitreactualite\u00a0\u00bb][\/vc_column][\/vc_row][vc_row][vc_column][vc_column_text]Depuis le lancement de la franchise, les acteurs du pilote forment personnellement les nouveaux franchis\u00e9s tant au niveau th\u00e9orique que pratique, pour que chacun d&rsquo;entre eux soit capable de g\u00e9rer un client de A \u00e0 Z. En effet, nos franchis\u00e9s suivent un cursus de 8 semaines de formation leur permettant d&rsquo;une part, d&rsquo;acqu\u00e9rir les connaissances th\u00e9oriques et de les valider par l&rsquo;obtention du dipl\u00f4me d&rsquo;IOBSP de niveau I et d&rsquo;autre part, d&rsquo;acqu\u00e9rir l&rsquo;autonomie n\u00e9cessaire \u00e0 une installation r\u00e9ussie sur son secteur gr\u00e2ce \u00e0 la formation pratique. Nos futurs courtiers PresseTaux, sont toujours form\u00e9s en bin\u00f4me sur le terrain, et au plus proche de la r\u00e9alit\u00e9 de notre activit\u00e9.[\/vc_column_text][\/vc_column][\/vc_row][vc_row][vc_column][vc_text_separator title=\u00a0\u00bbLe suivi\u00a0\u00bb color=\u00a0\u00bborange\u00a0\u00bb border_width=\u00a0\u00bb2&Prime; el_class=\u00a0\u00bbtitreactualite\u00a0\u00bb][\/vc_column][\/vc_row][vc_row][vc_column][vc_column_text]Durant leur formation, nos futurs franchis\u00e9s apprennent \u00e0 utiliser l&rsquo;ensemble des outils propres au r\u00e9seau leur permettant ainsi d&rsquo;assurer le suivi attendu pour chacun de leurs clients. Ils se familiarisent et utilisent les outils de communication mis au point par le r\u00e9seau PRESSETAUX , pour \u00eatre en mesure de suivre chacun de leur client depuis la signature du mandat qui valide la prise en charge du dossier, jusqu\u2019a la signature chez le notaire.[\/vc_column_text][\/vc_column][\/vc_row][vc_row][vc_column][vc_column_text][\/vc_column_text][\/vc_column][\/vc_row][vc_row][vc_column][vc_text_separator title=\u00a0\u00bbIls l&rsquo;on fait, ils en parlent le mieux\u00a0\u00bb color=\u00a0\u00bborange\u00a0\u00bb][\/vc_column][\/vc_row][vc_row][vc_column][vc_column_text]Retrouvez ici , les t\u00e9moignages de nos franchis\u00e9s[\/vc_column_text][\/vc_column][\/vc_row][vc_row][vc_column][vc_separator color=\u00a0\u00bborange\u00a0\u00bb][\/vc_column][\/vc_row][vc_row][vc_column][vc_column_text]Nos courtiers PresseTaux, courtier en cr\u00e9dit immobilier accompagnent leurs clients afin qu&rsquo;ils obtiennent un pr\u00eat dans les meilleures conditions sur l&rsquo;ensemble de leurs projets : &#8211; Achat de votre r\u00e9sidence principale &#8211; Achat locatif &#8211; D\u00e9fiscalisation &#8211; Achat r\u00e9sidence secondaire &#8211; Ren\u00e9gociation de votre cr\u00e9dit immobilier &#8211; Ren\u00e9gociation de votre assurance de pr\u00eat &#8211; Restructuration de vos cr\u00e9dits pour all\u00e9ger vos mensualit\u00e9s &#8211; Rachat de soulte &#8211; Financement de travaux Vous souhaitez devenir courtier en cr\u00e9dit immobilier, remplissez le ce [&hellip;]<\/p>\n","protected":false},"author":8,"featured_media":0,"parent":835,"menu_order":0,"comment_status":"closed","ping_status":"closed","template":"","meta":{"_genesis_hide_title":false,"_genesis_hide_breadcrumbs":false,"_genesis_hide_singular_image":false,"_genesis_hide_footer_widgets":false,"_genesis_custom_body_class":"","_genesis_custom_post_class":"","_genesis_layout":""},"yoast_head":"<!-- This site is optimized with the Yoast SEO plugin v17.8 - https:\/\/yoast.com\/wordpress\/plugins\/seo\/ -->\n<title>Franchise PresseTaux : Courtier en cr\u00e9dit immobilier<\/title>\n<meta name=\"description\" content=\"La franchise s&#039;appuie sur une organisation structur\u00e9e et le savoir-faire de ses dirigeants, issus essentiellement des milieux bancaires.\" \/>\n<meta name=\"robots\" content=\"index, follow, max-snippet:-1, max-image-preview:large, max-video-preview:-1\" \/>\n<link rel=\"canonical\" href=\"https:\/\/pressetaux.fr\/franchise\/le-concept\/concept-pressetaux\/\" \/>\n<meta name=\"twitter:label1\" content=\"Dur\u00e9e de lecture estim\u00e9e\" \/>\n\t<meta name=\"twitter:data1\" content=\"5 minutes\" \/>\n<script type=\"application\/ld+json\" class=\"yoast-schema-graph\">{\"@context\":\"https:\/\/schema.org\",\"@graph\":[{\"@type\":\"Organization\",\"@id\":\"https:\/\/pressetaux.fr\/franchise\/#organization\",\"name\":\"PresseTaux\",\"url\":\"https:\/\/pressetaux.fr\/franchise\/\",\"sameAs\":[],\"logo\":{\"@type\":\"ImageObject\",\"@id\":\"https:\/\/pressetaux.fr\/franchise\/#logo\",\"inLanguage\":\"fr-FR\",\"url\":\"https:\/\/pressetaux.fr\/franchise\/wp-content\/uploads\/sites\/12\/2022\/06\/LogoPressetaux.jpg\",\"contentUrl\":\"https:\/\/pressetaux.fr\/franchise\/wp-content\/uploads\/sites\/12\/2022\/06\/LogoPressetaux.jpg\",\"width\":1776,\"height\":997,\"caption\":\"PresseTaux\"},\"image\":{\"@id\":\"https:\/\/pressetaux.fr\/franchise\/#logo\"}},{\"@type\":\"WebSite\",\"@id\":\"https:\/\/pressetaux.fr\/franchise\/#website\",\"url\":\"https:\/\/pressetaux.fr\/franchise\/\",\"name\":\"Franchise PresseTaux\",\"description\":\"COURTIER EN CREDIT\",\"publisher\":{\"@id\":\"https:\/\/pressetaux.fr\/franchise\/#organization\"},\"potentialAction\":[{\"@type\":\"SearchAction\",\"target\":{\"@type\":\"EntryPoint\",\"urlTemplate\":\"https:\/\/pressetaux.fr\/franchise\/?s={search_term_string}\"},\"query-input\":\"required name=search_term_string\"}],\"inLanguage\":\"fr-FR\"},{\"@type\":\"ImageObject\",\"@id\":\"https:\/\/pressetaux.fr\/franchise\/le-concept\/concept-pressetaux\/#primaryimage\",\"inLanguage\":\"fr-FR\",\"url\":\"https:\/\/pressetaux.fr\/franchise\/wp-content\/uploads\/sites\/12\/2015\/10\/TRAIT1.png\",\"contentUrl\":\"https:\/\/pressetaux.fr\/franchise\/wp-content\/uploads\/sites\/12\/2015\/10\/TRAIT1.png\",\"width\":745,\"height\":18},{\"@type\":\"WebPage\",\"@id\":\"https:\/\/pressetaux.fr\/franchise\/le-concept\/concept-pressetaux\/#webpage\",\"url\":\"https:\/\/pressetaux.fr\/franchise\/le-concept\/concept-pressetaux\/\",\"name\":\"Franchise PresseTaux : Courtier en cr\\u00e9dit immobilier\",\"isPartOf\":{\"@id\":\"https:\/\/pressetaux.fr\/franchise\/#website\"},\"primaryImageOfPage\":{\"@id\":\"https:\/\/pressetaux.fr\/franchise\/le-concept\/concept-pressetaux\/#primaryimage\"},\"datePublished\":\"2016-09-13T09:22:53+00:00\",\"dateModified\":\"2022-07-04T13:49:26+00:00\",\"description\":\"La franchise s'appuie sur une organisation structur\\u00e9e et le savoir-faire de ses dirigeants, issus essentiellement des milieux bancaires.\",\"breadcrumb\":{\"@id\":\"https:\/\/pressetaux.fr\/franchise\/le-concept\/concept-pressetaux\/#breadcrumb\"},\"inLanguage\":\"fr-FR\",\"potentialAction\":[{\"@type\":\"ReadAction\",\"target\":[\"https:\/\/pressetaux.fr\/franchise\/le-concept\/concept-pressetaux\/\"]}]},{\"@type\":\"BreadcrumbList\",\"@id\":\"https:\/\/pressetaux.fr\/franchise\/le-concept\/concept-pressetaux\/#breadcrumb\",\"itemListElement\":[{\"@type\":\"ListItem\",\"position\":1,\"name\":\"Le concept\",\"item\":\"https:\/\/pressetaux.fr\/franchise\/le-concept\/\"},{\"@type\":\"ListItem\",\"position\":2,\"name\":\"Le concept PresseTaux\"}]}]}<\/script>\n<!-- \/ Yoast SEO plugin. -->","yoast_head_json":{"title":"Franchise PresseTaux : Courtier en cr\u00e9dit immobilier","description":"La franchise s'appuie sur une organisation structur\u00e9e et le savoir-faire de ses dirigeants, issus essentiellement des milieux bancaires.","robots":{"index":"index","follow":"follow","max-snippet":"max-snippet:-1","max-image-preview":"max-image-preview:large","max-video-preview":"max-video-preview:-1"},"canonical":"https:\/\/pressetaux.fr\/franchise\/le-concept\/concept-pressetaux\/","twitter_misc":{"Dur\u00e9e de lecture estim\u00e9e":"5 minutes"},"schema":{"@context":"https:\/\/schema.org","@graph":[{"@type":"Organization","@id":"https:\/\/pressetaux.fr\/franchise\/#organization","name":"PresseTaux","url":"https:\/\/pressetaux.fr\/franchise\/","sameAs":[],"logo":{"@type":"ImageObject","@id":"https:\/\/pressetaux.fr\/franchise\/#logo","inLanguage":"fr-FR","url":"https:\/\/pressetaux.fr\/franchise\/wp-content\/uploads\/sites\/12\/2022\/06\/LogoPressetaux.jpg","contentUrl":"https:\/\/pressetaux.fr\/franchise\/wp-content\/uploads\/sites\/12\/2022\/06\/LogoPressetaux.jpg","width":1776,"height":997,"caption":"PresseTaux"},"image":{"@id":"https:\/\/pressetaux.fr\/franchise\/#logo"}},{"@type":"WebSite","@id":"https:\/\/pressetaux.fr\/franchise\/#website","url":"https:\/\/pressetaux.fr\/franchise\/","name":"Franchise PresseTaux","description":"COURTIER EN CREDIT","publisher":{"@id":"https:\/\/pressetaux.fr\/franchise\/#organization"},"potentialAction":[{"@type":"SearchAction","target":{"@type":"EntryPoint","urlTemplate":"https:\/\/pressetaux.fr\/franchise\/?s={search_term_string}"},"query-input":"required name=search_term_string"}],"inLanguage":"fr-FR"},{"@type":"ImageObject","@id":"https:\/\/pressetaux.fr\/franchise\/le-concept\/concept-pressetaux\/#primaryimage","inLanguage":"fr-FR","url":"https:\/\/pressetaux.fr\/franchise\/wp-content\/uploads\/sites\/12\/2015\/10\/TRAIT1.png","contentUrl":"https:\/\/pressetaux.fr\/franchise\/wp-content\/uploads\/sites\/12\/2015\/10\/TRAIT1.png","width":745,"height":18},{"@type":"WebPage","@id":"https:\/\/pressetaux.fr\/franchise\/le-concept\/concept-pressetaux\/#webpage","url":"https:\/\/pressetaux.fr\/franchise\/le-concept\/concept-pressetaux\/","name":"Franchise PresseTaux : Courtier en cr\u00e9dit immobilier","isPartOf":{"@id":"https:\/\/pressetaux.fr\/franchise\/#website"},"primaryImageOfPage":{"@id":"https:\/\/pressetaux.fr\/franchise\/le-concept\/concept-pressetaux\/#primaryimage"},"datePublished":"2016-09-13T09:22:53+00:00","dateModified":"2022-07-04T13:49:26+00:00","description":"La franchise s'appuie sur une organisation structur\u00e9e et le savoir-faire de ses dirigeants, issus essentiellement des milieux bancaires.","breadcrumb":{"@id":"https:\/\/pressetaux.fr\/franchise\/le-concept\/concept-pressetaux\/#breadcrumb"},"inLanguage":"fr-FR","potentialAction":[{"@type":"ReadAction","target":["https:\/\/pressetaux.fr\/franchise\/le-concept\/concept-pressetaux\/"]}]},{"@type":"BreadcrumbList","@id":"https:\/\/pressetaux.fr\/franchise\/le-concept\/concept-pressetaux\/#breadcrumb","itemListElement":[{"@type":"ListItem","position":1,"name":"Le concept","item":"https:\/\/pressetaux.fr\/franchise\/le-concept\/"},{"@type":"ListItem","position":2,"name":"Le concept PresseTaux"}]}]}},"_links":{"self":[{"href":"https:\/\/pressetaux.fr\/franchise\/wp-json\/wp\/v2\/pages\/948"}],"collection":[{"href":"https:\/\/pressetaux.fr\/franchise\/wp-json\/wp\/v2\/pages"}],"about":[{"href":"https:\/\/pressetaux.fr\/franchise\/wp-json\/wp\/v2\/types\/page"}],"author":[{"embeddable":true,"href":"https:\/\/pressetaux.fr\/franchise\/wp-json\/wp\/v2\/users\/8"}],"replies":[{"embeddable":true,"href":"https:\/\/pressetaux.fr\/franchise\/wp-json\/wp\/v2\/comments?post=948"}],"version-history":[{"count":0,"href":"https:\/\/pressetaux.fr\/franchise\/wp-json\/wp\/v2\/pages\/948\/revisions"}],"up":[{"embeddable":true,"href":"https:\/\/pressetaux.fr\/franchise\/wp-json\/wp\/v2\/pages\/835"}],"wp:attachment":[{"href":"https:\/\/pressetaux.fr\/franchise\/wp-json\/wp\/v2\/media?parent=948"}],"curies":[{"name":"wp","href":"https:\/\/api.w.org\/{rel}","templated":true}]}}