{"id":990,"date":"2016-09-13T12:53:38","date_gmt":"2016-09-13T11:53:38","guid":{"rendered":"http:\/\/pressetaux.fr\/franchise\/?page_id=990"},"modified":"2017-02-17T15:40:12","modified_gmt":"2017-02-17T14:40:12","slug":"les-courtiers-pressetaux","status":"publish","type":"page","link":"https:\/\/pressetaux.fr\/franchise\/les-courtiers-pressetaux\/","title":{"rendered":"Les courtiers Pressetaux"},"content":{"rendered":"","protected":false},"excerpt":{"rendered":"","protected":false},"author":8,"featured_media":0,"parent":0,"menu_order":0,"comment_status":"closed","ping_status":"closed","template":"templateCourtierFranchise.php","meta":{"_genesis_hide_title":false,"_genesis_hide_breadcrumbs":false,"_genesis_hide_singular_image":false,"_genesis_hide_footer_widgets":false,"_genesis_custom_body_class":"","_genesis_custom_post_class":"","_genesis_layout":""},"yoast_head":"<!-- This site is optimized with the Yoast SEO plugin v17.8 - https:\/\/yoast.com\/wordpress\/plugins\/seo\/ -->\n<title>Les courtiers PresseTaux en cr\u00e9dit n\u00e9goci\u00e9 - Notre r\u00e9seau<\/title>\n<meta name=\"description\" content=\"D\u00e9couvrez les courtiers PresseTaux, un r\u00e9seau de courtiers en cr\u00e9dit n\u00e9goci\u00e9 \u00e0 travers toute la France. Profitez de leur exp\u00e9rience pour vos futurs projets.\" \/>\n<meta name=\"robots\" content=\"index, follow, max-snippet:-1, max-image-preview:large, max-video-preview:-1\" \/>\n<link rel=\"canonical\" href=\"https:\/\/pressetaux.fr\/franchise\/les-courtiers-pressetaux\/\" \/>\n<script type=\"application\/ld+json\" class=\"yoast-schema-graph\">{\"@context\":\"https:\/\/schema.org\",\"@graph\":[{\"@type\":\"Organization\",\"@id\":\"https:\/\/pressetaux.fr\/franchise\/#organization\",\"name\":\"PresseTaux\",\"url\":\"https:\/\/pressetaux.fr\/franchise\/\",\"sameAs\":[],\"logo\":{\"@type\":\"ImageObject\",\"@id\":\"https:\/\/pressetaux.fr\/franchise\/#logo\",\"inLanguage\":\"fr-FR\",\"url\":\"https:\/\/pressetaux.fr\/franchise\/wp-content\/uploads\/sites\/12\/2022\/06\/LogoPressetaux.jpg\",\"contentUrl\":\"https:\/\/pressetaux.fr\/franchise\/wp-content\/uploads\/sites\/12\/2022\/06\/LogoPressetaux.jpg\",\"width\":1776,\"height\":997,\"caption\":\"PresseTaux\"},\"image\":{\"@id\":\"https:\/\/pressetaux.fr\/franchise\/#logo\"}},{\"@type\":\"WebSite\",\"@id\":\"https:\/\/pressetaux.fr\/franchise\/#website\",\"url\":\"https:\/\/pressetaux.fr\/franchise\/\",\"name\":\"Franchise PresseTaux\",\"description\":\"COURTIER EN CREDIT\",\"publisher\":{\"@id\":\"https:\/\/pressetaux.fr\/franchise\/#organization\"},\"potentialAction\":[{\"@type\":\"SearchAction\",\"target\":{\"@type\":\"EntryPoint\",\"urlTemplate\":\"https:\/\/pressetaux.fr\/franchise\/?s={search_term_string}\"},\"query-input\":\"required name=search_term_string\"}],\"inLanguage\":\"fr-FR\"},{\"@type\":\"WebPage\",\"@id\":\"https:\/\/pressetaux.fr\/franchise\/les-courtiers-pressetaux\/#webpage\",\"url\":\"https:\/\/pressetaux.fr\/franchise\/les-courtiers-pressetaux\/\",\"name\":\"Les courtiers PresseTaux en cr\\u00e9dit n\\u00e9goci\\u00e9 - Notre r\\u00e9seau\",\"isPartOf\":{\"@id\":\"https:\/\/pressetaux.fr\/franchise\/#website\"},\"datePublished\":\"2016-09-13T11:53:38+00:00\",\"dateModified\":\"2017-02-17T14:40:12+00:00\",\"description\":\"D\\u00e9couvrez les courtiers PresseTaux, un r\\u00e9seau de courtiers en cr\\u00e9dit n\\u00e9goci\\u00e9 \\u00e0 travers toute la France. Profitez de leur exp\\u00e9rience pour vos futurs projets.\",\"breadcrumb\":{\"@id\":\"https:\/\/pressetaux.fr\/franchise\/les-courtiers-pressetaux\/#breadcrumb\"},\"inLanguage\":\"fr-FR\",\"potentialAction\":[{\"@type\":\"ReadAction\",\"target\":[\"https:\/\/pressetaux.fr\/franchise\/les-courtiers-pressetaux\/\"]}]},{\"@type\":\"BreadcrumbList\",\"@id\":\"https:\/\/pressetaux.fr\/franchise\/les-courtiers-pressetaux\/#breadcrumb\",\"itemListElement\":[{\"@type\":\"ListItem\",\"position\":1,\"name\":\"Les courtiers Pressetaux\"}]}]}<\/script>\n<!-- \/ Yoast SEO plugin. -->","yoast_head_json":{"title":"Les courtiers PresseTaux en cr\u00e9dit n\u00e9goci\u00e9 - Notre r\u00e9seau","description":"D\u00e9couvrez les courtiers PresseTaux, un r\u00e9seau de courtiers en cr\u00e9dit n\u00e9goci\u00e9 \u00e0 travers toute la France. Profitez de leur exp\u00e9rience pour vos futurs projets.","robots":{"index":"index","follow":"follow","max-snippet":"max-snippet:-1","max-image-preview":"max-image-preview:large","max-video-preview":"max-video-preview:-1"},"canonical":"https:\/\/pressetaux.fr\/franchise\/les-courtiers-pressetaux\/","schema":{"@context":"https:\/\/schema.org","@graph":[{"@type":"Organization","@id":"https:\/\/pressetaux.fr\/franchise\/#organization","name":"PresseTaux","url":"https:\/\/pressetaux.fr\/franchise\/","sameAs":[],"logo":{"@type":"ImageObject","@id":"https:\/\/pressetaux.fr\/franchise\/#logo","inLanguage":"fr-FR","url":"https:\/\/pressetaux.fr\/franchise\/wp-content\/uploads\/sites\/12\/2022\/06\/LogoPressetaux.jpg","contentUrl":"https:\/\/pressetaux.fr\/franchise\/wp-content\/uploads\/sites\/12\/2022\/06\/LogoPressetaux.jpg","width":1776,"height":997,"caption":"PresseTaux"},"image":{"@id":"https:\/\/pressetaux.fr\/franchise\/#logo"}},{"@type":"WebSite","@id":"https:\/\/pressetaux.fr\/franchise\/#website","url":"https:\/\/pressetaux.fr\/franchise\/","name":"Franchise PresseTaux","description":"COURTIER EN CREDIT","publisher":{"@id":"https:\/\/pressetaux.fr\/franchise\/#organization"},"potentialAction":[{"@type":"SearchAction","target":{"@type":"EntryPoint","urlTemplate":"https:\/\/pressetaux.fr\/franchise\/?s={search_term_string}"},"query-input":"required name=search_term_string"}],"inLanguage":"fr-FR"},{"@type":"WebPage","@id":"https:\/\/pressetaux.fr\/franchise\/les-courtiers-pressetaux\/#webpage","url":"https:\/\/pressetaux.fr\/franchise\/les-courtiers-pressetaux\/","name":"Les courtiers PresseTaux en cr\u00e9dit n\u00e9goci\u00e9 - Notre r\u00e9seau","isPartOf":{"@id":"https:\/\/pressetaux.fr\/franchise\/#website"},"datePublished":"2016-09-13T11:53:38+00:00","dateModified":"2017-02-17T14:40:12+00:00","description":"D\u00e9couvrez les courtiers PresseTaux, un r\u00e9seau de courtiers en cr\u00e9dit n\u00e9goci\u00e9 \u00e0 travers toute la France. Profitez de leur exp\u00e9rience pour vos futurs projets.","breadcrumb":{"@id":"https:\/\/pressetaux.fr\/franchise\/les-courtiers-pressetaux\/#breadcrumb"},"inLanguage":"fr-FR","potentialAction":[{"@type":"ReadAction","target":["https:\/\/pressetaux.fr\/franchise\/les-courtiers-pressetaux\/"]}]},{"@type":"BreadcrumbList","@id":"https:\/\/pressetaux.fr\/franchise\/les-courtiers-pressetaux\/#breadcrumb","itemListElement":[{"@type":"ListItem","position":1,"name":"Les courtiers Pressetaux"}]}]}},"_links":{"self":[{"href":"https:\/\/pressetaux.fr\/franchise\/wp-json\/wp\/v2\/pages\/990"}],"collection":[{"href":"https:\/\/pressetaux.fr\/franchise\/wp-json\/wp\/v2\/pages"}],"about":[{"href":"https:\/\/pressetaux.fr\/franchise\/wp-json\/wp\/v2\/types\/page"}],"author":[{"embeddable":true,"href":"https:\/\/pressetaux.fr\/franchise\/wp-json\/wp\/v2\/users\/8"}],"replies":[{"embeddable":true,"href":"https:\/\/pressetaux.fr\/franchise\/wp-json\/wp\/v2\/comments?post=990"}],"version-history":[{"count":0,"href":"https:\/\/pressetaux.fr\/franchise\/wp-json\/wp\/v2\/pages\/990\/revisions"}],"wp:attachment":[{"href":"https:\/\/pressetaux.fr\/franchise\/wp-json\/wp\/v2\/media?parent=990"}],"curies":[{"name":"wp","href":"https:\/\/api.w.org\/{rel}","templated":true}]}}