{"id":995,"date":"2016-09-13T13:09:47","date_gmt":"2016-09-13T12:09:47","guid":{"rendered":"http:\/\/pressetaux.fr\/franchise\/?page_id=995"},"modified":"2023-02-27T14:31:19","modified_gmt":"2023-02-27T13:31:19","slug":"mentions-legales","status":"publish","type":"page","link":"https:\/\/pressetaux.fr\/franchise\/mentions-legales\/","title":{"rendered":"Mentions L\u00e9gales"},"content":{"rendered":"<p>[vc_row][vc_column][vc_empty_space height=\u00a0\u00bb12px\u00a0\u00bb][\/vc_column][\/vc_row][vc_row][vc_column][vc_single_image image=\u00a0\u00bb793&Prime; img_size=\u00a0\u00bbfull\u00a0\u00bb][\/vc_column][\/vc_row][vc_row][vc_column][vc_column_text]<b><i>Raison sociale et si\u00e8ge social<\/i><\/b><\/p>\n<p><b><i><a href=\"https:\/\/pressetaux.fr\/\"><span style=\"color: #ff9900;\">PresseTaux<\/span><\/a><\/i><\/b><i> est le site officiel de la soci\u00e9t\u00e9 Pressetaux D\u00e9veloppement.<\/i><\/p>\n<p><i>Pressetaux D\u00e9veloppement est une soci\u00e9t\u00e9 qui d\u00e9veloppe en franchise la marque Pressetaux et dont tous les franchis\u00e9s sont sp\u00e9cialis\u00e9s dans la n\u00e9gociation de cr\u00e9dits immobiliers.<\/i><\/p>\n<p><b><i>Editeur\u00a0: <\/i><\/b><i>SAS Pressetaux D\u00e9veloppement au capital de 50 000 \u20ac<\/i><\/p>\n<p><i>R.C.S. Valenciennes B520424797 N\u00b0 TVA FR39520424797<\/i><\/p>\n<p><b><i>Si\u00e8ge social\u00a0: <\/i><\/b><i>8 bis, place de la Gare, 59300 Valenciennes, France<\/i><\/p>\n<p><b><i>Repr\u00e9sentant l\u00e9gal\u00a0: <\/i><\/b><i>S\u00e9bastien MASURE<\/i><\/p>\n<p><b><i>Directeur de la publication : <\/i><\/b><i>S\u00e9bastien MASURE<\/i><\/p>\n<p><b><i>Responsable de la r\u00e9daction : <\/i><\/b><i>S\u00e9bastien MASURE<\/i><\/p>\n<p><b><i>H\u00e9bergeur : <a href=\"https:\/\/www.ovh.com\/fr\/index.xml\" target=\"_blank\" rel=\"noopener noreferrer\"><span style=\"color: #ff9900;\">OVH<\/span><\/a><\/i><\/b><i>, 2 rue Kellerman, 59100 Roubaix, France<\/i><\/p>\n<p><b><i>Conception et r\u00e9alisation : <span style=\"color: #ff9900;\">CA Soft &amp; Network SA<\/span>, Route du Village 14, 1421 Grandevent<\/i><\/b><\/p>\n<p><b><i>Titre professionnel des franchises Pressetaux D\u00e9veloppement<\/i><\/b><\/p>\n<p><i>Tous les franchis\u00e9s sont inscrits \u00e0 l&rsquo;ORIAS dans la cat\u00e9gorie : <b>Courtier en Op\u00e9rations de Banque et en Services de Paiement, Mandataire d&rsquo;Interm\u00e9diaire en Op\u00e9rations de Banque et en Services de Paiement<\/b> et dans la cat\u00e9gorie : <b>Mandataire d&rsquo;Interm\u00e9diaire d&rsquo;Assurance<\/b>.<\/i><br \/>\n<i>\u00a0<\/i><\/p>\n<p><strong><i>L&#8217;emprunteur dispose d&rsquo;un d\u00e9lai de r\u00e9flexion de 10 jours, la vente est subordonn\u00e9e \u00e0 l&rsquo;obtention du pr\u00eat si celui-ci n&rsquo;est pas obtenu, le vendeur devra lui rembourser les sommes vers\u00e9es.<\/i><\/strong><strong><i><br \/>\nUn cr\u00e9dit vous engage et doit \u00eatre rembours\u00e9. V\u00e9rifiez vos capacit\u00e9s de remboursement avant de vous engager.<br \/>\nAucun versement de quelque nature que ce soit, ne peut \u00eatre exig\u00e9 d\u00b4un particulier, avant\u00a0obtention d\u00b4un ou plusieurs \u00a0 \u00a0 \u00a0<\/i><\/strong><br \/>\n<strong><i> pr\u00eat(s) d\u00b4argent.<\/i><\/strong><\/p>\n<p><b><i><a href=\"https:\/\/pressetaux.fr\/LEXIQUE.pdf\" target=\"_blank\" rel=\"noopener noreferrer\"><span style=\"color: #ff9900;\">Le lexique du Cr\u00e9dit Immobilier<\/span><\/a><\/i><\/b><\/p>\n<p><b><i>Informations personnelles et vie priv\u00e9e<\/i><\/b><\/p>\n<p><b><i>Loi Informatique et Libert\u00e9<\/i><\/b><\/p>\n<p><i>Le site <a href=\"https:\/\/pressetaux.fr\/\"><span style=\"color: #ff9900;\">PresseTaux<\/span><\/a> a fait l&rsquo;objet d&rsquo;une d\u00e9claration aupr\u00e8s de la <a href=\"http:\/\/www.cnil.fr\/\"><span style=\"color: #ff9900;\">Commission Nationale de l\u2019Informatique et des Libert\u00e9s<\/span><\/a> (CNIL) sous le n\u00b01154218.<\/i><\/p>\n<p><i>Les informations recueillies dans le formulaire de contact (nom, pr\u00e9nom, adresse postale, t\u00e9l\u00e9phone, adresse m\u00e8l, etc.) sont destin\u00e9es exclusivement \u00e0 Pressetaux D\u00e9veloppement et ses franchis\u00e9s et sont utilis\u00e9es dans l&rsquo;unique but de traiter votre demande. Elles ne feront l&rsquo;objet d&rsquo;une communication ext\u00e9rieure que pour satisfaire aux obligations l\u00e9gales r\u00e9glementaires.<\/i><\/p>\n<p><i>Conform\u00e9ment\u00a0\u00e0 la loi du 6 janvier 1978 relative \u00e0 l\u2019informatique, aux fichiers et aux libert\u00e9s (loi \u00ab\u00a0Informatique et Libert\u00e9s\u00a0\u00bb), vous disposez d\u2019un droit d\u2019acc\u00e8s, de modification, de rectification et de suppression des donn\u00e9es qui vous concerne. Pour exercer votre droit de modification de fichier, adressez vous \u00e0 Pressetaux D\u00e9veloppement : 8 bis, place de la Gare 59300 Valenciennes, France. Toute demande de modification devra \u00eatre effectu\u00e9e par courrier accompagn\u00e9 d&rsquo;une copie de pi\u00e8ce d&rsquo;identit\u00e9.<\/i><\/p>\n<p><b><i>Caract\u00e8re volatile des donn\u00e9es recueillies<\/i><\/b><\/p>\n<p><i>Pour visiter notre site, vous avez la possibilit\u00e9 d&rsquo;utiliser diff\u00e9rentes feuilles de style. Le choix du style est enregistr\u00e9 dans un cookie qui sera automatiquement effac\u00e9 lorsque vous fermerez votre navigateur.<\/i><\/p>\n<p><i>\u00a0<\/i><\/p>\n<p><b><i>Droit d&rsquo;auteurs<\/i><\/b><\/p>\n<p><i>Aucune reproduction, m\u00eame partielle, autres que celles pr\u00e9vues \u00e0 l&rsquo;article L 122-5 du code de la propri\u00e9t\u00e9 intellectuelle, ne peut \u00eatre faite de ce site sans l&rsquo;autorisation expresse de Pressetaux D\u00e9veloppement.<\/i><\/p>\n<p><i>L&rsquo;ensemble des \u00e9l\u00e9ments composant le site <a href=\"https:\/\/pressetaux.fr\/\"><span style=\"color: #ff9900;\">PresseTaux<\/span><\/a> (d\u00e9nomination, logo, images, code source, etc.) sont la propri\u00e9t\u00e9 exclusive de la soci\u00e9t\u00e9 Pressetaux D\u00e9veloppement.<\/i><\/p>\n<p><i>\u00a0<\/i><\/p>\n<p><b><i>Contenu du site<\/i><\/b><\/p>\n<p><i>Les informations fournies sur le pr\u00e9sent site le sont \u00e0 titre indicatif et ne constituent pas un conseil personnalis\u00e9. Par cons\u00e9quent, elles ne peuvent en aucun cas \u00eatre consid\u00e9r\u00e9es comme une offre contractuelle de services ni se substituer \u00e0 la consultation d&rsquo;un repr\u00e9sentant de la soci\u00e9t\u00e9 Pressetaux D\u00e9veloppement ou de ses franchis\u00e9s.<\/i><\/p>\n<p><i>Nous ne pouvons en aucun cas \u00eatre tenus responsables de l&rsquo;utilisation et de l&rsquo;interpr\u00e9tation des informations contenues dans ce site, et des \u00e9ventuelles pertes financi\u00e8res ou autres dommages pouvant en r\u00e9sulter.<\/i><\/p>\n<p><i>Pressetaux D\u00e9veloppement et ses franchis\u00e9s se r\u00e9servent le droit de corriger, \u00e0 tout moment et sans pr\u00e9avis, le contenu de ce site. En outre,\u00a0Pressetaux D\u00e9veloppement et ses franchis\u00e9s d\u00e9clinent toute responsabilit\u00e9 en cas de retard, d&rsquo;erreur ou d&rsquo;omission quant au contenu des pr\u00e9sentes pages de m\u00eame qu&rsquo;en cas d&rsquo;interruption ou de non-disponibilit\u00e9 du service.<\/i><\/p>\n<p><i>Il appartient \u00e0 l&rsquo;utilisateur de ce site de prendre toutes les mesures appropri\u00e9es de fa\u00e7on \u00e0 prot\u00e9ger ses propres donn\u00e9es et\/ou logiciels de la contamination par d&rsquo;\u00e9ventuels virus circulant sur le r\u00e9seau Internet.<\/i><\/p>\n<p><i>\u00a0<\/i><\/p>\n<p><b><i>Liens Hypertextes<\/i><\/b><\/p>\n<p><i>La cr\u00e9ation de liens hypertextes vers le site <a href=\"https:\/\/pressetaux.fr\/\"><span style=\"color: #ff9900;\">PresseTaux<\/span><\/a> ne saurait, en aucun cas, engager la responsabilit\u00e9 de\u00a0Pressetaux D\u00e9veloppement et de ses franchis\u00e9s. Les liens hypertextes \u00e9tablis en direction d&rsquo;autres sites \u00e0 partir de <a href=\"https:\/\/pressetaux.fr\/\"><span style=\"color: #ff9900;\">PresseTaux<\/span><\/a> ne sauraient, en aucun cas, engager la responsabilit\u00e9 de Pressetaux D\u00e9veloppement et de ses franchis\u00e9s. <\/i><\/p>\n<p><b><i>Traitement des r\u00e9clamations<\/i><\/b><br \/>\n<i><br \/>\nPour tout traitement de r\u00e9clamations ou pour exercer votre droit \u00e0 r\u00e9clamation, adressez-vous simultan\u00e9ment \u00e0 votre agence locale PresseTaux et \u00e0 PresseTaux D\u00e9veloppement \u2013 service des r\u00e9clamations &#8211; 8 bis, place de la Gare 59300 Valenciennes. Toute r\u00e9clamation devra \u00eatre effectu\u00e9e par courrier ou par mail \u00e0 contact@pressetaux.fr, accompagn\u00e9e d\u2019une copie de pi\u00e8ce d\u2019identit\u00e9. Le service \u00ab\u00a0r\u00e9clamation\u00a0\u00bb s&rsquo;engage \u00e0 vous contacter dans les cinq jours qui suivent la r\u00e9ception de votre demande, ainsi qu&rsquo;\u00e0 se mettre en contact avec l&rsquo;agence locale concern\u00e9e le cas \u00e9ch\u00e9ant. <\/i><\/p>\n<p><i>Si vous n&rsquo;\u00eates pas satisfait de notre r\u00e9ponse, vous pouvez saisir le m\u00e9diateur de l&rsquo;ENDYA : concernant la partie IOBSP : ANM CONSO via :<\/i><\/p>\n<p><i>le site : <a href=\"https:\/\/www.anm-conso.com\/site\/index.php\" target=\"blank\" rel=\"noopener noreferrer\"><span style=\"color: #ff9900;\">https:\/\/www.anm-conso.com\/site\/index.php<\/span><\/a> ou \u00e0 l&rsquo;adresse suivante :<\/i><br \/>\n<i>ANM CONSO &#8211; 2, rue de Colmar 94300 VINCENNES<\/i><br \/>\n<i>Vous pouvez consulter la Charte de la m\u00e9diation sur le site internet : <a href=\"https:\/\/www.anm-conso.com\/site\/index.php\" target=\"blank\" rel=\"noopener noreferrer\"><span style=\"color: #ff9900;\">https:\/\/www.anm-conso.com\/site\/index.php<\/span><\/a>.<\/i><\/p>\n<p>Concernant la partie IAS : P\u00f4le CSCA par voie postale : TSA 50110 &#8211; 75441 Paris Cedex 09 ou par email : <span style=\"color: #ff9900;\"><a href=\"mailto:le.mediateur@mediation-assurance.org\">le.mediateur@mediation-assurance.org<\/a><\/span><\/p>\n<p><i>Pour contacter l\u2019Autorit\u00e9 de Contr\u00f4le Prudentiel et de R\u00e9solution, vous pouvez vous rendre sur le site de l\u2019ACPR: <a href=\"https:\/\/acpr.banque-france.fr\/lacpr.html\" target=\"blank\" rel=\"noopener noreferrer\"><span style=\"color: #ff9900;\">www.acpr.banque-france.fr<\/span><\/a> ou lui adresser un courrier directement \u00e0:<\/i><\/p>\n<p><i>Autorit\u00e9 de Contr\u00f4le Prudentiel et de R\u00e9solution<br \/>\nDirection du contr\u00f4le des pratiques commerciales<br \/>\n4, place de Budapest 75436 PARIS CEDEX 09<\/i><\/p>\n<p><b><i><span style=\"color: #ff9900;\">Cookies \/ Vie priv\u00e9e<\/span><\/i><\/b><\/p>\n<p><b><i>1. Qu&rsquo;est-ce qu&rsquo;un cookie ?<\/i><\/b><\/p>\n<p><i>Un cookie (ou t\u00e9moin de connexion) est un ensemble de donn\u00e9es stock\u00e9 sur le disque dur de votre terminal (ordinateur, tablette, mobile) par le biais de votre logiciel de navigation \u00e0 l&rsquo;occasion de la consultation d&rsquo;un service en ligne.<\/i><\/p>\n<p><i>Les cookies enregistr\u00e9s lorsque vous visitez notre site ne vous reconnaissent pas personnellement en tant qu&rsquo;individu, mais reconnaissent seulement l&rsquo;appareil que vous \u00eates en train d&rsquo;utiliser.<\/i><\/p>\n<p><i>Les cookies ne stockent aucune donn\u00e9e personnelle sensible, mais donnent simplement une information sur votre navigation de fa\u00e7on \u00e0 ce que votre terminal puisse \u00eatre reconnu plus tard.<\/i><\/p>\n<p><i>Les cookies ne causent aucun dommage \u00e0 votre appareil, mais permettent plus facilement par exemple de retrouver vos pr\u00e9f\u00e9rences, de pr\u00e9-remplir certains champs et d&rsquo;adapter le contenu de nos services.<\/i><\/p>\n<p><i>Vous seul(e) choisissez si vous souhaitez avoir des cookies enregistr\u00e9s sur votre appareil et vous pouvez facilement contr\u00f4ler l&rsquo;enregistrement des cookies.<\/i><\/p>\n<p><b><i>2. Quels sont les cookies pr\u00e9sents sur ce site ?<\/i><\/b><\/p>\n<p><b><i>a. Les cookies statistiques (ou analytiques)<\/i><\/b><\/p>\n<p><i>Les cookies analytiques que nous \u00e9mettons nous permettent de mieux conna\u00eetre nos sites et d&rsquo;am\u00e9liorer nos services en \u00e9tablissant des statistiques et volumes de fr\u00e9quentation et d&rsquo;utilisation (rubriques et contenus visit\u00e9s, parcours&#8230;).<\/i><\/p>\n<p><b><i>b. Les cookies fonctionnels<\/i><\/b><\/p>\n<p><i>Les cookies fonctionnels que nous \u00e9mettons nous permettent :<\/i><\/p>\n<p><i>&#8211; d&rsquo;adapter la pr\u00e9sentation de nos sites aux pr\u00e9f\u00e9rences d&rsquo;affichage de votre terminal (langue utilis\u00e9e, r\u00e9solution d&rsquo;affichage, syst\u00e8me d&rsquo;exploitation utilis\u00e9, etc), selon les mat\u00e9riels et les logiciels de visualisation ou de lecture que votre terminal comporte.<\/i><\/p>\n<p><i>&#8211; d&rsquo;am\u00e9liorer votre exp\u00e9rience utilisateur en pr\u00e9-remplissant certains champs de nos formulaires.<\/i><\/p>\n<p><b><i>3. Vos choix concernant les cookies :<\/i><\/b><\/p>\n<p><i>Vous pouvez \u00e0 tout moment choisir de d\u00e9sactiver ces cookies.<\/i><\/p>\n<p><i>Votre navigateur peut \u00e9galement \u00eatre param\u00e9tr\u00e9 pour vous signaler les cookies qui sont d\u00e9pos\u00e9s dans votre ordinateur et vous demander de les accepter ou pas.<\/i><\/p>\n<p><i>Vous pouvez accepter ou refuser les cookies au cas par cas ou bien les refuser syst\u00e9matiquement.<\/i><\/p>\n<p><i>Nous vous rappelons que le param\u00e9trage est susceptible de modifier vos conditions d&rsquo;acc\u00e8s \u00e0 nos contenus et services n\u00e9cessitant l&rsquo;utilisation de cookies.<\/i><\/p>\n<p><i>Si votre navigateur est configur\u00e9 de mani\u00e8re \u00e0 refuser l&rsquo;ensemble des cookies, vous ne pourrez pas profiter d&rsquo;une partie de nos services. Afin de g\u00e9rer les cookies au plus pr\u00e8s de vos attentes, nous vous invitons \u00e0 param\u00e9trer votre navigateur en tenant compte de la finalit\u00e9 des cookies.<\/i><\/p>\n<p><i>La gestion des cookies, pour les autoriser, les supprimer ou les configurer par site internet, se fait au sein de votre navigateur, dans des menus sp\u00e9cifiques &#8211; vous trouverez toutes les informations dans la section Aide de votre navigateur.<\/i>[\/vc_column_text][\/vc_column][\/vc_row]<\/p>\n","protected":false},"excerpt":{"rendered":"<p>[vc_row][vc_column][vc_empty_space height=\u00a0\u00bb12px\u00a0\u00bb][\/vc_column][\/vc_row][vc_row][vc_column][vc_single_image image=\u00a0\u00bb793&Prime; img_size=\u00a0\u00bbfull\u00a0\u00bb][\/vc_column][\/vc_row][vc_row][vc_column][vc_column_text]Raison sociale et si\u00e8ge social PresseTaux est le site officiel de la soci\u00e9t\u00e9 Pressetaux D\u00e9veloppement. Pressetaux D\u00e9veloppement est une soci\u00e9t\u00e9 qui d\u00e9veloppe en franchise la marque Pressetaux et dont tous les franchis\u00e9s sont sp\u00e9cialis\u00e9s dans la n\u00e9gociation de cr\u00e9dits immobiliers. Editeur\u00a0: SAS Pressetaux D\u00e9veloppement au capital de 50 000 \u20ac R.C.S. Valenciennes B520424797 N\u00b0 TVA FR39520424797 Si\u00e8ge social\u00a0: 8 bis, place de la Gare, 59300 Valenciennes, France Repr\u00e9sentant l\u00e9gal\u00a0: S\u00e9bastien MASURE Directeur de la publication : S\u00e9bastien MASURE Responsable de la r\u00e9daction : S\u00e9bastien MASURE H\u00e9bergeur : OVH, 2 rue Kellerman, 59100 Roubaix, France Conception et r\u00e9alisation : CA Soft &amp; Network SA, Route du Village 14, 1421 Grandevent Titre professionnel des franchises Pressetaux D\u00e9veloppement Tous les franchis\u00e9s sont inscrits \u00e0 l&rsquo;ORIAS dans la cat\u00e9gorie : Courtier en Op\u00e9rations de Banque et en Services de Paiement, Mandataire d&rsquo;Interm\u00e9diaire en Op\u00e9rations de Banque et en Services de Paiement et dans la cat\u00e9gorie : Mandataire d&rsquo;Interm\u00e9diaire d&rsquo;Assurance. \u00a0 L&#8217;emprunteur dispose d&rsquo;un d\u00e9lai de r\u00e9flexion de 10 jours, la vente est subordonn\u00e9e \u00e0 l&rsquo;obtention du pr\u00eat si celui-ci n&rsquo;est pas obtenu, le vendeur devra lui rembourser les sommes vers\u00e9es. Un cr\u00e9dit vous engage et doit \u00eatre rembours\u00e9. V\u00e9rifiez vos capacit\u00e9s de remboursement avant de vous engager. Aucun versement de quelque nature que ce soit, ne peut \u00eatre exig\u00e9 d\u00b4un particulier, avant\u00a0obtention d\u00b4un ou plusieurs \u00a0 \u00a0 \u00a0 pr\u00eat(s) d\u00b4argent. Le lexique du Cr\u00e9dit Immobilier Informations personnelles et vie priv\u00e9e Loi Informatique et Libert\u00e9 Le site PresseTaux a fait l&rsquo;objet d&rsquo;une d\u00e9claration aupr\u00e8s de la Commission Nationale de l\u2019Informatique et des Libert\u00e9s (CNIL) sous le n\u00b01154218. Les informations recueillies dans le formulaire de contact (nom, pr\u00e9nom, adresse postale, t\u00e9l\u00e9phone, adresse m\u00e8l, etc.) sont destin\u00e9es exclusivement \u00e0 Pressetaux D\u00e9veloppement et ses franchis\u00e9s et sont utilis\u00e9es dans l&rsquo;unique but de traiter votre demande. Elles ne feront l&rsquo;objet d&rsquo;une communication ext\u00e9rieure que pour satisfaire aux obligations l\u00e9gales r\u00e9glementaires. Conform\u00e9ment\u00a0\u00e0 la loi du 6 janvier 1978 relative \u00e0 l\u2019informatique, aux fichiers et aux libert\u00e9s (loi \u00ab\u00a0Informatique et Libert\u00e9s\u00a0\u00bb), vous disposez d\u2019un droit d\u2019acc\u00e8s, de modification, de rectification et de suppression des donn\u00e9es qui vous concerne. Pour exercer votre droit de modification de fichier, adressez vous \u00e0 Pressetaux D\u00e9veloppement : 8 bis, place de la Gare 59300 Valenciennes, France. Toute demande de modification devra \u00eatre effectu\u00e9e par courrier accompagn\u00e9 d&rsquo;une copie de pi\u00e8ce d&rsquo;identit\u00e9. Caract\u00e8re volatile des donn\u00e9es recueillies Pour visiter notre site, vous avez la possibilit\u00e9 d&rsquo;utiliser diff\u00e9rentes feuilles de style. Le choix du style est enregistr\u00e9 dans un cookie qui sera automatiquement effac\u00e9 lorsque vous fermerez votre navigateur. \u00a0 Droit d&rsquo;auteurs Aucune reproduction, m\u00eame partielle, autres que celles pr\u00e9vues \u00e0 l&rsquo;article L 122-5 du code de la propri\u00e9t\u00e9 intellectuelle, ne peut \u00eatre faite de ce site sans l&rsquo;autorisation expresse de Pressetaux D\u00e9veloppement. L&rsquo;ensemble des \u00e9l\u00e9ments composant le site PresseTaux (d\u00e9nomination, logo, images, code source, etc.) sont la propri\u00e9t\u00e9 exclusive de la soci\u00e9t\u00e9 Pressetaux D\u00e9veloppement. \u00a0 Contenu du site Les informations fournies sur le pr\u00e9sent site le sont \u00e0 titre indicatif et ne constituent pas [&hellip;]<\/p>\n","protected":false},"author":8,"featured_media":0,"parent":0,"menu_order":0,"comment_status":"closed","ping_status":"closed","template":"","meta":{"_genesis_hide_title":false,"_genesis_hide_breadcrumbs":false,"_genesis_hide_singular_image":false,"_genesis_hide_footer_widgets":false,"_genesis_custom_body_class":"","_genesis_custom_post_class":"","_genesis_layout":""},"yoast_head":"<!-- This site is optimized with the Yoast SEO plugin v17.8 - https:\/\/yoast.com\/wordpress\/plugins\/seo\/ -->\n<title>Mentions L\u00e9gales - Franchise PresseTaux<\/title>\n<meta name=\"description\" content=\"Mentions L\u00e9gales de PresseTaux D\u00e9veloppement, contactez-nous au 03 27 47 75 74 pour plus de renseignements...\" \/>\n<meta name=\"robots\" content=\"index, follow, max-snippet:-1, max-image-preview:large, max-video-preview:-1\" \/>\n<link rel=\"canonical\" href=\"https:\/\/pressetaux.fr\/franchise\/mentions-legales\/\" \/>\n<meta name=\"twitter:label1\" content=\"Dur\u00e9e de lecture estim\u00e9e\" \/>\n\t<meta name=\"twitter:data1\" content=\"7 minutes\" \/>\n<script type=\"application\/ld+json\" class=\"yoast-schema-graph\">{\"@context\":\"https:\/\/schema.org\",\"@graph\":[{\"@type\":\"Organization\",\"@id\":\"https:\/\/pressetaux.fr\/franchise\/#organization\",\"name\":\"PresseTaux\",\"url\":\"https:\/\/pressetaux.fr\/franchise\/\",\"sameAs\":[],\"logo\":{\"@type\":\"ImageObject\",\"@id\":\"https:\/\/pressetaux.fr\/franchise\/#logo\",\"inLanguage\":\"fr-FR\",\"url\":\"https:\/\/pressetaux.fr\/franchise\/wp-content\/uploads\/sites\/12\/2022\/06\/LogoPressetaux.jpg\",\"contentUrl\":\"https:\/\/pressetaux.fr\/franchise\/wp-content\/uploads\/sites\/12\/2022\/06\/LogoPressetaux.jpg\",\"width\":1776,\"height\":997,\"caption\":\"PresseTaux\"},\"image\":{\"@id\":\"https:\/\/pressetaux.fr\/franchise\/#logo\"}},{\"@type\":\"WebSite\",\"@id\":\"https:\/\/pressetaux.fr\/franchise\/#website\",\"url\":\"https:\/\/pressetaux.fr\/franchise\/\",\"name\":\"Franchise PresseTaux\",\"description\":\"COURTIER EN CREDIT\",\"publisher\":{\"@id\":\"https:\/\/pressetaux.fr\/franchise\/#organization\"},\"potentialAction\":[{\"@type\":\"SearchAction\",\"target\":{\"@type\":\"EntryPoint\",\"urlTemplate\":\"https:\/\/pressetaux.fr\/franchise\/?s={search_term_string}\"},\"query-input\":\"required name=search_term_string\"}],\"inLanguage\":\"fr-FR\"},{\"@type\":\"WebPage\",\"@id\":\"https:\/\/pressetaux.fr\/franchise\/mentions-legales\/#webpage\",\"url\":\"https:\/\/pressetaux.fr\/franchise\/mentions-legales\/\",\"name\":\"Mentions L\\u00e9gales - Franchise PresseTaux\",\"isPartOf\":{\"@id\":\"https:\/\/pressetaux.fr\/franchise\/#website\"},\"datePublished\":\"2016-09-13T12:09:47+00:00\",\"dateModified\":\"2023-02-27T13:31:19+00:00\",\"description\":\"Mentions L\\u00e9gales de PresseTaux D\\u00e9veloppement, contactez-nous au 03 27 47 75 74 pour plus de renseignements...\",\"breadcrumb\":{\"@id\":\"https:\/\/pressetaux.fr\/franchise\/mentions-legales\/#breadcrumb\"},\"inLanguage\":\"fr-FR\",\"potentialAction\":[{\"@type\":\"ReadAction\",\"target\":[\"https:\/\/pressetaux.fr\/franchise\/mentions-legales\/\"]}]},{\"@type\":\"BreadcrumbList\",\"@id\":\"https:\/\/pressetaux.fr\/franchise\/mentions-legales\/#breadcrumb\",\"itemListElement\":[{\"@type\":\"ListItem\",\"position\":1,\"name\":\"Mentions L\\u00e9gales\"}]}]}<\/script>\n<!-- \/ Yoast SEO plugin. -->","yoast_head_json":{"title":"Mentions L\u00e9gales - Franchise PresseTaux","description":"Mentions L\u00e9gales de PresseTaux D\u00e9veloppement, contactez-nous au 03 27 47 75 74 pour plus de renseignements...","robots":{"index":"index","follow":"follow","max-snippet":"max-snippet:-1","max-image-preview":"max-image-preview:large","max-video-preview":"max-video-preview:-1"},"canonical":"https:\/\/pressetaux.fr\/franchise\/mentions-legales\/","twitter_misc":{"Dur\u00e9e de lecture estim\u00e9e":"7 minutes"},"schema":{"@context":"https:\/\/schema.org","@graph":[{"@type":"Organization","@id":"https:\/\/pressetaux.fr\/franchise\/#organization","name":"PresseTaux","url":"https:\/\/pressetaux.fr\/franchise\/","sameAs":[],"logo":{"@type":"ImageObject","@id":"https:\/\/pressetaux.fr\/franchise\/#logo","inLanguage":"fr-FR","url":"https:\/\/pressetaux.fr\/franchise\/wp-content\/uploads\/sites\/12\/2022\/06\/LogoPressetaux.jpg","contentUrl":"https:\/\/pressetaux.fr\/franchise\/wp-content\/uploads\/sites\/12\/2022\/06\/LogoPressetaux.jpg","width":1776,"height":997,"caption":"PresseTaux"},"image":{"@id":"https:\/\/pressetaux.fr\/franchise\/#logo"}},{"@type":"WebSite","@id":"https:\/\/pressetaux.fr\/franchise\/#website","url":"https:\/\/pressetaux.fr\/franchise\/","name":"Franchise PresseTaux","description":"COURTIER EN CREDIT","publisher":{"@id":"https:\/\/pressetaux.fr\/franchise\/#organization"},"potentialAction":[{"@type":"SearchAction","target":{"@type":"EntryPoint","urlTemplate":"https:\/\/pressetaux.fr\/franchise\/?s={search_term_string}"},"query-input":"required name=search_term_string"}],"inLanguage":"fr-FR"},{"@type":"WebPage","@id":"https:\/\/pressetaux.fr\/franchise\/mentions-legales\/#webpage","url":"https:\/\/pressetaux.fr\/franchise\/mentions-legales\/","name":"Mentions L\u00e9gales - Franchise PresseTaux","isPartOf":{"@id":"https:\/\/pressetaux.fr\/franchise\/#website"},"datePublished":"2016-09-13T12:09:47+00:00","dateModified":"2023-02-27T13:31:19+00:00","description":"Mentions L\u00e9gales de PresseTaux D\u00e9veloppement, contactez-nous au 03 27 47 75 74 pour plus de renseignements...","breadcrumb":{"@id":"https:\/\/pressetaux.fr\/franchise\/mentions-legales\/#breadcrumb"},"inLanguage":"fr-FR","potentialAction":[{"@type":"ReadAction","target":["https:\/\/pressetaux.fr\/franchise\/mentions-legales\/"]}]},{"@type":"BreadcrumbList","@id":"https:\/\/pressetaux.fr\/franchise\/mentions-legales\/#breadcrumb","itemListElement":[{"@type":"ListItem","position":1,"name":"Mentions L\u00e9gales"}]}]}},"_links":{"self":[{"href":"https:\/\/pressetaux.fr\/franchise\/wp-json\/wp\/v2\/pages\/995"}],"collection":[{"href":"https:\/\/pressetaux.fr\/franchise\/wp-json\/wp\/v2\/pages"}],"about":[{"href":"https:\/\/pressetaux.fr\/franchise\/wp-json\/wp\/v2\/types\/page"}],"author":[{"embeddable":true,"href":"https:\/\/pressetaux.fr\/franchise\/wp-json\/wp\/v2\/users\/8"}],"replies":[{"embeddable":true,"href":"https:\/\/pressetaux.fr\/franchise\/wp-json\/wp\/v2\/comments?post=995"}],"version-history":[{"count":0,"href":"https:\/\/pressetaux.fr\/franchise\/wp-json\/wp\/v2\/pages\/995\/revisions"}],"wp:attachment":[{"href":"https:\/\/pressetaux.fr\/franchise\/wp-json\/wp\/v2\/media?parent=995"}],"curies":[{"name":"wp","href":"https:\/\/api.w.org\/{rel}","templated":true}]}}