{"id":649,"date":"2015-09-23T14:48:02","date_gmt":"2015-09-23T13:48:02","guid":{"rendered":"http:\/\/test.pressetaux.fr\/valenciennes\/?page_id=649"},"modified":"2024-10-15T13:21:51","modified_gmt":"2024-10-15T12:21:51","slug":"simulations2","status":"publish","type":"page","link":"https:\/\/pressetaux.fr\/valenciennes\/simulations2\/","title":{"rendered":"Calculez vos frais de notaire"},"content":{"rendered":"<p>[vc_row][vc_column][vc_single_image image=\u00a0\u00bb2939&Prime; img_size=\u00a0\u00bbfull\u00a0\u00bb alignment=\u00a0\u00bbcenter\u00a0\u00bb][\/vc_column][\/vc_row][vc_row][vc_column][vc_column_text]Les frais d\u00b4acquisition d\u00b4un bien immobilier sont essentiellement compos\u00e9s d\u2019imp\u00f4ts pay\u00e9s \u00e0 l\u00b4Etat.<br \/>\nPour autant, ils sont souvent appel\u00e9s \u00ab frais de notaire \u00bb. Cette erreur de langage s\u00b4explique facilement et en effet, bien<br \/>\nque ces frais ne leur soient pas destin\u00e9s (du moins en grande partie), les notaires ont la charge de les collecter pour<br \/>\nle compte de l\u00b4Etat. Ils sont ensuite tenus de les reverser au Tr\u00e9sor Public.<\/p>\n<p>Les frais d\u00b4acquisition comprennent :<br \/>\n1. Les imp\u00f4ts et les taxes : Ils sont li\u00e9s \u00e0 l&rsquo;acquisition du bien et vers\u00e9s au Tr\u00e9sor public.<br \/>\nIls reviennent, selon le cas, \u00e0 l\u00b4Etat ou aux collectivit\u00e9s locales. Calcul\u00e9s selon la valeur du bien, leurs montants varient selon le lieu g\u00e9ographique.<br \/>\n2. Les frais et d\u00e9bours : Il s\u00b4agit des sommes acquitt\u00e9es par le notaire pour le compte de son client. Ces frais et d\u00e9bours<br \/>\nservent \u00e0 r\u00e9mun\u00e9rer les diff\u00e9rents intervenants en charge de produire les documents n\u00e9cessaires au changement de<br \/>\npropri\u00e9t\u00e9 (conservateur des hypoth\u00e8ques, inscription des garanties hypoth\u00e9caires, frais de publication de vente,<br \/>\ndocument d\u00b4urbanisme, extrait du cadastre, g\u00e9om\u00e8tre expert, syndic, etc&#8230;).<br \/>\n3. La r\u00e9mun\u00e9ration du notaire : proprement dite est appel\u00e9e \u00e9moluments. De nouveaux m\u00e9canismes ont \u00e9t\u00e9 mis en place<br \/>\npar le d\u00e9cret du 26 f\u00e9vrier 2016 relatif aux tarifs de certaines professions du droit ainsi que par l&rsquo;arr\u00eat\u00e9 fixant les tarifs<br \/>\nr\u00e9glement\u00e9s des notaires. Le tarif des notaires voit ses taux baisser de 1,40 %.<\/p>\n<p style=\"text-align: center;\">Grace \u00e0 l\u00b4outil de simulation que PresseTaux met \u00e0 votre disposition, vous pouvez simuler et estimer vos frais<br \/>\nd\u00b4acquisition.<br \/>\n<strong>Il conviendra de finaliser et de valider le montant d\u00e9finitif de ces diff\u00e9rents frais avec votre courtier PresseTaux<br \/>\nlors d\u00b4un prochain rendez-vous.<\/strong><\/p>\n<p>[\/vc_column_text][\/vc_column][\/vc_row][vc_row][vc_column][vc_column_text]<div class='cyberpretCalculettes'>\r\n<iframe src='https:\/\/www.cyberpret.com\/iframe-calculatrices\/calculatrice-frais-notaire.php?fromMobile=1&amp;noH2=1&amp;localization=fr&amp;tableau_amortissement=oui&amp;devise=euro&amp;couleurP=%23000000&amp;couleurH2=%23000000&amp;couleurH3=%23000000&amp;couleurChamp=%23000000&amp;couleurMiseValeur1=%23f9b200&amp;couleurEncadrement=%2358585a&url_site=http%3A%2F%2Fpressetaux.fr%2Fvalenciennes%2Fwp-json%2Fwp%2Fv2%2Fpages%2F649&wp_plugin=1' scrolling='auto' frameborder='0' seamless style='width: 100%; height: 500px; margin: 0 auto 20px auto; overflow: hidden; border-radius:6px;' name='iframeCyberpretNotaire'><\/iframe>\r\n<\/div>\r\n[\/vc_column_text][\/vc_column][\/vc_row][vc_row][vc_column width=\u00a0\u00bb1\/2&Prime;][vc_single_image image=\u00a0\u00bb1314&Prime; img_size=\u00a0\u00bbfull\u00a0\u00bb alignment=\u00a0\u00bbcenter\u00a0\u00bb onclick=\u00a0\u00bbcustom_link\u00a0\u00bb link=\u00a0\u00bbhttps:\/\/pressetaux.fr\/les-courtiers-pressetaux\/\u00a0\u00bb][\/vc_column][vc_column width=\u00a0\u00bb1\/2&Prime;][vc_single_image image=\u00a0\u00bb2941&Prime; img_size=\u00a0\u00bbfull\u00a0\u00bb alignment=\u00a0\u00bbcenter\u00a0\u00bb onclick=\u00a0\u00bbcustom_link\u00a0\u00bb link=\u00a0\u00bbhttps:\/\/pressetaux.fr\/valenciennes\/etude-personnalisee\/\u00a0\u00bb][\/vc_column][\/vc_row][vc_row][vc_column][vc_single_image image=\u00a0\u00bb2942&Prime; img_size=\u00a0\u00bbfull\u00a0\u00bb alignment=\u00a0\u00bbcenter\u00a0\u00bb onclick=\u00a0\u00bbcustom_link\u00a0\u00bb img_link_target=\u00a0\u00bb_blank\u00a0\u00bb link=\u00a0\u00bbhttps:\/\/pressetaux.fr\/PLAQUETTE PT.pdf\u00a0\u00bb][\/vc_column][\/vc_row]<\/p>\n","protected":false},"excerpt":{"rendered":"<p>[vc_row][vc_column][vc_single_image image=\u00a0\u00bb2939&Prime; img_size=\u00a0\u00bbfull\u00a0\u00bb alignment=\u00a0\u00bbcenter\u00a0\u00bb][\/vc_column][\/vc_row][vc_row][vc_column][vc_column_text]Les frais d\u00b4acquisition d\u00b4un bien immobilier sont essentiellement compos\u00e9s d\u2019imp\u00f4ts pay\u00e9s \u00e0 l\u00b4Etat. Pour autant, ils sont souvent appel\u00e9s \u00ab frais de notaire \u00bb. Cette erreur de langage s\u00b4explique facilement et en effet, bien que ces frais ne leur soient pas destin\u00e9s (du moins en grande partie), les notaires ont la charge de les collecter pour le compte de l\u00b4Etat. Ils sont ensuite tenus de les reverser au Tr\u00e9sor Public. Les frais d\u00b4acquisition comprennent : 1. Les imp\u00f4ts et les taxes : Ils sont li\u00e9s \u00e0 l&rsquo;acquisition du bien et vers\u00e9s au Tr\u00e9sor public. Ils reviennent, selon le cas, \u00e0 l\u00b4Etat ou aux collectivit\u00e9s locales. Calcul\u00e9s selon la valeur du bien, leurs montants varient selon le lieu g\u00e9ographique. 2. Les frais et d\u00e9bours : Il s\u00b4agit des sommes acquitt\u00e9es par le notaire pour le compte de son client. Ces frais et d\u00e9bours servent \u00e0 r\u00e9mun\u00e9rer les diff\u00e9rents intervenants en charge de produire les documents n\u00e9cessaires au changement de propri\u00e9t\u00e9 (conservateur des hypoth\u00e8ques, inscription des garanties hypoth\u00e9caires, frais de publication de vente, document d\u00b4urbanisme, extrait du cadastre, g\u00e9om\u00e8tre expert, syndic, etc&#8230;). 3. La r\u00e9mun\u00e9ration du notaire : proprement dite est appel\u00e9e \u00e9moluments. De nouveaux m\u00e9canismes ont \u00e9t\u00e9 mis en place par le d\u00e9cret du 26 f\u00e9vrier 2016 relatif aux tarifs de certaines professions du droit ainsi que par l&rsquo;arr\u00eat\u00e9 fixant les tarifs r\u00e9glement\u00e9s des notaires. Le tarif des notaires voit ses taux baisser de 1,40 %. Grace \u00e0 l\u00b4outil de simulation que PresseTaux met \u00e0 votre disposition, vous pouvez simuler et estimer vos frais d\u00b4acquisition. Il conviendra de finaliser et de valider le montant d\u00e9finitif de ces diff\u00e9rents frais avec votre courtier PresseTaux lors d\u00b4un prochain rendez-vous. [\/vc_column_text][\/vc_column][\/vc_row][vc_row][vc_column][vc_column_text][\/vc_column_text][\/vc_column][\/vc_row][vc_row][vc_column width=\u00a0\u00bb1\/2&Prime;][vc_single_image image=\u00a0\u00bb1314&Prime; img_size=\u00a0\u00bbfull\u00a0\u00bb alignment=\u00a0\u00bbcenter\u00a0\u00bb onclick=\u00a0\u00bbcustom_link\u00a0\u00bb link=\u00a0\u00bbhttps:\/\/pressetaux.fr\/les-courtiers-pressetaux\/\u00a0\u00bb][\/vc_column][vc_column width=\u00a0\u00bb1\/2&Prime;][vc_single_image image=\u00a0\u00bb2941&Prime; img_size=\u00a0\u00bbfull\u00a0\u00bb alignment=\u00a0\u00bbcenter\u00a0\u00bb onclick=\u00a0\u00bbcustom_link\u00a0\u00bb link=\u00a0\u00bbhttps:\/\/pressetaux.fr\/valenciennes\/etude-personnalisee\/\u00a0\u00bb][\/vc_column][\/vc_row][vc_row][vc_column][vc_single_image image=\u00a0\u00bb2942&Prime; img_size=\u00a0\u00bbfull\u00a0\u00bb alignment=\u00a0\u00bbcenter\u00a0\u00bb onclick=\u00a0\u00bbcustom_link\u00a0\u00bb img_link_target=\u00a0\u00bb_blank\u00a0\u00bb link=\u00a0\u00bbhttps:\/\/pressetaux.fr\/PLAQUETTE PT.pdf\u00a0\u00bb][\/vc_column][\/vc_row]<\/p>\n","protected":false},"author":8,"featured_media":0,"parent":0,"menu_order":0,"comment_status":"closed","ping_status":"closed","template":"","meta":{"_genesis_hide_title":false,"_genesis_hide_breadcrumbs":false,"_genesis_hide_singular_image":false,"_genesis_hide_footer_widgets":false,"_genesis_custom_body_class":"","_genesis_custom_post_class":"","_genesis_layout":""},"yoast_head":"<!-- This site is optimized with the Yoast SEO plugin v17.8 - https:\/\/yoast.com\/wordpress\/plugins\/seo\/ -->\n<title>Outil de Simulations gratuit : Calculez vos frais de notaire<\/title>\n<meta name=\"description\" content=\"Outil de Simulations : Calculez vos mensualit\u00e9s de remboursement, votre capacit\u00e9 d&#039;achat, votre taux d&#039;endettement ou vos frais de notaire.\" \/>\n<meta name=\"robots\" content=\"index, follow, max-snippet:-1, max-image-preview:large, max-video-preview:-1\" \/>\n<link rel=\"canonical\" href=\"https:\/\/pressetaux.fr\/valenciennes\/simulations2\/\" \/>\n<meta property=\"og:locale\" content=\"fr_FR\" \/>\n<meta property=\"og:type\" content=\"article\" \/>\n<meta property=\"og:title\" content=\"Outil de Simulations gratuit : Calculez vos frais de notaire\" \/>\n<meta property=\"og:description\" content=\"Outil de Simulations : Calculez vos mensualit\u00e9s de remboursement, votre capacit\u00e9 d&#039;achat, votre taux d&#039;endettement ou vos frais de notaire.\" \/>\n<meta property=\"og:url\" content=\"https:\/\/pressetaux.fr\/valenciennes\/simulations2\/\" \/>\n<meta property=\"og:site_name\" content=\"PresseTaux Valenciennes\" \/>\n<meta property=\"article:publisher\" content=\"https:\/\/www.facebook.com\/pressetauxvalenciennes?locale=fr_FR\" \/>\n<meta property=\"article:modified_time\" content=\"2024-10-15T12:21:51+00:00\" \/>\n<meta property=\"og:image\" content=\"https:\/\/pressetaux.fr\/valenciennes\/wp-content\/uploads\/sites\/2\/2020\/11\/LogoPressetaux.png\" \/>\n\t<meta property=\"og:image:width\" content=\"488\" \/>\n\t<meta property=\"og:image:height\" content=\"278\" \/>\n<meta name=\"twitter:label1\" content=\"Dur\u00e9e de lecture estim\u00e9e\" \/>\n\t<meta name=\"twitter:data1\" content=\"2 minutes\" \/>\n<script type=\"application\/ld+json\" class=\"yoast-schema-graph\">{\"@context\":\"https:\/\/schema.org\",\"@graph\":[{\"@type\":\"Organization\",\"@id\":\"https:\/\/pressetaux.fr\/valenciennes\/#organization\",\"name\":\"PresseTaux Valenciennes\",\"url\":\"https:\/\/pressetaux.fr\/valenciennes\/\",\"sameAs\":[\"https:\/\/www.facebook.com\/pressetauxvalenciennes?locale=fr_FR\"],\"logo\":{\"@type\":\"ImageObject\",\"@id\":\"https:\/\/pressetaux.fr\/valenciennes\/#logo\",\"inLanguage\":\"fr-FR\",\"url\":\"https:\/\/pressetaux.fr\/valenciennes\/wp-content\/uploads\/sites\/2\/2020\/11\/LogoPressetaux.png\",\"contentUrl\":\"https:\/\/pressetaux.fr\/valenciennes\/wp-content\/uploads\/sites\/2\/2020\/11\/LogoPressetaux.png\",\"width\":488,\"height\":278,\"caption\":\"PresseTaux Valenciennes\"},\"image\":{\"@id\":\"https:\/\/pressetaux.fr\/valenciennes\/#logo\"}},{\"@type\":\"WebSite\",\"@id\":\"https:\/\/pressetaux.fr\/valenciennes\/#website\",\"url\":\"https:\/\/pressetaux.fr\/valenciennes\/\",\"name\":\"PresseTaux Valenciennes\",\"description\":\"COURTIER EN CREDIT\",\"publisher\":{\"@id\":\"https:\/\/pressetaux.fr\/valenciennes\/#organization\"},\"potentialAction\":[{\"@type\":\"SearchAction\",\"target\":{\"@type\":\"EntryPoint\",\"urlTemplate\":\"https:\/\/pressetaux.fr\/valenciennes\/?s={search_term_string}\"},\"query-input\":\"required name=search_term_string\"}],\"inLanguage\":\"fr-FR\"},{\"@type\":\"WebPage\",\"@id\":\"https:\/\/pressetaux.fr\/valenciennes\/simulations2\/#webpage\",\"url\":\"https:\/\/pressetaux.fr\/valenciennes\/simulations2\/\",\"name\":\"Outil de Simulations gratuit : Calculez vos frais de notaire\",\"isPartOf\":{\"@id\":\"https:\/\/pressetaux.fr\/valenciennes\/#website\"},\"datePublished\":\"2015-09-23T13:48:02+00:00\",\"dateModified\":\"2024-10-15T12:21:51+00:00\",\"description\":\"Outil de Simulations : Calculez vos mensualit\\u00e9s de remboursement, votre capacit\\u00e9 d'achat, votre taux d'endettement ou vos frais de notaire.\",\"breadcrumb\":{\"@id\":\"https:\/\/pressetaux.fr\/valenciennes\/simulations2\/#breadcrumb\"},\"inLanguage\":\"fr-FR\",\"potentialAction\":[{\"@type\":\"ReadAction\",\"target\":[\"https:\/\/pressetaux.fr\/valenciennes\/simulations2\/\"]}]},{\"@type\":\"BreadcrumbList\",\"@id\":\"https:\/\/pressetaux.fr\/valenciennes\/simulations2\/#breadcrumb\",\"itemListElement\":[{\"@type\":\"ListItem\",\"position\":1,\"name\":\"Calculez vos frais de notaire\"}]}]}<\/script>\n<!-- \/ Yoast SEO plugin. -->","yoast_head_json":{"title":"Outil de Simulations gratuit : Calculez vos frais de notaire","description":"Outil de Simulations : Calculez vos mensualit\u00e9s de remboursement, votre capacit\u00e9 d'achat, votre taux d'endettement ou vos frais de notaire.","robots":{"index":"index","follow":"follow","max-snippet":"max-snippet:-1","max-image-preview":"max-image-preview:large","max-video-preview":"max-video-preview:-1"},"canonical":"https:\/\/pressetaux.fr\/valenciennes\/simulations2\/","og_locale":"fr_FR","og_type":"article","og_title":"Outil de Simulations gratuit : Calculez vos frais de notaire","og_description":"Outil de Simulations : Calculez vos mensualit\u00e9s de remboursement, votre capacit\u00e9 d'achat, votre taux d'endettement ou vos frais de notaire.","og_url":"https:\/\/pressetaux.fr\/valenciennes\/simulations2\/","og_site_name":"PresseTaux Valenciennes","article_publisher":"https:\/\/www.facebook.com\/pressetauxvalenciennes?locale=fr_FR","article_modified_time":"2024-10-15T12:21:51+00:00","og_image":[{"width":488,"height":278,"url":"https:\/\/pressetaux.fr\/valenciennes\/wp-content\/uploads\/sites\/2\/2020\/11\/LogoPressetaux.png","type":"image\/png"}],"twitter_misc":{"Dur\u00e9e de lecture estim\u00e9e":"2 minutes"},"schema":{"@context":"https:\/\/schema.org","@graph":[{"@type":"Organization","@id":"https:\/\/pressetaux.fr\/valenciennes\/#organization","name":"PresseTaux Valenciennes","url":"https:\/\/pressetaux.fr\/valenciennes\/","sameAs":["https:\/\/www.facebook.com\/pressetauxvalenciennes?locale=fr_FR"],"logo":{"@type":"ImageObject","@id":"https:\/\/pressetaux.fr\/valenciennes\/#logo","inLanguage":"fr-FR","url":"https:\/\/pressetaux.fr\/valenciennes\/wp-content\/uploads\/sites\/2\/2020\/11\/LogoPressetaux.png","contentUrl":"https:\/\/pressetaux.fr\/valenciennes\/wp-content\/uploads\/sites\/2\/2020\/11\/LogoPressetaux.png","width":488,"height":278,"caption":"PresseTaux Valenciennes"},"image":{"@id":"https:\/\/pressetaux.fr\/valenciennes\/#logo"}},{"@type":"WebSite","@id":"https:\/\/pressetaux.fr\/valenciennes\/#website","url":"https:\/\/pressetaux.fr\/valenciennes\/","name":"PresseTaux Valenciennes","description":"COURTIER EN CREDIT","publisher":{"@id":"https:\/\/pressetaux.fr\/valenciennes\/#organization"},"potentialAction":[{"@type":"SearchAction","target":{"@type":"EntryPoint","urlTemplate":"https:\/\/pressetaux.fr\/valenciennes\/?s={search_term_string}"},"query-input":"required name=search_term_string"}],"inLanguage":"fr-FR"},{"@type":"WebPage","@id":"https:\/\/pressetaux.fr\/valenciennes\/simulations2\/#webpage","url":"https:\/\/pressetaux.fr\/valenciennes\/simulations2\/","name":"Outil de Simulations gratuit : Calculez vos frais de notaire","isPartOf":{"@id":"https:\/\/pressetaux.fr\/valenciennes\/#website"},"datePublished":"2015-09-23T13:48:02+00:00","dateModified":"2024-10-15T12:21:51+00:00","description":"Outil de Simulations : Calculez vos mensualit\u00e9s de remboursement, votre capacit\u00e9 d'achat, votre taux d'endettement ou vos frais de notaire.","breadcrumb":{"@id":"https:\/\/pressetaux.fr\/valenciennes\/simulations2\/#breadcrumb"},"inLanguage":"fr-FR","potentialAction":[{"@type":"ReadAction","target":["https:\/\/pressetaux.fr\/valenciennes\/simulations2\/"]}]},{"@type":"BreadcrumbList","@id":"https:\/\/pressetaux.fr\/valenciennes\/simulations2\/#breadcrumb","itemListElement":[{"@type":"ListItem","position":1,"name":"Calculez vos frais de notaire"}]}]}},"_links":{"self":[{"href":"https:\/\/pressetaux.fr\/valenciennes\/wp-json\/wp\/v2\/pages\/649"}],"collection":[{"href":"https:\/\/pressetaux.fr\/valenciennes\/wp-json\/wp\/v2\/pages"}],"about":[{"href":"https:\/\/pressetaux.fr\/valenciennes\/wp-json\/wp\/v2\/types\/page"}],"author":[{"embeddable":true,"href":"https:\/\/pressetaux.fr\/valenciennes\/wp-json\/wp\/v2\/users\/8"}],"replies":[{"embeddable":true,"href":"https:\/\/pressetaux.fr\/valenciennes\/wp-json\/wp\/v2\/comments?post=649"}],"version-history":[{"count":0,"href":"https:\/\/pressetaux.fr\/valenciennes\/wp-json\/wp\/v2\/pages\/649\/revisions"}],"wp:attachment":[{"href":"https:\/\/pressetaux.fr\/valenciennes\/wp-json\/wp\/v2\/media?parent=649"}],"curies":[{"name":"wp","href":"https:\/\/api.w.org\/{rel}","templated":true}]}}