{"id":775,"date":"2015-09-30T13:25:45","date_gmt":"2015-09-30T12:25:45","guid":{"rendered":"http:\/\/test.pressetaux.fr\/valenciennes\/?page_id=775"},"modified":"2022-05-09T14:22:57","modified_gmt":"2022-05-09T13:22:57","slug":"contactez","status":"publish","type":"page","link":"https:\/\/pressetaux.fr\/valenciennes\/contactez\/","title":{"rendered":"Votre projet"},"content":{"rendered":"<p>[vc_row][vc_column][vc_empty_space height=\u00a0\u00bb5px\u00a0\u00bb][\/vc_column][\/vc_row][vc_row][vc_column offset=\u00a0\u00bbvc_hidden-sm vc_hidden-xs\u00a0\u00bb][vc_single_image image=\u00a0\u00bb1324&Prime; img_size=\u00a0\u00bbfull\u00a0\u00bb alignment=\u00a0\u00bbcenter\u00a0\u00bb][\/vc_column][\/vc_row][vc_row][vc_column offset=\u00a0\u00bbvc_hidden-lg vc_hidden-md\u00a0\u00bb][vc_column_text]Remplissez ce <strong>formulaire<\/strong>, votre <strong>courtier<\/strong> s&rsquo;engage \u00e0 vous r\u00e9pondre au plus vite, sans aucune obligation et dans le strict secret bancaire.[\/vc_column_text][\/vc_column][\/vc_row][vc_row][vc_column][vc_column_text]<\/p>\n<h6><em>Les informations recueillies sur ce formulaire sont enregistr\u00e9es dans un fichier informatis\u00e9 par la SAS SM COM et sont destin\u00e9es exclusivement au r\u00e9seau PresseTaux.<\/em><br \/>\n<em> Conform\u00e9ment \u00e0 la loi \u00ab\u00a0informatique et libert\u00e9s\u00a0\u00bb du 06 janvier 1978, vous pouvez exercer votre droit d&rsquo;acc\u00e8s aux donn\u00e9es vous concernant et les faire rectifier (voir modalit\u00e9s dans les mentions l\u00e9gales (<a href=\"https:\/\/pressetaux.fr\/valenciennes\/mentions-legales\/\" target=\"_blank\" rel=\"noopener noreferrer\"><span style=\"color: #ff9900;\"><strong><strong>Cliquez-ici<\/strong><\/strong><\/span><\/a>).<\/em><\/h6>\n<p>[\/vc_column_text][\/vc_column][\/vc_row][vc_row][vc_column width=\u00a0\u00bb1\/2&Prime;]\n                <div class='gf_browser_gecko gform_wrapper' id='gform_wrapper_8' ><form method='post' enctype='multipart\/form-data'  id='gform_8'  action='\/valenciennes\/wp-json\/wp\/v2\/pages\/775'>\n                        <div class='gform_body'><ul id='gform_fields_8' class='gform_fields top_label form_sublabel_below description_below'><li id='field_8_12' class='gfield note gfield_html gfield_html_formatted gfield_no_follows_desc field_sublabel_below field_description_below gfield_visibility_visible' >* Tous les champs suivis d'un ast\u00e9risque doivent \u00eatre renseign\u00e9s.<\/li><li id='field_8_1' class='gfield gf_left_half gfield_contains_required field_sublabel_below field_description_below gfield_visibility_visible' ><label class='gfield_label' for='input_8_1' >Civilit\u00e9<span class='gfield_required'>*<\/span><\/label><div class='ginput_container ginput_container_select'><select name='input_1' id='input_8_1'  class='medium gfield_select' tabindex='1'  aria-required=\"true\" aria-invalid=\"false\"><option value='' ><\/option><option value='Monsieur' >Monsieur<\/option><option value='Madame' >Madame<\/option><\/select><\/div><\/li><li id='field_8_2' class='gfield gf_right_half gfield_contains_required field_sublabel_below field_description_below gfield_visibility_visible' ><label class='gfield_label' for='input_8_2' >Nom<span class='gfield_required'>*<\/span><\/label><div class='ginput_container ginput_container_text'><input name='input_2' id='input_8_2' type='text' value='' class='medium'  tabindex='2'   aria-required=\"true\" aria-invalid=\"false\" \/><\/div><\/li><li id='field_8_3' class='gfield gf_left_half field_sublabel_below field_description_below gfield_visibility_visible' ><label class='gfield_label' for='input_8_3' >Pr\u00e9nom<\/label><div class='ginput_container ginput_container_text'><input name='input_3' id='input_8_3' type='text' value='' class='medium'  tabindex='3'    aria-invalid=\"false\" \/><\/div><\/li><li id='field_8_4' class='gfield gf_right_half gfield_contains_required field_sublabel_below field_description_below gfield_visibility_visible' ><label class='gfield_label' for='input_8_4' >E-mail<span class='gfield_required'>*<\/span><\/label><div class='ginput_container ginput_container_email'>\n                            <input name='input_4' id='input_8_4' type='text' value='' class='medium' tabindex='4'   \/>\n                        <\/div><\/li><li id='field_8_15' class='gfield gf_left_half gfield_contains_required field_sublabel_below field_description_below gfield_visibility_visible' ><label class='gfield_label' for='input_8_15' >T\u00e9l\u00e9phone<span class='gfield_required'>*<\/span><\/label><div class='ginput_container ginput_container_text'><input name='input_15' id='input_8_15' type='text' value='' class='medium'  tabindex='5'   aria-required=\"true\" aria-invalid=\"false\" \/><\/div><\/li><li id='field_8_7' class='gfield gf_left_half gfield_contains_required field_sublabel_below field_description_below gfield_visibility_visible' ><label class='gfield_label' for='input_8_7' >Code Postal<span class='gfield_required'>*<\/span><\/label><div class='ginput_container ginput_container_text'><input name='input_7' id='input_8_7' type='text' value='' class='medium'  tabindex='6'   aria-required=\"true\" aria-invalid=\"false\" \/><\/div><\/li><li id='field_8_6' class='gfield gf_right_half gfield_contains_required field_sublabel_below field_description_below gfield_visibility_visible' ><label class='gfield_label' for='input_8_6' >Ville<span class='gfield_required'>*<\/span><\/label><div class='ginput_container ginput_container_text'><input name='input_6' id='input_8_6' type='text' value='' class='medium'  tabindex='7'   aria-required=\"true\" aria-invalid=\"false\" \/><\/div><\/li><li id='field_8_9' class='gfield gf_right_half gfield_contains_required field_sublabel_below field_description_below gfield_visibility_visible' ><label class='gfield_label' for='input_8_9' >Votre projet<span class='gfield_required'>*<\/span><\/label><div class='ginput_container ginput_container_select'><select name='input_9' id='input_8_9'  class='medium gfield_select' tabindex='8'  aria-required=\"true\" aria-invalid=\"false\"><option value='' ><\/option><option value='Achat de votre r\u00e9sidence principale' >Achat de votre r\u00e9sidence principale<\/option><option value='Achat locatif - D\u00e9fiscalisation' >Achat locatif - D\u00e9fiscalisation<\/option><option value='Achat r\u00e9sidence secondaire' >Achat r\u00e9sidence secondaire<\/option><option value='Pr\u00eat travaux' >Pr\u00eat travaux<\/option><option value='Pr\u00eat professionnel' >Pr\u00eat professionnel<\/option><option value='Ren\u00e9gociation de pr\u00eat' >Ren\u00e9gociation de pr\u00eat<\/option><option value='Rachats de cr\u00e9dits' >Rachats de cr\u00e9dits<\/option><option value='Ren\u00e9gociation assurance de pr\u00eat' >Ren\u00e9gociation assurance de pr\u00eat<\/option><option value='Rachat de soulte' >Rachat de soulte<\/option><option value='Auto\/Moto etc' >Auto\/Moto etc<\/option><option value='Besoin en tr\u00e9sorerie' >Besoin en tr\u00e9sorerie<\/option><option value='Financement divers (Etude, loisirs...)' >Financement divers (Etude, loisirs...)<\/option><option value='Equipements de la maison' >Equipements de la maison<\/option><\/select><\/div><\/li><li id='field_8_8' class='gfield field_sublabel_below field_description_below gfield_visibility_visible' ><label class='gfield_label' for='input_8_8' >Votre Demande<\/label><div class='ginput_container ginput_container_textarea'><textarea name='input_8' id='input_8_8' class='textarea medium' tabindex='9'    aria-invalid=\"false\"   rows='10' cols='50'><\/textarea><\/div><\/li><li id='field_8_10' class='gfield field_sublabel_below field_description_above hidden_label gfield_visibility_visible' ><label class='gfield_label' for='input_8_10' ><\/label><div class='gfield_description'>Cryptogramme Anti-spam<\/div><div class='gfield_captcha_container'><img class='gfield_captcha' src='https:\/\/pressetaux.fr\/valenciennes\/wp-content\/uploads\/sites\/2\/gravity_forms\/0-60d762a3e00d6bee00eef10ce7701d88\/853772811.png' alt='' width='23' height='28' \/><img class='gfield_captcha' src='https:\/\/pressetaux.fr\/valenciennes\/wp-content\/uploads\/sites\/2\/gravity_forms\/0-60d762a3e00d6bee00eef10ce7701d88\/193989861.png' alt='' width='23' height='28' \/><img class='gfield_captcha' src='https:\/\/pressetaux.fr\/valenciennes\/wp-content\/uploads\/sites\/2\/gravity_forms\/0-60d762a3e00d6bee00eef10ce7701d88\/2058111560.png' alt='' width='23' height='28' \/><div class='gfield_captcha_input_container math_small'><input type='text' name='input_10' id='input_8_10' tabindex='10'\/><input type='hidden' name='input_captcha_prefix_10' value='853772811,193989861,2058111560' \/><\/div><\/div><\/li><li id='field_8_11' class='gfield note gfield_html gfield_html_formatted field_sublabel_below field_description_below gfield_visibility_visible' >Merci de faire le calcul avant de valider.<\/li>\n                            <\/ul><\/div>\n        <div class='gform_footer top_label'> <input type='image' src='https:\/\/pressetaux.fr\/wp-content\/themes\/pressetaux\/images\/envoyer.png' id='gform_submit_button_8' class='gform_button gform_image_button' alt='Envoyer' tabindex='11' onclick='if(window[\"gf_submitting_8\"]){return false;}  window[\"gf_submitting_8\"]=true;  ' onkeypress='if( event.keyCode == 13 ){ if(window[\"gf_submitting_8\"]){return false;} window[\"gf_submitting_8\"]=true;  jQuery(\"#gform_8\").trigger(\"submit\",[true]); }' \/> \n            <input type='hidden' class='gform_hidden' name='is_submit_8' value='1' \/>\n            <input type='hidden' class='gform_hidden' name='gform_submit' value='8' \/>\n            \n            <input type='hidden' class='gform_hidden' name='gform_unique_id' value='' \/>\n            <input type='hidden' class='gform_hidden' name='state_8' value='WyJbXSIsImVmNTFkODU0NGU0ZmRhYmRmOTM0ZWQ1MGU2ODk2NjQ3Il0=' \/>\n            <input type='hidden' class='gform_hidden' name='gform_target_page_number_8' id='gform_target_page_number_8' value='0' \/>\n            <input type='hidden' class='gform_hidden' name='gform_source_page_number_8' id='gform_source_page_number_8' value='1' \/>\n            <input type='hidden' name='gform_field_values' value='' \/>\n            \n        <\/div>\n                        <p style=\"display: none !important;\"><label>&#916;<textarea name=\"ak_hp_textarea\" cols=\"45\" rows=\"8\" maxlength=\"100\"><\/textarea><\/label><input type=\"hidden\" id=\"ak_js\" name=\"ak_js\" value=\"143\"\/><script>document.getElementById( \"ak_js\" ).setAttribute( \"value\", ( new Date() ).getTime() );<\/script><\/p><\/form>\n                        <\/div><script type='text\/javascript'> jQuery(document).bind('gform_post_render', function(event, formId, currentPage){if(formId == 8) {if(!\/(android)\/i.test(navigator.userAgent)){jQuery('#input_8_15').mask('99 99 99 99 99').bind('keypress', function(e){if(e.which == 13){jQuery(this).blur();} } );}jQuery( document ).on( 'submit.gravityforms', '.gform_wrapper form', function( event ) {\n\tjQuery( '<input>' ).attr( 'type', 'hidden' )\n\t\t.attr( 'name', 'gf_zero_spam_key' )\n\t\t.attr( 'value', 'LW4PbJ1YGo*#E20khV*I$QLh54e(fdeW6VJCu#Q$px4gG*liqS)lPFp7Mdc5BE*#' )\n\t\t.appendTo( jQuery( this ) );\n} );} } );jQuery(document).bind('gform_post_conditional_logic', function(event, formId, fields, isInit){} );<\/script><script type='text\/javascript'> jQuery(document).ready(function(){jQuery(document).trigger('gform_post_render', [8, 1]) } ); <\/script>[\/vc_column][vc_column width=\u00a0\u00bb1\/2&Prime;][vc_column_text]Ce <strong>formulaire<\/strong> simple et tr\u00e8s rapide \u00e0 remplir vous permet de prendre contact avec votre courtier en cr\u00e9dit n\u00e9goci\u00e9 du r\u00e9seau <strong>PresseTaux<\/strong>. Vos demandes seront trait\u00e9es dans le plus strict respect du secret bancaire par votre courtier le plus proche.<br \/>\nMerci de d\u00e9tailler dans la partie \u00ab\u00a0Votre Demande\u00a0\u00bb, l\u2019ensemble des informations qu\u2019il vous para\u00eet utile de nous transmettre.<\/p>\n<p>Chaque <strong>projet<\/strong> est unique et m\u00e9rite toute notre attention, c\u2019est pourquoi vous ne devez pas h\u00e9siter \u00e0 nous solliciter quelque soit votre demande. Dans le r\u00e9seau des courtiers en cr\u00e9dit n\u00e9goci\u00e9 PresseTaux il n\u2019y a pas de gros ou de petits projets\u00a0!<br \/>\nNos <strong>courtiers<\/strong> vous contacteront dans les plus brefs d\u00e9lais pour vous proposer un rendez-vous gratuit \u00e0 domicile ou dans leur bureau, permettant d\u2019\u00e9tudier au mieux les diff\u00e9rents pr\u00eats immobiliers (<a href=\"https:\/\/pressetaux.fr\/pret-immobilier\/\">Retrouvez-ici tous les cr\u00e9dits immobiliers<\/a>) qui s\u2019offrent \u00e0 vous.<\/p>\n<p><strong>A bient\u00f4t,<br \/>\nles courtiers du r\u00e9seau PresseTaux.<\/strong>[\/vc_column_text][\/vc_column][\/vc_row][vc_row][vc_column][vc_text_separator title=\u00a0\u00bbSatisfaction de nos clients\u00a0\u00bb color=\u00a0\u00bborange\u00a0\u00bb][vc_column_text]Ils nous ont fait confiance, retrouvez leurs avis et t\u00e9moignages sur : <a href=\"https:\/\/www.google.fr\/search?q=PresseTaux+Valenciennes&amp;client=safari&amp;source=hp&amp;ei=KmO4YbeOGY-qa5Kdu4AG&amp;iflsig=ALs-wAMAAAAAYbhxOrHwGDiU8T-5nQEbcGFlLqqYvTFY&amp;ved=0ahUKEwi3y5e5_OL0AhUP1RoKHZLODmAQ4dUDCAs&amp;uact=5&amp;oq=PresseTaux+Valenciennes&amp;gs_lcp=Cgdnd3Mtd2l6EAMyCwguEIAEEMcBEK8BMgIIJjoLCAAQgAQQsQMQgwE6EQguEIAEELEDEIMBEMcBEKMCOg4ILhCABBCxAxDHARDRAzoLCC4QgAQQsQMQgwE6CwguEIAEEMcBEKMCOggIABCABBCxAzoOCC4QgAQQsQMQxwEQowI6BQgAEIAEOggIABCxAxCDAToICC4QgAQQsQM6BQguEIAEOgQILhADOgsIABCxAxCDARDJAzoHCAAQgAQQCjoHCCEQChCgAVAAWMguYMgyaAJwAHgAgAHNAogBzhWSAQkxMy4xMS4wLjGYAQCgAQE&amp;sclient=gws-wiz#lrd=0x47c2ed938fb00e97:0x9a0ef89905ed4099,1,,,\">Google<\/a>, <a href=\"https:\/\/pressetaux.fr\/valenciennes\/category\/temoignagesblog\/\">Nos t\u00e9moignages<\/a> et <a href=\"https:\/\/www.facebook.com\/pressetauxvalenciennes\/reviews\/?ref=page_internal&amp;locale=fr_FR\">Facebook<\/a>[\/vc_column_text][\/vc_column][\/vc_row][vc_row][vc_column][vc_text_separator title=\u00a0\u00bbNotre programme de parrainage\u00a0\u00bb color=\u00a0\u00bborange\u00a0\u00bb][vc_column_text]Nos clients nous ont fait confiance, leur satisfaction est notre priorit\u00e9.<br \/>\nGr\u00e2ce \u00e0 notre programme de parrainage, nos clients b\u00e9n\u00e9ficient d&rsquo;un bon d&rsquo;achat pour tout dossier finalis\u00e9.<br \/>\n<strong>Parrainez un de vos proches, c&rsquo;est tr\u00e8s simple, <a href=\"https:\/\/pressetaux.fr\/valenciennes\/parrainez-vos-amis\/\">cliquez-ici !<\/a><\/strong>[\/vc_column_text][\/vc_column][\/vc_row]<\/p>\n","protected":false},"excerpt":{"rendered":"<p>[vc_row][vc_column][vc_empty_space height=\u00a0\u00bb5px\u00a0\u00bb][\/vc_column][\/vc_row][vc_row][vc_column offset=\u00a0\u00bbvc_hidden-sm vc_hidden-xs\u00a0\u00bb][vc_single_image image=\u00a0\u00bb1324&Prime; img_size=\u00a0\u00bbfull\u00a0\u00bb alignment=\u00a0\u00bbcenter\u00a0\u00bb][\/vc_column][\/vc_row][vc_row][vc_column offset=\u00a0\u00bbvc_hidden-lg vc_hidden-md\u00a0\u00bb][vc_column_text]Remplissez ce formulaire, votre courtier s&rsquo;engage \u00e0 vous r\u00e9pondre au plus vite, sans aucune obligation et dans le strict secret bancaire.[\/vc_column_text][\/vc_column][\/vc_row][vc_row][vc_column][vc_column_text] Les informations recueillies sur ce formulaire sont enregistr\u00e9es dans un fichier informatis\u00e9 par la SAS SM COM et sont destin\u00e9es exclusivement au r\u00e9seau PresseTaux. Conform\u00e9ment \u00e0 la loi \u00ab\u00a0informatique et libert\u00e9s\u00a0\u00bb du 06 janvier 1978, vous pouvez exercer votre droit d&rsquo;acc\u00e8s aux donn\u00e9es vous concernant et les faire rectifier (voir modalit\u00e9s dans les mentions l\u00e9gales (Cliquez-ici). [\/vc_column_text][\/vc_column][\/vc_row][vc_row][vc_column width=\u00a0\u00bb1\/2&Prime;][\/vc_column][vc_column width=\u00a0\u00bb1\/2&Prime;][vc_column_text]Ce formulaire simple et tr\u00e8s rapide \u00e0 remplir vous permet de prendre contact avec votre courtier en cr\u00e9dit n\u00e9goci\u00e9 du r\u00e9seau PresseTaux. Vos demandes seront trait\u00e9es dans le plus strict respect du secret bancaire par votre courtier le plus proche. Merci de d\u00e9tailler dans la partie \u00ab\u00a0Votre Demande\u00a0\u00bb, l\u2019ensemble des informations qu\u2019il vous para\u00eet utile de nous transmettre. Chaque projet est unique et m\u00e9rite toute notre attention, c\u2019est pourquoi vous ne devez pas h\u00e9siter \u00e0 nous solliciter quelque soit votre demande. Dans le r\u00e9seau des courtiers en cr\u00e9dit n\u00e9goci\u00e9 PresseTaux il n\u2019y a pas de gros ou de petits projets\u00a0! Nos courtiers vous contacteront dans les plus brefs d\u00e9lais pour vous proposer un rendez-vous gratuit \u00e0 domicile ou dans leur bureau, permettant d\u2019\u00e9tudier au mieux les diff\u00e9rents pr\u00eats immobiliers (Retrouvez-ici tous les cr\u00e9dits immobiliers) qui s\u2019offrent \u00e0 vous. A bient\u00f4t, les courtiers du r\u00e9seau PresseTaux.[\/vc_column_text][\/vc_column][\/vc_row][vc_row][vc_column][vc_text_separator title=\u00a0\u00bbSatisfaction de nos clients\u00a0\u00bb color=\u00a0\u00bborange\u00a0\u00bb][vc_column_text]Ils nous ont fait confiance, retrouvez leurs avis et t\u00e9moignages sur : Google, Nos t\u00e9moignages et Facebook[\/vc_column_text][\/vc_column][\/vc_row][vc_row][vc_column][vc_text_separator title=\u00a0\u00bbNotre programme de parrainage\u00a0\u00bb color=\u00a0\u00bborange\u00a0\u00bb][vc_column_text]Nos clients nous ont fait confiance, leur satisfaction est notre priorit\u00e9. Gr\u00e2ce \u00e0 notre programme de parrainage, nos clients b\u00e9n\u00e9ficient d&rsquo;un bon d&rsquo;achat pour tout dossier finalis\u00e9. Parrainez un de vos proches, c&rsquo;est tr\u00e8s simple, cliquez-ici ![\/vc_column_text][\/vc_column][\/vc_row]<\/p>\n","protected":false},"author":8,"featured_media":0,"parent":0,"menu_order":0,"comment_status":"closed","ping_status":"closed","template":"","meta":{"_genesis_hide_title":false,"_genesis_hide_breadcrumbs":false,"_genesis_hide_singular_image":false,"_genesis_hide_footer_widgets":false,"_genesis_custom_body_class":"","_genesis_custom_post_class":"","_genesis_layout":""},"yoast_head":"<!-- This site is optimized with the Yoast SEO plugin v17.8 - https:\/\/yoast.com\/wordpress\/plugins\/seo\/ -->\n<title>Contactez-nous : PresseTaux courtier en cr\u00e9dit immobilier<\/title>\n<meta name=\"description\" content=\"Vous avez un projet immobilier, vous souhaitez ren\u00e9gocier votre taux, contactez votre courtier en cr\u00e9dit immobilier sur Valenciennes...\" \/>\n<meta name=\"robots\" content=\"index, follow, max-snippet:-1, max-image-preview:large, max-video-preview:-1\" \/>\n<link rel=\"canonical\" href=\"https:\/\/pressetaux.fr\/valenciennes\/contactez\/\" \/>\n<meta property=\"og:locale\" content=\"fr_FR\" \/>\n<meta property=\"og:type\" content=\"article\" \/>\n<meta property=\"og:title\" content=\"Contactez-nous : PresseTaux courtier en cr\u00e9dit immobilier\" \/>\n<meta property=\"og:description\" content=\"Vous avez un projet immobilier, vous souhaitez ren\u00e9gocier votre taux, contactez votre courtier en cr\u00e9dit immobilier sur Valenciennes...\" \/>\n<meta property=\"og:url\" content=\"https:\/\/pressetaux.fr\/valenciennes\/contactez\/\" \/>\n<meta property=\"og:site_name\" content=\"PresseTaux Valenciennes\" \/>\n<meta property=\"article:publisher\" content=\"https:\/\/www.facebook.com\/pressetauxvalenciennes?locale=fr_FR\" \/>\n<meta property=\"article:modified_time\" content=\"2022-05-09T13:22:57+00:00\" \/>\n<meta property=\"og:image\" content=\"https:\/\/pressetaux.fr\/valenciennes\/wp-content\/uploads\/sites\/2\/2020\/11\/LogoPressetaux.png\" \/>\n\t<meta property=\"og:image:width\" content=\"488\" \/>\n\t<meta property=\"og:image:height\" content=\"278\" \/>\n<meta name=\"twitter:label1\" content=\"Dur\u00e9e de lecture estim\u00e9e\" \/>\n\t<meta name=\"twitter:data1\" content=\"2 minutes\" \/>\n<script type=\"application\/ld+json\" class=\"yoast-schema-graph\">{\"@context\":\"https:\/\/schema.org\",\"@graph\":[{\"@type\":\"Organization\",\"@id\":\"https:\/\/pressetaux.fr\/valenciennes\/#organization\",\"name\":\"PresseTaux Valenciennes\",\"url\":\"https:\/\/pressetaux.fr\/valenciennes\/\",\"sameAs\":[\"https:\/\/www.facebook.com\/pressetauxvalenciennes?locale=fr_FR\"],\"logo\":{\"@type\":\"ImageObject\",\"@id\":\"https:\/\/pressetaux.fr\/valenciennes\/#logo\",\"inLanguage\":\"fr-FR\",\"url\":\"https:\/\/pressetaux.fr\/valenciennes\/wp-content\/uploads\/sites\/2\/2020\/11\/LogoPressetaux.png\",\"contentUrl\":\"https:\/\/pressetaux.fr\/valenciennes\/wp-content\/uploads\/sites\/2\/2020\/11\/LogoPressetaux.png\",\"width\":488,\"height\":278,\"caption\":\"PresseTaux Valenciennes\"},\"image\":{\"@id\":\"https:\/\/pressetaux.fr\/valenciennes\/#logo\"}},{\"@type\":\"WebSite\",\"@id\":\"https:\/\/pressetaux.fr\/valenciennes\/#website\",\"url\":\"https:\/\/pressetaux.fr\/valenciennes\/\",\"name\":\"PresseTaux Valenciennes\",\"description\":\"COURTIER EN CREDIT\",\"publisher\":{\"@id\":\"https:\/\/pressetaux.fr\/valenciennes\/#organization\"},\"potentialAction\":[{\"@type\":\"SearchAction\",\"target\":{\"@type\":\"EntryPoint\",\"urlTemplate\":\"https:\/\/pressetaux.fr\/valenciennes\/?s={search_term_string}\"},\"query-input\":\"required name=search_term_string\"}],\"inLanguage\":\"fr-FR\"},{\"@type\":\"WebPage\",\"@id\":\"https:\/\/pressetaux.fr\/valenciennes\/contactez\/#webpage\",\"url\":\"https:\/\/pressetaux.fr\/valenciennes\/contactez\/\",\"name\":\"Contactez-nous : PresseTaux courtier en cr\\u00e9dit immobilier\",\"isPartOf\":{\"@id\":\"https:\/\/pressetaux.fr\/valenciennes\/#website\"},\"datePublished\":\"2015-09-30T12:25:45+00:00\",\"dateModified\":\"2022-05-09T13:22:57+00:00\",\"description\":\"Vous avez un projet immobilier, vous souhaitez ren\\u00e9gocier votre taux, contactez votre courtier en cr\\u00e9dit immobilier sur Valenciennes...\",\"breadcrumb\":{\"@id\":\"https:\/\/pressetaux.fr\/valenciennes\/contactez\/#breadcrumb\"},\"inLanguage\":\"fr-FR\",\"potentialAction\":[{\"@type\":\"ReadAction\",\"target\":[\"https:\/\/pressetaux.fr\/valenciennes\/contactez\/\"]}]},{\"@type\":\"BreadcrumbList\",\"@id\":\"https:\/\/pressetaux.fr\/valenciennes\/contactez\/#breadcrumb\",\"itemListElement\":[{\"@type\":\"ListItem\",\"position\":1,\"name\":\"Votre projet\"}]}]}<\/script>\n<!-- \/ Yoast SEO plugin. -->","yoast_head_json":{"title":"Contactez-nous : PresseTaux courtier en cr\u00e9dit immobilier","description":"Vous avez un projet immobilier, vous souhaitez ren\u00e9gocier votre taux, contactez votre courtier en cr\u00e9dit immobilier sur Valenciennes...","robots":{"index":"index","follow":"follow","max-snippet":"max-snippet:-1","max-image-preview":"max-image-preview:large","max-video-preview":"max-video-preview:-1"},"canonical":"https:\/\/pressetaux.fr\/valenciennes\/contactez\/","og_locale":"fr_FR","og_type":"article","og_title":"Contactez-nous : PresseTaux courtier en cr\u00e9dit immobilier","og_description":"Vous avez un projet immobilier, vous souhaitez ren\u00e9gocier votre taux, contactez votre courtier en cr\u00e9dit immobilier sur Valenciennes...","og_url":"https:\/\/pressetaux.fr\/valenciennes\/contactez\/","og_site_name":"PresseTaux Valenciennes","article_publisher":"https:\/\/www.facebook.com\/pressetauxvalenciennes?locale=fr_FR","article_modified_time":"2022-05-09T13:22:57+00:00","og_image":[{"width":488,"height":278,"url":"https:\/\/pressetaux.fr\/valenciennes\/wp-content\/uploads\/sites\/2\/2020\/11\/LogoPressetaux.png","type":"image\/png"}],"twitter_misc":{"Dur\u00e9e de lecture estim\u00e9e":"2 minutes"},"schema":{"@context":"https:\/\/schema.org","@graph":[{"@type":"Organization","@id":"https:\/\/pressetaux.fr\/valenciennes\/#organization","name":"PresseTaux Valenciennes","url":"https:\/\/pressetaux.fr\/valenciennes\/","sameAs":["https:\/\/www.facebook.com\/pressetauxvalenciennes?locale=fr_FR"],"logo":{"@type":"ImageObject","@id":"https:\/\/pressetaux.fr\/valenciennes\/#logo","inLanguage":"fr-FR","url":"https:\/\/pressetaux.fr\/valenciennes\/wp-content\/uploads\/sites\/2\/2020\/11\/LogoPressetaux.png","contentUrl":"https:\/\/pressetaux.fr\/valenciennes\/wp-content\/uploads\/sites\/2\/2020\/11\/LogoPressetaux.png","width":488,"height":278,"caption":"PresseTaux Valenciennes"},"image":{"@id":"https:\/\/pressetaux.fr\/valenciennes\/#logo"}},{"@type":"WebSite","@id":"https:\/\/pressetaux.fr\/valenciennes\/#website","url":"https:\/\/pressetaux.fr\/valenciennes\/","name":"PresseTaux Valenciennes","description":"COURTIER EN CREDIT","publisher":{"@id":"https:\/\/pressetaux.fr\/valenciennes\/#organization"},"potentialAction":[{"@type":"SearchAction","target":{"@type":"EntryPoint","urlTemplate":"https:\/\/pressetaux.fr\/valenciennes\/?s={search_term_string}"},"query-input":"required name=search_term_string"}],"inLanguage":"fr-FR"},{"@type":"WebPage","@id":"https:\/\/pressetaux.fr\/valenciennes\/contactez\/#webpage","url":"https:\/\/pressetaux.fr\/valenciennes\/contactez\/","name":"Contactez-nous : PresseTaux courtier en cr\u00e9dit immobilier","isPartOf":{"@id":"https:\/\/pressetaux.fr\/valenciennes\/#website"},"datePublished":"2015-09-30T12:25:45+00:00","dateModified":"2022-05-09T13:22:57+00:00","description":"Vous avez un projet immobilier, vous souhaitez ren\u00e9gocier votre taux, contactez votre courtier en cr\u00e9dit immobilier sur Valenciennes...","breadcrumb":{"@id":"https:\/\/pressetaux.fr\/valenciennes\/contactez\/#breadcrumb"},"inLanguage":"fr-FR","potentialAction":[{"@type":"ReadAction","target":["https:\/\/pressetaux.fr\/valenciennes\/contactez\/"]}]},{"@type":"BreadcrumbList","@id":"https:\/\/pressetaux.fr\/valenciennes\/contactez\/#breadcrumb","itemListElement":[{"@type":"ListItem","position":1,"name":"Votre projet"}]}]}},"_links":{"self":[{"href":"https:\/\/pressetaux.fr\/valenciennes\/wp-json\/wp\/v2\/pages\/775"}],"collection":[{"href":"https:\/\/pressetaux.fr\/valenciennes\/wp-json\/wp\/v2\/pages"}],"about":[{"href":"https:\/\/pressetaux.fr\/valenciennes\/wp-json\/wp\/v2\/types\/page"}],"author":[{"embeddable":true,"href":"https:\/\/pressetaux.fr\/valenciennes\/wp-json\/wp\/v2\/users\/8"}],"replies":[{"embeddable":true,"href":"https:\/\/pressetaux.fr\/valenciennes\/wp-json\/wp\/v2\/comments?post=775"}],"version-history":[{"count":0,"href":"https:\/\/pressetaux.fr\/valenciennes\/wp-json\/wp\/v2\/pages\/775\/revisions"}],"wp:attachment":[{"href":"https:\/\/pressetaux.fr\/valenciennes\/wp-json\/wp\/v2\/media?parent=775"}],"curies":[{"name":"wp","href":"https:\/\/api.w.org\/{rel}","templated":true}]}}